{"id":196452,"date":"2025-03-23T11:06:55","date_gmt":"2025-03-23T11:06:55","guid":{"rendered":"https:\/\/aromasentia.com\/product\/shell-silver-earrings-flip-flops-abalone\/"},"modified":"2025-06-22T02:54:35","modified_gmt":"2025-06-22T02:54:35","slug":"oereringe-i-muslingeskaller-og-soelv-flip-flops-abalone","status":"publish","type":"product","link":"https:\/\/aromasentia.com\/da\/oereringe-i-muslingeskaller-og-soelv-flip-flops-abalone\/","title":{"rendered":"\u00d8reringe I muslingeskaller Og S\u00f8lv &#8211; Flip-Flops &#8211; Abalone"},"content":{"rendered":"<p>Skal- og s\u00f8lv\u00f8reringe &#8211; Tre hjerter &#8211; MOP, hylde- og s\u00f8lv\u00f8reringe &#8211; Hvis du er interesseret i s\u00f8lvsmykker, er du kommet til det rette sted. Overrask dine kunder med disse absolut bed\u00e5rende og unikke engros\u00f8reringe, der er k\u00e6rligt fremstillet p\u00e5 Bali. Smukke \u00f8reringe er h\u00e5ndlavede af 925 s\u00f8lv og hyldedele.<\/p>\n<p>Leveres i fine headerkort, der er individuelt pakket og stregkodet. \u00d8reringene vejer ca. 3-6 g, alle st\u00f8rrelser vises under de enkelte produkter.<\/p>\n","protected":false},"excerpt":{"rendered":"<p>Skal- og s\u00f8lv\u00f8reringe &#8211; Tre hjerter &#8211; MOP, hylde- og s\u00f8lv\u00f8reringe &#8211; Hvis du er interesseret i s\u00f8lvsmykker, er du kommet til det rette sted. Overrask dine kunder med disse absolut bed\u00e5rende og unikke engros\u00f8reringe, der er k\u00e6rligt fremstillet p\u00e5 Bali. Smukke \u00f8reringe er h\u00e5ndlavede af 925 s\u00f8lv og hyldedele. Leveres i fine headerkort, der [&hellip;]<\/p>\n","protected":false},"featured_media":429949,"comment_status":"closed","ping_status":"open","template":"","meta":{"_angie_page":false},"product_brand":[],"product_cat":[5738],"product_tag":[],"class_list":{"0":"post-196452","1":"product","2":"type-product","3":"status-publish","4":"has-post-thumbnail","6":"product_cat-smykker-og-accessories","7":"pa_made-in-indonesien","9":"first","10":"outofstock","11":"purchasable","12":"product-type-simple"},"supplier_id":null,"supplier_sku":"SSE-08","barcode":null,"atum_controlled":true,"out_stock_date":"2026-04-25 16:39:33","out_stock_threshold":null,"inheritable":false,"inbound_stock":null,"stock_on_hold":0,"sold_today":0,"sales_last_days":0,"reserved_stock":null,"customer_returns":null,"warehouse_damage":null,"lost_in_post":null,"other_logs":null,"out_stock_days":0,"lost_sales":0,"has_location":null,"update_date":"2026-04-27T07:23:15","atum_locations":[],"atum_stock_status":"outofstock","restock_status":false,"low_stock_amount":"","sales_update_date":"2026-01-30T01:24:31","calc_backorders":null,"_links":{"self":[{"href":"https:\/\/aromasentia.com\/da\/wp-json\/wp\/v2\/product\/196452","targetHints":{"allow":["GET"]}}],"collection":[{"href":"https:\/\/aromasentia.com\/da\/wp-json\/wp\/v2\/product"}],"about":[{"href":"https:\/\/aromasentia.com\/da\/wp-json\/wp\/v2\/types\/product"}],"replies":[{"embeddable":true,"href":"https:\/\/aromasentia.com\/da\/wp-json\/wp\/v2\/comments?post=196452"}],"version-history":[{"count":0,"href":"https:\/\/aromasentia.com\/da\/wp-json\/wp\/v2\/product\/196452\/revisions"}],"wp:featuredmedia":[{"embeddable":true,"href":"https:\/\/aromasentia.com\/da\/wp-json\/wp\/v2\/media\/429949"}],"wp:attachment":[{"href":"https:\/\/aromasentia.com\/da\/wp-json\/wp\/v2\/media?parent=196452"}],"wp:term":[{"taxonomy":"product_brand","embeddable":true,"href":"https:\/\/aromasentia.com\/da\/wp-json\/wp\/v2\/product_brand?post=196452"},{"taxonomy":"product_cat","embeddable":true,"href":"https:\/\/aromasentia.com\/da\/wp-json\/wp\/v2\/product_cat?post=196452"},{"taxonomy":"product_tag","embeddable":true,"href":"https:\/\/aromasentia.com\/da\/wp-json\/wp\/v2\/product_tag?post=196452"}],"curies":[{"name":"wp","href":"https:\/\/api.w.org\/{rel}","templated":true}]}}