{"id":196446,"date":"2025-03-23T11:07:03","date_gmt":"2025-03-23T11:07:03","guid":{"rendered":"https:\/\/aromasentia.com\/product\/wide-flat-necklace-display-28x18x9cm\/"},"modified":"2025-06-22T02:54:33","modified_gmt":"2025-06-22T02:54:33","slug":"bredt-fladt-halskaede-display-28x18x9cm","status":"publish","type":"product","link":"https:\/\/aromasentia.com\/da\/bredt-fladt-halskaede-display-28x18x9cm\/","title":{"rendered":"Bredt Fladt Halsk\u00e6de-Display 28X18X9cm"},"content":{"rendered":"<p>Vores Wide Flat Necklace Display er en alsidig og stilfuld l\u00f8sning til fremvisning af din halsk\u00e6dekollektion. Den gener\u00f8se, flade overflade, der er betrukket med <strong>bl\u00f8dt bl\u00e5gr\u00f8nt fl\u00f8jl<\/strong>, giver en luksuri\u00f8s og sikker baggrund for dine smykker.&nbsp;<\/p>\n<p>Den <strong>naturlige tr\u00e6ramme<\/strong> tilf\u00f8jer et strejf af varme og raffinement, der supplerer en r\u00e6kke forskellige interi\u00f8r\u00e6stetikker. Dette display er designet til at rumme en bred vifte af halsk\u00e6destilarter, fra delikate k\u00e6der til statement-smykker, s\u00e5 du kan skabe en visuelt tiltalende og organiseret pr\u00e6sentation. <\/p>\n<p>.<\/p>\n","protected":false},"excerpt":{"rendered":"<p>Vores Wide Flat Necklace Display er en alsidig og stilfuld l\u00f8sning til fremvisning af din halsk\u00e6dekollektion. Den gener\u00f8se, flade overflade, der er betrukket med bl\u00f8dt bl\u00e5gr\u00f8nt fl\u00f8jl, giver en luksuri\u00f8s og sikker baggrund for dine smykker.&nbsp; Den naturlige tr\u00e6ramme tilf\u00f8jer et strejf af varme og raffinement, der supplerer en r\u00e6kke forskellige interi\u00f8r\u00e6stetikker. Dette display er [&hellip;]<\/p>\n","protected":false},"featured_media":431807,"comment_status":"closed","ping_status":"open","template":"","meta":{"_angie_page":false},"product_brand":[],"product_cat":[25212,5738],"product_tag":[],"class_list":{"0":"post-196446","1":"product","2":"type-product","3":"status-publish","4":"has-post-thumbnail","6":"product_cat-halskaeder-og-vedhaeng","7":"product_cat-smykker-og-accessories","8":"pa_collection-velvet-jewellery-displays-da","9":"pa_made-in-kina","11":"first","12":"instock","13":"purchasable","14":"product-type-simple"},"supplier_id":null,"supplier_sku":"VJD-12","barcode":null,"atum_controlled":true,"out_stock_date":null,"out_stock_threshold":null,"inheritable":false,"inbound_stock":null,"stock_on_hold":0,"sold_today":0,"sales_last_days":0,"reserved_stock":null,"customer_returns":null,"warehouse_damage":null,"lost_in_post":null,"other_logs":null,"out_stock_days":0,"lost_sales":0,"has_location":null,"update_date":"2026-05-08T05:21:29","atum_locations":[],"atum_stock_status":"instock","restock_status":false,"low_stock_amount":"","sales_update_date":"2026-02-06T00:02:07","calc_backorders":null,"_links":{"self":[{"href":"https:\/\/aromasentia.com\/da\/wp-json\/wp\/v2\/product\/196446","targetHints":{"allow":["GET"]}}],"collection":[{"href":"https:\/\/aromasentia.com\/da\/wp-json\/wp\/v2\/product"}],"about":[{"href":"https:\/\/aromasentia.com\/da\/wp-json\/wp\/v2\/types\/product"}],"replies":[{"embeddable":true,"href":"https:\/\/aromasentia.com\/da\/wp-json\/wp\/v2\/comments?post=196446"}],"version-history":[{"count":0,"href":"https:\/\/aromasentia.com\/da\/wp-json\/wp\/v2\/product\/196446\/revisions"}],"wp:featuredmedia":[{"embeddable":true,"href":"https:\/\/aromasentia.com\/da\/wp-json\/wp\/v2\/media\/431807"}],"wp:attachment":[{"href":"https:\/\/aromasentia.com\/da\/wp-json\/wp\/v2\/media?parent=196446"}],"wp:term":[{"taxonomy":"product_brand","embeddable":true,"href":"https:\/\/aromasentia.com\/da\/wp-json\/wp\/v2\/product_brand?post=196446"},{"taxonomy":"product_cat","embeddable":true,"href":"https:\/\/aromasentia.com\/da\/wp-json\/wp\/v2\/product_cat?post=196446"},{"taxonomy":"product_tag","embeddable":true,"href":"https:\/\/aromasentia.com\/da\/wp-json\/wp\/v2\/product_tag?post=196446"}],"curies":[{"name":"wp","href":"https:\/\/api.w.org\/{rel}","templated":true}]}}