{"id":196441,"date":"2025-03-23T11:07:03","date_gmt":"2025-03-23T11:07:03","guid":{"rendered":"https:\/\/aromasentia.com\/product\/small-teardrop-necklace-display-19x13cm\/"},"modified":"2025-06-22T02:54:31","modified_gmt":"2025-06-22T02:54:31","slug":"lille-draabeformet-halskaede-display-19x13cm","status":"publish","type":"product","link":"https:\/\/aromasentia.com\/da\/lille-draabeformet-halskaede-display-19x13cm\/","title":{"rendered":"Lille Dr\u00e5beformet Halsk\u00e6de-Display 19X13cm"},"content":{"rendered":"<p>Vores Small Teardrop Necklace Display er en f\u00e6ngslende og innovativ l\u00f8sning til fremvisning af delikate halsk\u00e6der. Inspireret af den naturlige elegance i en vanddr\u00e5be er dette display et bevis p\u00e5 moderne design og funktionalitet. Den <strong>unikke dr\u00e5beform<\/strong>, der er fremstillet af varmt, naturligt tr\u00e6, giver en sl\u00e5ende kontrast til den <strong>bl\u00f8de, bl\u00e5gr\u00f8nne fl\u00f8jlspude<\/strong>, der vugger dine halsk\u00e6der.<\/p>\n<p>Med en st\u00f8rrelse p\u00e5 <strong>19 cm x 13 cm<\/strong> er dette kompakte display perfekt til at fremvise mindre, mere komplicerede halsk\u00e6der. Kombinationen af tr\u00e6 og fl\u00f8jl skaber en sofistikeret \u00e6stetik, der passer til mange forskellige butiksmilj\u00f8er.<\/p>\n<p>Dette display beskytter ikke kun dine smykker, men g\u00f8r dem ogs\u00e5 mere attraktive, hvilket g\u00f8r det til et uundv\u00e6rligt v\u00e6rkt\u00f8j for enhver smykkeforhandler, der \u00f8nsker at g\u00f8re et mindev\u00e6rdigt indtryk.<\/p>\n","protected":false},"excerpt":{"rendered":"<p>Vores Small Teardrop Necklace Display er en f\u00e6ngslende og innovativ l\u00f8sning til fremvisning af delikate halsk\u00e6der. Inspireret af den naturlige elegance i en vanddr\u00e5be er dette display et bevis p\u00e5 moderne design og funktionalitet. Den unikke dr\u00e5beform, der er fremstillet af varmt, naturligt tr\u00e6, giver en sl\u00e5ende kontrast til den bl\u00f8de, bl\u00e5gr\u00f8nne fl\u00f8jlspude, der vugger [&hellip;]<\/p>\n","protected":false},"featured_media":431626,"comment_status":"closed","ping_status":"open","template":"","meta":{"_angie_page":false},"product_brand":[],"product_cat":[25212,5738],"product_tag":[],"class_list":{"0":"post-196441","1":"product","2":"type-product","3":"status-publish","4":"has-post-thumbnail","6":"product_cat-halskaeder-og-vedhaeng","7":"product_cat-smykker-og-accessories","8":"pa_collection-velvet-jewellery-displays-da","9":"pa_made-in-kina","11":"first","12":"instock","13":"purchasable","14":"product-type-simple"},"supplier_id":null,"supplier_sku":"VJD-07","barcode":null,"atum_controlled":true,"out_stock_date":null,"out_stock_threshold":null,"inheritable":false,"inbound_stock":null,"stock_on_hold":0,"sold_today":0,"sales_last_days":0,"reserved_stock":null,"customer_returns":null,"warehouse_damage":null,"lost_in_post":null,"other_logs":null,"out_stock_days":0,"lost_sales":0,"has_location":null,"update_date":"2026-04-27T07:26:25","atum_locations":[],"atum_stock_status":"instock","restock_status":false,"low_stock_amount":"","sales_update_date":"2026-02-06T00:00:44","calc_backorders":null,"_links":{"self":[{"href":"https:\/\/aromasentia.com\/da\/wp-json\/wp\/v2\/product\/196441","targetHints":{"allow":["GET"]}}],"collection":[{"href":"https:\/\/aromasentia.com\/da\/wp-json\/wp\/v2\/product"}],"about":[{"href":"https:\/\/aromasentia.com\/da\/wp-json\/wp\/v2\/types\/product"}],"replies":[{"embeddable":true,"href":"https:\/\/aromasentia.com\/da\/wp-json\/wp\/v2\/comments?post=196441"}],"version-history":[{"count":0,"href":"https:\/\/aromasentia.com\/da\/wp-json\/wp\/v2\/product\/196441\/revisions"}],"wp:featuredmedia":[{"embeddable":true,"href":"https:\/\/aromasentia.com\/da\/wp-json\/wp\/v2\/media\/431626"}],"wp:attachment":[{"href":"https:\/\/aromasentia.com\/da\/wp-json\/wp\/v2\/media?parent=196441"}],"wp:term":[{"taxonomy":"product_brand","embeddable":true,"href":"https:\/\/aromasentia.com\/da\/wp-json\/wp\/v2\/product_brand?post=196441"},{"taxonomy":"product_cat","embeddable":true,"href":"https:\/\/aromasentia.com\/da\/wp-json\/wp\/v2\/product_cat?post=196441"},{"taxonomy":"product_tag","embeddable":true,"href":"https:\/\/aromasentia.com\/da\/wp-json\/wp\/v2\/product_tag?post=196441"}],"curies":[{"name":"wp","href":"https:\/\/api.w.org\/{rel}","templated":true}]}}