{"id":196435,"date":"2025-03-23T11:07:03","date_gmt":"2025-03-23T11:07:03","guid":{"rendered":"https:\/\/aromasentia.com\/product\/twelve-compartment-display-tray-35x24cm\/"},"modified":"2025-06-22T02:54:27","modified_gmt":"2025-06-22T02:54:27","slug":"displaybakke-med-tolv-rum-35x24-cm","status":"publish","type":"product","link":"https:\/\/aromasentia.com\/da\/displaybakke-med-tolv-rum-35x24-cm\/","title":{"rendered":"Displaybakke med Tolv Rum 35X24 cm"},"content":{"rendered":"<p>Denne elegante og alsidige fl\u00f8jlsbakke er perfekt til fremvisning af en r\u00e6kke forskellige smykker. Den har <strong>tolv rum af samme st\u00f8rrelse<\/strong>, s\u00e5 du kan organisere og fremvise dine <strong>\u00f8reringe, ringe, halsk\u00e6der og armb\u00e5nd<\/strong> p\u00e5 en p\u00e6n m\u00e5de. Bakken er <strong>foret med bl\u00f8dt, bl\u00e5gr\u00f8nt fl\u00f8jl for at beskytte smykkerne<\/strong> og tilf\u00f8je et strejf af luksus. Den naturlige tr\u00e6ramme giver et varmt og indbydende touch. Denne bakke er ideel til brug i smykkeforretninger, butikker og i hjemmet.<\/p>\n<p><em>Dimensioner: 35 cm x 24 cm<\/em><\/p>\n","protected":false},"excerpt":{"rendered":"<p>Denne elegante og alsidige fl\u00f8jlsbakke er perfekt til fremvisning af en r\u00e6kke forskellige smykker. Den har tolv rum af samme st\u00f8rrelse, s\u00e5 du kan organisere og fremvise dine \u00f8reringe, ringe, halsk\u00e6der og armb\u00e5nd p\u00e5 en p\u00e6n m\u00e5de. Bakken er foret med bl\u00f8dt, bl\u00e5gr\u00f8nt fl\u00f8jl for at beskytte smykkerne og tilf\u00f8je et strejf af luksus. Den [&hellip;]<\/p>\n","protected":false},"featured_media":431468,"comment_status":"closed","ping_status":"open","template":"","meta":{"_angie_page":false},"product_brand":[],"product_cat":[5738],"product_tag":[],"class_list":{"0":"post-196435","1":"product","2":"type-product","3":"status-publish","4":"has-post-thumbnail","6":"product_cat-smykker-og-accessories","7":"pa_collection-velvet-jewellery-displays-da","8":"pa_made-in-kina","10":"first","11":"instock","12":"purchasable","13":"product-type-simple"},"supplier_id":null,"supplier_sku":"VJD-01","barcode":null,"atum_controlled":true,"out_stock_date":null,"out_stock_threshold":null,"inheritable":false,"inbound_stock":null,"stock_on_hold":0,"sold_today":0,"sales_last_days":0,"reserved_stock":null,"customer_returns":null,"warehouse_damage":null,"lost_in_post":null,"other_logs":null,"out_stock_days":0,"lost_sales":0,"has_location":null,"update_date":"2026-04-27T07:26:25","atum_locations":[],"atum_stock_status":"instock","restock_status":false,"low_stock_amount":"","sales_update_date":"2026-01-20T05:14:33","calc_backorders":null,"_links":{"self":[{"href":"https:\/\/aromasentia.com\/da\/wp-json\/wp\/v2\/product\/196435","targetHints":{"allow":["GET"]}}],"collection":[{"href":"https:\/\/aromasentia.com\/da\/wp-json\/wp\/v2\/product"}],"about":[{"href":"https:\/\/aromasentia.com\/da\/wp-json\/wp\/v2\/types\/product"}],"replies":[{"embeddable":true,"href":"https:\/\/aromasentia.com\/da\/wp-json\/wp\/v2\/comments?post=196435"}],"version-history":[{"count":0,"href":"https:\/\/aromasentia.com\/da\/wp-json\/wp\/v2\/product\/196435\/revisions"}],"wp:featuredmedia":[{"embeddable":true,"href":"https:\/\/aromasentia.com\/da\/wp-json\/wp\/v2\/media\/431468"}],"wp:attachment":[{"href":"https:\/\/aromasentia.com\/da\/wp-json\/wp\/v2\/media?parent=196435"}],"wp:term":[{"taxonomy":"product_brand","embeddable":true,"href":"https:\/\/aromasentia.com\/da\/wp-json\/wp\/v2\/product_brand?post=196435"},{"taxonomy":"product_cat","embeddable":true,"href":"https:\/\/aromasentia.com\/da\/wp-json\/wp\/v2\/product_cat?post=196435"},{"taxonomy":"product_tag","embeddable":true,"href":"https:\/\/aromasentia.com\/da\/wp-json\/wp\/v2\/product_tag?post=196435"}],"curies":[{"name":"wp","href":"https:\/\/api.w.org\/{rel}","templated":true}]}}