{"id":196431,"date":"2025-03-23T11:07:03","date_gmt":"2025-03-23T11:07:03","guid":{"rendered":"https:\/\/aromasentia.com\/product\/temple-string-bracelet-journey-of-life\/"},"modified":"2025-06-22T02:54:25","modified_gmt":"2025-06-22T02:54:25","slug":"tempel-armbaand-med-snor-livets-rejse","status":"publish","type":"product","link":"https:\/\/aromasentia.com\/da\/tempel-armbaand-med-snor-livets-rejse\/","title":{"rendered":"Tempel Armb\u00e5nd med Snor &#8211; Livets Rejse"},"content":{"rendered":"<p><strong><span style=\"color: rgb(75, 80, 88);\">Tr\u00e6d ind i en verden af spirituel vidunder med disse tempelsnorarmb\u00e5nd.<\/span><\/strong><\/p>\n<p><span style=\"color: rgb(75, 80, 88);\">Disse er ikke bare tilbeh\u00f8r; de er dine kunders Guider til selvopdagelse og oplysning, direkte fra hjertet af Indonesien.<\/span><\/p>\n<p><span style=\"color: rgb(75, 80, 88);\">Hvert tempelsnor-armb\u00e5nd er unisex og one-size-fits-all takket v\u00e6re en justerbar snor, der komfortabelt passer til ethvert h\u00e5ndled.<\/span><\/p>\n<p><span style=\"color: rgb(75, 80, 88);\">Den charmerende papirposeemballage har et fortryllende tempelbillede og armb\u00e5ndets navn. Plus, en kort beskrivelse p\u00e5 engelsk lader dig guide dine kunder til det perfekte armb\u00e5nd til deres behov.<\/span><\/p>\n<p><span style=\"color: rgb(75, 80, 88);\"><strong>B\u00e6r dette armb\u00e5nd for at holde tingene i perspektiv. <\/strong><\/span><\/p>\n<p><span style=\"color: rgb(75, 80, 88);\">Dit armb\u00e5nd er lavet med Tri Datu-tempeltr\u00e5d. Dette er et symbol p\u00e5 b\u00e5ndet mellem tre livsrejser i denne verden, som er f\u00f8dsel, liv og d\u00f8d. Tri betyder tre, og Datu betyder styrke, s\u00e5 Tri Datu betyder tre styrkers kr\u00e6fter. De guddommelige tre kr\u00e6fter i at skabe gennem f\u00f8dsel, opretholdelse i livet og tilbagevenden til naturens oprindelse i d\u00f8den. S\u00e5 ved at huske p\u00e5 hele livets rejse kan vi undg\u00e5 negative tanker og t\u00e6nke klogere. I n\u00e6sten alle templer p\u00e5 Bali gives Tri Datu-tr\u00e5de til alle, der minder os om livets rejse.<\/span><\/p>\n","protected":false},"excerpt":{"rendered":"<p>Tr\u00e6d ind i en verden af spirituel vidunder med disse tempelsnorarmb\u00e5nd. Disse er ikke bare tilbeh\u00f8r; de er dine kunders Guider til selvopdagelse og oplysning, direkte fra hjertet af Indonesien. Hvert tempelsnor-armb\u00e5nd er unisex og one-size-fits-all takket v\u00e6re en justerbar snor, der komfortabelt passer til ethvert h\u00e5ndled. Den charmerende papirposeemballage har et fortryllende tempelbillede og [&hellip;]<\/p>\n","protected":false},"featured_media":431296,"comment_status":"closed","ping_status":"open","template":"","meta":[],"product_brand":[],"product_cat":[25211,5738],"product_tag":[],"class_list":{"0":"post-196431","1":"product","2":"type-product","3":"status-publish","4":"has-post-thumbnail","6":"product_cat-armband-smykker-og-accessories","7":"product_cat-smykker-og-accessories","8":"pa_collection-temple-string-bracelet-da","9":"pa_made-in-indonesien","11":"first","12":"instock","13":"purchasable","14":"product-type-simple"},"supplier_id":null,"supplier_sku":"TSJ-05","barcode":null,"atum_controlled":true,"out_stock_date":null,"out_stock_threshold":null,"inheritable":false,"inbound_stock":null,"stock_on_hold":0,"sold_today":0,"sales_last_days":0,"reserved_stock":null,"customer_returns":null,"warehouse_damage":null,"lost_in_post":null,"other_logs":null,"out_stock_days":0,"lost_sales":0,"has_location":null,"update_date":"2026-02-02T08:37:59","atum_locations":[],"atum_stock_status":"instock","restock_status":false,"low_stock_amount":"","sales_update_date":"2026-01-30T01:25:49","calc_backorders":null,"_links":{"self":[{"href":"https:\/\/aromasentia.com\/da\/wp-json\/wp\/v2\/product\/196431","targetHints":{"allow":["GET"]}}],"collection":[{"href":"https:\/\/aromasentia.com\/da\/wp-json\/wp\/v2\/product"}],"about":[{"href":"https:\/\/aromasentia.com\/da\/wp-json\/wp\/v2\/types\/product"}],"replies":[{"embeddable":true,"href":"https:\/\/aromasentia.com\/da\/wp-json\/wp\/v2\/comments?post=196431"}],"version-history":[{"count":0,"href":"https:\/\/aromasentia.com\/da\/wp-json\/wp\/v2\/product\/196431\/revisions"}],"wp:featuredmedia":[{"embeddable":true,"href":"https:\/\/aromasentia.com\/da\/wp-json\/wp\/v2\/media\/431296"}],"wp:attachment":[{"href":"https:\/\/aromasentia.com\/da\/wp-json\/wp\/v2\/media?parent=196431"}],"wp:term":[{"taxonomy":"product_brand","embeddable":true,"href":"https:\/\/aromasentia.com\/da\/wp-json\/wp\/v2\/product_brand?post=196431"},{"taxonomy":"product_cat","embeddable":true,"href":"https:\/\/aromasentia.com\/da\/wp-json\/wp\/v2\/product_cat?post=196431"},{"taxonomy":"product_tag","embeddable":true,"href":"https:\/\/aromasentia.com\/da\/wp-json\/wp\/v2\/product_tag?post=196431"}],"curies":[{"name":"wp","href":"https:\/\/api.w.org\/{rel}","templated":true}]}}