{"id":196429,"date":"2025-03-23T11:07:03","date_gmt":"2025-03-23T11:07:03","guid":{"rendered":"https:\/\/aromasentia.com\/product\/temple-string-bracelet-protection-fortune\/"},"modified":"2025-06-22T02:54:24","modified_gmt":"2025-06-22T02:54:24","slug":"temple-string-armbaand-beskyttelse-og-lykke","status":"publish","type":"product","link":"https:\/\/aromasentia.com\/da\/temple-string-armbaand-beskyttelse-og-lykke\/","title":{"rendered":"Temple String Armb\u00e5nd &#8211; Beskyttelse Og Lykke"},"content":{"rendered":"<p><strong><span style=\"color: rgb(75, 80, 88);\">Tr\u00e6d ind i en verden af spirituel vidunder med disse tempelsnorarmb\u00e5nd.<\/span><\/strong><\/p>\n<p><span style=\"color: rgb(75, 80, 88);\">Disse er ikke bare tilbeh\u00f8r; de er dine kunders Guider til selvopdagelse og oplysning, direkte fra hjertet af Indonesien.<\/span><\/p>\n<p><span style=\"color: rgb(75, 80, 88);\">Hvert tempelsnor-armb\u00e5nd er unisex og one-size-fits-all takket v\u00e6re en justerbar snor, der komfortabelt passer til ethvert h\u00e5ndled.<\/span><\/p>\n<p><span style=\"color: rgb(75, 80, 88);\">Den charmerende papirposeemballage har et fortryllende tempelbillede og armb\u00e5ndets navn. Plus en kort beskrivelse p\u00e5 engelsk lader dig guide dine kunder til det perfekte armb\u00e5nd til deres behov.<\/span><\/p>\n<p><span style=\"color: rgb(75, 80, 88);\"><strong>B\u00e6r dette armb\u00e5nd for at tiltr\u00e6kke held og beskyttelse mod ondskab.<\/strong><\/span><\/p>\n<p><span style=\"color: rgb(75, 80, 88);\">Denne amulet beskytter sin b\u00e6rer mod den intense karmiske skade for\u00e5rsaget af onde tanker og d\u00e5rlige f\u00f8lelser. Dette lille, men kraftfulde stykke materiale, der b\u00e6res fra f\u00f8dslen i mange kulturer, er kendt for at afv\u00e6rge negativitet og fjerne den fra dine omgivelser. Ofte parret med andre lige s\u00e5 kraftfulde charme, s\u00e5som denne Buddha, er snoren den ultimative forst\u00e6rker af karma og gode vibrationer. Buddhas oplysning er allestedsn\u00e6rv\u00e6rende og giver styrke til at opfylde dr\u00f8mme og n\u00e5 vores fulde potentiale.<\/span><\/p>\n","protected":false},"excerpt":{"rendered":"<p>Tr\u00e6d ind i en verden af spirituel vidunder med disse tempelsnorarmb\u00e5nd. Disse er ikke bare tilbeh\u00f8r; de er dine kunders Guider til selvopdagelse og oplysning, direkte fra hjertet af Indonesien. Hvert tempelsnor-armb\u00e5nd er unisex og one-size-fits-all takket v\u00e6re en justerbar snor, der komfortabelt passer til ethvert h\u00e5ndled. Den charmerende papirposeemballage har et fortryllende tempelbillede og [&hellip;]<\/p>\n","protected":false},"featured_media":431214,"comment_status":"closed","ping_status":"open","template":"","meta":[],"product_brand":[],"product_cat":[25211,5738],"product_tag":[],"class_list":{"0":"post-196429","1":"product","2":"type-product","3":"status-publish","4":"has-post-thumbnail","6":"product_cat-armband-smykker-og-accessories","7":"product_cat-smykker-og-accessories","8":"pa_collection-temple-string-bracelet-da","9":"pa_made-in-indonesien","11":"first","12":"instock","13":"purchasable","14":"product-type-simple"},"supplier_id":null,"supplier_sku":"TSJ-03","barcode":null,"atum_controlled":true,"out_stock_date":null,"out_stock_threshold":null,"inheritable":false,"inbound_stock":null,"stock_on_hold":0,"sold_today":0,"sales_last_days":0,"reserved_stock":null,"customer_returns":null,"warehouse_damage":null,"lost_in_post":null,"other_logs":null,"out_stock_days":0,"lost_sales":0,"has_location":null,"update_date":"2026-02-05T22:43:31","atum_locations":[],"atum_stock_status":"instock","restock_status":false,"low_stock_amount":"","sales_update_date":"2026-01-20T05:13:57","calc_backorders":null,"_links":{"self":[{"href":"https:\/\/aromasentia.com\/da\/wp-json\/wp\/v2\/product\/196429","targetHints":{"allow":["GET"]}}],"collection":[{"href":"https:\/\/aromasentia.com\/da\/wp-json\/wp\/v2\/product"}],"about":[{"href":"https:\/\/aromasentia.com\/da\/wp-json\/wp\/v2\/types\/product"}],"replies":[{"embeddable":true,"href":"https:\/\/aromasentia.com\/da\/wp-json\/wp\/v2\/comments?post=196429"}],"version-history":[{"count":0,"href":"https:\/\/aromasentia.com\/da\/wp-json\/wp\/v2\/product\/196429\/revisions"}],"wp:featuredmedia":[{"embeddable":true,"href":"https:\/\/aromasentia.com\/da\/wp-json\/wp\/v2\/media\/431214"}],"wp:attachment":[{"href":"https:\/\/aromasentia.com\/da\/wp-json\/wp\/v2\/media?parent=196429"}],"wp:term":[{"taxonomy":"product_brand","embeddable":true,"href":"https:\/\/aromasentia.com\/da\/wp-json\/wp\/v2\/product_brand?post=196429"},{"taxonomy":"product_cat","embeddable":true,"href":"https:\/\/aromasentia.com\/da\/wp-json\/wp\/v2\/product_cat?post=196429"},{"taxonomy":"product_tag","embeddable":true,"href":"https:\/\/aromasentia.com\/da\/wp-json\/wp\/v2\/product_tag?post=196429"}],"curies":[{"name":"wp","href":"https:\/\/api.w.org\/{rel}","templated":true}]}}