{"id":196427,"date":"2025-03-23T11:07:03","date_gmt":"2025-03-23T11:07:03","guid":{"rendered":"https:\/\/aromasentia.com\/product\/temple-string-bracelet-power-of-belief\/"},"modified":"2025-06-22T02:54:24","modified_gmt":"2025-06-22T02:54:24","slug":"tempel-armbaand-med-snor-troens-kraft","status":"publish","type":"product","link":"https:\/\/aromasentia.com\/da\/tempel-armbaand-med-snor-troens-kraft\/","title":{"rendered":"Tempel Armb\u00e5nd med Snor &#8211; Troens Kraft"},"content":{"rendered":"<p><strong><span style=\"color: rgb(75, 80, 88);\">Tr\u00e6d ind i en verden af spirituel vidunder med disse tempelsnorarmb\u00e5nd.<\/span><\/strong><\/p>\n<p><span style=\"color: rgb(75, 80, 88);\">Disse er ikke bare tilbeh\u00f8r; de er dine kunders Guider til selvopdagelse og oplysning, direkte fra hjertet af Indonesien.<\/span><\/p>\n<p><span style=\"color: rgb(75, 80, 88);\">Hvert tempelstrengsarmb\u00e5nd er unisex og one-size-fits-all takket v\u00e6re en justerbar snor, der komfortabelt passer til ethvert h\u00e5ndled.<\/span><\/p>\n<p><span style=\"color: rgb(75, 80, 88);\">Den charmerende papirposeemballage har et fortryllende tempelbillede og armb\u00e5ndets navn. Plus en kort beskrivelse p\u00e5 engelsk lader dig guide dine kunder til det perfekte armb\u00e5nd til deres behov.<\/span><\/p>\n<p><span style=\"color: rgb(75, 80, 88);\"><strong>B\u00e6r armb\u00e5ndet for at finde din tro og k\u00e6rlighed til livet.<\/strong><\/span><\/p>\n<p><span style=\"color: rgb(75, 80, 88);\">Dit tempelstrengsarmb\u00e5nd er inspireret af Pane Datu fra hinduistisk filosofi. Betyder kraften i fem overbevisninger, som er symboliseret i fem farver: gul, r\u00f8d, sort, gr\u00f8n og hvid. Gul symboliserer lykke. R\u00f8d k\u00e6rlighed og f\u00f8lelser. Den sorte tr\u00e5d symboliserer ondskab, men ogs\u00e5 beskyttelse. Den gr\u00f8nne viser jordens farver og indikerer s\u00e5ledes fred, enkelhed og perfektion. Disse grundfarver bruges normalt som fundament for at l\u00e6gge den f\u00f8rste sten, n\u00e5r man bygger et tempel (sammen med de fem forskellige metaller), hvilket g\u00f8r det muligt at bruge templet officielt til b\u00f8n.<\/p>\n","protected":false},"excerpt":{"rendered":"<p>Tr\u00e6d ind i en verden af spirituel vidunder med disse tempelsnorarmb\u00e5nd. Disse er ikke bare tilbeh\u00f8r; de er dine kunders Guider til selvopdagelse og oplysning, direkte fra hjertet af Indonesien. Hvert tempelstrengsarmb\u00e5nd er unisex og one-size-fits-all takket v\u00e6re en justerbar snor, der komfortabelt passer til ethvert h\u00e5ndled. Den charmerende papirposeemballage har et fortryllende tempelbillede og [&hellip;]<\/p>\n","protected":false},"featured_media":431132,"comment_status":"closed","ping_status":"open","template":"","meta":[],"product_brand":[],"product_cat":[25211,5738],"product_tag":[],"class_list":{"0":"post-196427","1":"product","2":"type-product","3":"status-publish","4":"has-post-thumbnail","6":"product_cat-armband-smykker-og-accessories","7":"product_cat-smykker-og-accessories","8":"pa_collection-temple-string-bracelet-da","9":"pa_made-in-indonesien","11":"first","12":"instock","13":"purchasable","14":"product-type-simple"},"supplier_id":null,"supplier_sku":"TSJ-01","barcode":null,"atum_controlled":true,"out_stock_date":null,"out_stock_threshold":null,"inheritable":false,"inbound_stock":null,"stock_on_hold":0,"sold_today":0,"sales_last_days":0,"reserved_stock":null,"customer_returns":null,"warehouse_damage":null,"lost_in_post":null,"other_logs":null,"out_stock_days":0,"lost_sales":0,"has_location":null,"update_date":"2026-02-02T08:35:56","atum_locations":[],"atum_stock_status":"instock","restock_status":false,"low_stock_amount":"","sales_update_date":"2026-01-30T01:25:48","calc_backorders":null,"_links":{"self":[{"href":"https:\/\/aromasentia.com\/da\/wp-json\/wp\/v2\/product\/196427","targetHints":{"allow":["GET"]}}],"collection":[{"href":"https:\/\/aromasentia.com\/da\/wp-json\/wp\/v2\/product"}],"about":[{"href":"https:\/\/aromasentia.com\/da\/wp-json\/wp\/v2\/types\/product"}],"replies":[{"embeddable":true,"href":"https:\/\/aromasentia.com\/da\/wp-json\/wp\/v2\/comments?post=196427"}],"version-history":[{"count":0,"href":"https:\/\/aromasentia.com\/da\/wp-json\/wp\/v2\/product\/196427\/revisions"}],"wp:featuredmedia":[{"embeddable":true,"href":"https:\/\/aromasentia.com\/da\/wp-json\/wp\/v2\/media\/431132"}],"wp:attachment":[{"href":"https:\/\/aromasentia.com\/da\/wp-json\/wp\/v2\/media?parent=196427"}],"wp:term":[{"taxonomy":"product_brand","embeddable":true,"href":"https:\/\/aromasentia.com\/da\/wp-json\/wp\/v2\/product_brand?post=196427"},{"taxonomy":"product_cat","embeddable":true,"href":"https:\/\/aromasentia.com\/da\/wp-json\/wp\/v2\/product_cat?post=196427"},{"taxonomy":"product_tag","embeddable":true,"href":"https:\/\/aromasentia.com\/da\/wp-json\/wp\/v2\/product_tag?post=196427"}],"curies":[{"name":"wp","href":"https:\/\/api.w.org\/{rel}","templated":true}]}}