{"id":196424,"date":"2025-03-23T11:07:03","date_gmt":"2025-03-23T11:07:03","guid":{"rendered":"https:\/\/aromasentia.com\/product\/tree-of-life-silver-earrings-15mm-coral-effect\/"},"modified":"2025-06-22T02:54:23","modified_gmt":"2025-06-22T02:54:23","slug":"livets-trae-soelvoereringe-15-mm-koraleffekt","status":"publish","type":"product","link":"https:\/\/aromasentia.com\/da\/livets-trae-soelvoereringe-15-mm-koraleffekt\/","title":{"rendered":"Livets Tr\u00e6 S\u00f8lv\u00f8reringe 15 mm &#8211; Koraleffekt"},"content":{"rendered":"<p>Symbolske s\u00f8lvsmykker med livets tr\u00e6, en f\u00f8lelsesladet gave til en person, der elsker us\u00e6dvanlige, \u00e6teriske smykker, der fort\u00e6ller en historie.<\/p>\n<p>Livets tr\u00e6 er et universelt symbol, der findes i mange spirituelle og mytologiske traditioner rundt om i verden. Det repr\u00e6senterer mange ting, herunder helbredelse, beskyttelse, styrke, gavmildhed og sk\u00f8nhed. Et dristigt anderledes smykke, helt ulig noget, man kan finde p\u00e5 hovedgaden.<\/p>\n","protected":false},"excerpt":{"rendered":"<p>Symbolske s\u00f8lvsmykker med livets tr\u00e6, en f\u00f8lelsesladet gave til en person, der elsker us\u00e6dvanlige, \u00e6teriske smykker, der fort\u00e6ller en historie. Livets tr\u00e6 er et universelt symbol, der findes i mange spirituelle og mytologiske traditioner rundt om i verden. Det repr\u00e6senterer mange ting, herunder helbredelse, beskyttelse, styrke, gavmildhed og sk\u00f8nhed. Et dristigt anderledes smykke, helt ulig [&hellip;]<\/p>\n","protected":false},"featured_media":431033,"comment_status":"closed","ping_status":"open","template":"","meta":{"_angie_page":false},"product_brand":[],"product_cat":[5738],"product_tag":[],"class_list":{"0":"post-196424","1":"product","2":"type-product","3":"status-publish","4":"has-post-thumbnail","6":"product_cat-smykker-og-accessories","7":"pa_collection-tree-of-life-925-silver-jewellery-da","8":"pa_made-in-indonesien","10":"first","11":"instock","12":"purchasable","13":"product-type-simple"},"supplier_id":null,"supplier_sku":"TOLSP-07","barcode":null,"atum_controlled":true,"out_stock_date":null,"out_stock_threshold":null,"inheritable":false,"inbound_stock":null,"stock_on_hold":0,"sold_today":0,"sales_last_days":0,"reserved_stock":null,"customer_returns":null,"warehouse_damage":null,"lost_in_post":null,"other_logs":null,"out_stock_days":0,"lost_sales":0,"has_location":null,"update_date":"2026-04-27T07:25:10","atum_locations":[],"atum_stock_status":"instock","restock_status":false,"low_stock_amount":"","sales_update_date":"2026-01-30T01:24:24","calc_backorders":null,"_links":{"self":[{"href":"https:\/\/aromasentia.com\/da\/wp-json\/wp\/v2\/product\/196424","targetHints":{"allow":["GET"]}}],"collection":[{"href":"https:\/\/aromasentia.com\/da\/wp-json\/wp\/v2\/product"}],"about":[{"href":"https:\/\/aromasentia.com\/da\/wp-json\/wp\/v2\/types\/product"}],"replies":[{"embeddable":true,"href":"https:\/\/aromasentia.com\/da\/wp-json\/wp\/v2\/comments?post=196424"}],"version-history":[{"count":0,"href":"https:\/\/aromasentia.com\/da\/wp-json\/wp\/v2\/product\/196424\/revisions"}],"wp:featuredmedia":[{"embeddable":true,"href":"https:\/\/aromasentia.com\/da\/wp-json\/wp\/v2\/media\/431033"}],"wp:attachment":[{"href":"https:\/\/aromasentia.com\/da\/wp-json\/wp\/v2\/media?parent=196424"}],"wp:term":[{"taxonomy":"product_brand","embeddable":true,"href":"https:\/\/aromasentia.com\/da\/wp-json\/wp\/v2\/product_brand?post=196424"},{"taxonomy":"product_cat","embeddable":true,"href":"https:\/\/aromasentia.com\/da\/wp-json\/wp\/v2\/product_cat?post=196424"},{"taxonomy":"product_tag","embeddable":true,"href":"https:\/\/aromasentia.com\/da\/wp-json\/wp\/v2\/product_tag?post=196424"}],"curies":[{"name":"wp","href":"https:\/\/api.w.org\/{rel}","templated":true}]}}