{"id":196414,"date":"2025-03-23T11:53:37","date_gmt":"2025-03-23T11:53:37","guid":{"rendered":"https:\/\/aromasentia.com\/product\/bali-dreamcatcher-small-round-turq-pink-purp\/"},"modified":"2025-06-22T02:54:15","modified_gmt":"2025-06-22T02:54:15","slug":"bali-droemmefangere-lille-rund-turkis-lyseroed-purp","status":"publish","type":"product","link":"https:\/\/aromasentia.com\/da\/bali-droemmefangere-lille-rund-turkis-lyseroed-purp\/","title":{"rendered":"Bali Dr\u00f8mmefangere &#8211; Lille Rund &#8211; Turkis\/Lyser\u00f8d\/Purp"},"content":{"rendered":"<p>Denne h\u00e5ndlavede dr\u00f8mmefanger har en 6,5 cm rund tr\u00e6snor, der er h\u00e5ndviklet med turkis, pink og lilla ruskindssnor, efterfulgt af seks 7 cm lange fjer i samme farve, der er h\u00e6ngt p\u00e5 ruskindssnor. Hjertet har snore i samme farve med en lille perle i midten.<\/p>\n<p>&#8211; H\u00e5ndlavet dr\u00f8mmefanger<\/p>\n<p>&#8211; \u00d8verste ring 6,5 cm i diameter<\/p>\n<p>&#8211; Total oph\u00e6ngningsl\u00e6ngde ca. 22 cm<\/p>\n<p>&#8211; Leveres med et lille kort, der forklarer dr\u00f8mmefangerens legende<\/p>\n<p><\/p>\n<p>Denne dr\u00f8mmefanger er lavet med k\u00e6rlighed og velsignelser. Sov s\u00f8dt.<\/p>\n","protected":false},"excerpt":{"rendered":"<p>Denne h\u00e5ndlavede dr\u00f8mmefanger har en 6,5 cm rund tr\u00e6snor, der er h\u00e5ndviklet med turkis, pink og lilla ruskindssnor, efterfulgt af seks 7 cm lange fjer i samme farve, der er h\u00e6ngt p\u00e5 ruskindssnor. Hjertet har snore i samme farve med en lille perle i midten. &#8211; H\u00e5ndlavet dr\u00f8mmefanger &#8211; \u00d8verste ring 6,5 cm i diameter [&hellip;]<\/p>\n","protected":false},"featured_media":433984,"comment_status":"closed","ping_status":"open","template":"","meta":[],"product_brand":[],"product_cat":[5591,5592,5571],"product_tag":[],"class_list":{"0":"post-196414","1":"product","2":"type-product","3":"status-publish","4":"has-post-thumbnail","6":"product_cat-hjem-og-have","7":"product_cat-macrame-og-drommefangere","8":"product_cat-vintagegaver-og-souvenirs","9":"pa_collection-bali-dream-catcher-da","10":"pa_made-in-indonesien","12":"first","13":"instock","14":"purchasable","15":"product-type-simple"},"supplier_id":null,"supplier_sku":"BDC-05","barcode":null,"atum_controlled":true,"out_stock_date":null,"out_stock_threshold":null,"inheritable":false,"inbound_stock":null,"stock_on_hold":0,"sold_today":0,"sales_last_days":0,"reserved_stock":null,"customer_returns":null,"warehouse_damage":null,"lost_in_post":null,"other_logs":null,"out_stock_days":0,"lost_sales":0,"has_location":null,"update_date":"2026-02-06T00:02:27","atum_locations":[],"atum_stock_status":"instock","restock_status":false,"low_stock_amount":"","sales_update_date":"2026-02-06T00:02:27","calc_backorders":null,"_links":{"self":[{"href":"https:\/\/aromasentia.com\/da\/wp-json\/wp\/v2\/product\/196414","targetHints":{"allow":["GET"]}}],"collection":[{"href":"https:\/\/aromasentia.com\/da\/wp-json\/wp\/v2\/product"}],"about":[{"href":"https:\/\/aromasentia.com\/da\/wp-json\/wp\/v2\/types\/product"}],"replies":[{"embeddable":true,"href":"https:\/\/aromasentia.com\/da\/wp-json\/wp\/v2\/comments?post=196414"}],"version-history":[{"count":0,"href":"https:\/\/aromasentia.com\/da\/wp-json\/wp\/v2\/product\/196414\/revisions"}],"wp:featuredmedia":[{"embeddable":true,"href":"https:\/\/aromasentia.com\/da\/wp-json\/wp\/v2\/media\/433984"}],"wp:attachment":[{"href":"https:\/\/aromasentia.com\/da\/wp-json\/wp\/v2\/media?parent=196414"}],"wp:term":[{"taxonomy":"product_brand","embeddable":true,"href":"https:\/\/aromasentia.com\/da\/wp-json\/wp\/v2\/product_brand?post=196414"},{"taxonomy":"product_cat","embeddable":true,"href":"https:\/\/aromasentia.com\/da\/wp-json\/wp\/v2\/product_cat?post=196414"},{"taxonomy":"product_tag","embeddable":true,"href":"https:\/\/aromasentia.com\/da\/wp-json\/wp\/v2\/product_tag?post=196414"}],"curies":[{"name":"wp","href":"https:\/\/api.w.org\/{rel}","templated":true}]}}