{"id":196406,"date":"2025-03-23T11:53:37","date_gmt":"2025-03-23T11:53:37","guid":{"rendered":"https:\/\/aromasentia.com\/product\/hand-crafted-double-angel-wing-heart-24cm\/"},"modified":"2025-06-22T02:54:12","modified_gmt":"2025-06-22T02:54:12","slug":"haandlavet-dobbelt-engel-med-vinge-og-hjerte-24-cm","status":"publish","type":"product","link":"https:\/\/aromasentia.com\/da\/haandlavet-dobbelt-engel-med-vinge-og-hjerte-24-cm\/","title":{"rendered":"H\u00e5ndlavet Dobbelt Engel med Vinge Og Hjerte &#8211; 24 cm"},"content":{"rendered":"<p>Englevinger i vintage-stil med tr\u00e6bekl\u00e6dte fjer, h\u00e5ndsk\u00e5ret af b\u00e6redygtigt albesia-tr\u00e6 og f\u00e6rdigbehandlet med en hvidkalket proces. Hver dekoration er bekl\u00e6dt i h\u00e5nden, hvilket giver hvert stykke sin egen unikke karakter.<\/p>\n<p>Disse smukke englevinger er en dejlig gave eller boligdekoration, der ser p\u00e6ne ud, n\u00e5r de h\u00e6nger p\u00e5 en v\u00e6g eller d\u00f8r eller endda stilles op p\u00e5 en hylde. De er ogs\u00e5 en endnu bedre gave, is\u00e6r til d\u00e5b og bryllupper.<\/p>\n","protected":false},"excerpt":{"rendered":"<p>Englevinger i vintage-stil med tr\u00e6bekl\u00e6dte fjer, h\u00e5ndsk\u00e5ret af b\u00e6redygtigt albesia-tr\u00e6 og f\u00e6rdigbehandlet med en hvidkalket proces. Hver dekoration er bekl\u00e6dt i h\u00e5nden, hvilket giver hvert stykke sin egen unikke karakter. Disse smukke englevinger er en dejlig gave eller boligdekoration, der ser p\u00e6ne ud, n\u00e5r de h\u00e6nger p\u00e5 en v\u00e6g eller d\u00f8r eller endda stilles op [&hellip;]<\/p>\n","protected":false},"featured_media":433656,"comment_status":"closed","ping_status":"open","template":"","meta":{"_angie_page":false},"product_brand":[],"product_cat":[5663,5571],"product_tag":[],"class_list":{"0":"post-196406","1":"product","2":"type-product","3":"status-publish","4":"has-post-thumbnail","6":"product_cat-samlefigurer","7":"product_cat-vintagegaver-og-souvenirs","8":"pa_collection-hand-crafted-angel-wings-da","9":"pa_made-in-indonesien","11":"first","12":"instock","13":"purchasable","14":"product-type-simple"},"supplier_id":null,"supplier_sku":"AWL-02","barcode":null,"atum_controlled":true,"out_stock_date":null,"out_stock_threshold":null,"inheritable":false,"inbound_stock":null,"stock_on_hold":0,"sold_today":0,"sales_last_days":0,"reserved_stock":null,"customer_returns":null,"warehouse_damage":null,"lost_in_post":null,"other_logs":null,"out_stock_days":0,"lost_sales":0,"has_location":null,"update_date":"2026-04-27T06:52:34","atum_locations":[],"atum_stock_status":"instock","restock_status":false,"low_stock_amount":"","sales_update_date":"2026-02-06T00:02:02","calc_backorders":null,"_links":{"self":[{"href":"https:\/\/aromasentia.com\/da\/wp-json\/wp\/v2\/product\/196406","targetHints":{"allow":["GET"]}}],"collection":[{"href":"https:\/\/aromasentia.com\/da\/wp-json\/wp\/v2\/product"}],"about":[{"href":"https:\/\/aromasentia.com\/da\/wp-json\/wp\/v2\/types\/product"}],"replies":[{"embeddable":true,"href":"https:\/\/aromasentia.com\/da\/wp-json\/wp\/v2\/comments?post=196406"}],"version-history":[{"count":0,"href":"https:\/\/aromasentia.com\/da\/wp-json\/wp\/v2\/product\/196406\/revisions"}],"wp:featuredmedia":[{"embeddable":true,"href":"https:\/\/aromasentia.com\/da\/wp-json\/wp\/v2\/media\/433656"}],"wp:attachment":[{"href":"https:\/\/aromasentia.com\/da\/wp-json\/wp\/v2\/media?parent=196406"}],"wp:term":[{"taxonomy":"product_brand","embeddable":true,"href":"https:\/\/aromasentia.com\/da\/wp-json\/wp\/v2\/product_brand?post=196406"},{"taxonomy":"product_cat","embeddable":true,"href":"https:\/\/aromasentia.com\/da\/wp-json\/wp\/v2\/product_cat?post=196406"},{"taxonomy":"product_tag","embeddable":true,"href":"https:\/\/aromasentia.com\/da\/wp-json\/wp\/v2\/product_tag?post=196406"}],"curies":[{"name":"wp","href":"https:\/\/api.w.org\/{rel}","templated":true}]}}