{"id":196399,"date":"2025-03-23T11:55:38","date_gmt":"2025-03-23T11:55:38","guid":{"rendered":"https:\/\/aromasentia.com\/product\/bali-dreamcatchers-large-multi-teardrop\/"},"modified":"2025-06-22T02:54:09","modified_gmt":"2025-06-22T02:54:09","slug":"bali-droemmefangere-large-multi-teardrop","status":"publish","type":"product","link":"https:\/\/aromasentia.com\/da\/bali-droemmefangere-large-multi-teardrop\/","title":{"rendered":"Bali Dr\u00f8mmefangere &#8211; Large multi Teardrop"},"content":{"rendered":"<p>Aroma Sentia-ping Dr\u00f8mmefangere. Sandsynligvis den bedste kvalitet og v\u00e6rdi p\u00e5 markedet.<\/p>\n<p>Familiefremstillet til AW p\u00e5 Bali, leveret direkte til dig. Pakket med en mini-infom\u00e6rke, lavet af kvalitetsmaterialer, s\u00e6lges disse hurtigt med en god fremtoning. Forveksles venligst ikke med billigere versioner.<\/p>\n<p>Indf\u00f8dte amerikanere tror, at natten bringer gode og d\u00e5rlige dr\u00f8mme. Dr\u00f8mmefangeren fanger dr\u00f8mmene, n\u00e5r den h\u00e6nger i n\u00e6rheden af din seng. De gode dr\u00f8mme ved, hvordan de skal passere gennem dr\u00f8mmefangeren, mens de d\u00e5rlige dr\u00f8mme, der ikke kender vejen, vikles ind i dr\u00f8mmefangeren og forsvinder ved daggryets f\u00f8rste lys.<\/p>\n<p>P\u00e5 Bali er de lokale i t\u00e6t kontakt med \u00e5ndeverdenen og har taget dr\u00f8mmefangeren til sig og fornyet dens kraft. Denne dr\u00f8mmefanger er lavet med k\u00e6rlighed og velsignelser.<\/p>\n<p>S\u00f8de dr\u00f8mme.<\/p>\n<p><strong>Dr\u00f8mmefangerst\u00f8rrelser:<\/strong> H:50cm B:2cm L:40cm<\/p>\n<p><strong>Rammest\u00f8rrelser:<\/strong>30x40cm Fjerst\u00f8rrelser 15cm<\/p>\n","protected":false},"excerpt":{"rendered":"<p>Aroma Sentia-ping Dr\u00f8mmefangere. Sandsynligvis den bedste kvalitet og v\u00e6rdi p\u00e5 markedet. Familiefremstillet til AW p\u00e5 Bali, leveret direkte til dig. Pakket med en mini-infom\u00e6rke, lavet af kvalitetsmaterialer, s\u00e6lges disse hurtigt med en god fremtoning. Forveksles venligst ikke med billigere versioner. Indf\u00f8dte amerikanere tror, at natten bringer gode og d\u00e5rlige dr\u00f8mme. Dr\u00f8mmefangeren fanger dr\u00f8mmene, n\u00e5r den [&hellip;]<\/p>\n","protected":false},"featured_media":434453,"comment_status":"closed","ping_status":"open","template":"","meta":[],"product_brand":[],"product_cat":[5591,5592,5571],"product_tag":[],"class_list":{"0":"post-196399","1":"product","2":"type-product","3":"status-publish","4":"has-post-thumbnail","6":"product_cat-hjem-og-have","7":"product_cat-macrame-og-drommefangere","8":"product_cat-vintagegaver-og-souvenirs","9":"pa_collection-bali-dream-catcher-da","10":"pa_made-in-indonesien","12":"first","13":"instock","14":"purchasable","15":"product-type-simple"},"supplier_id":null,"supplier_sku":"BDC-18","barcode":null,"atum_controlled":true,"out_stock_date":null,"out_stock_threshold":null,"inheritable":false,"inbound_stock":null,"stock_on_hold":0,"sold_today":0,"sales_last_days":0,"reserved_stock":null,"customer_returns":null,"warehouse_damage":null,"lost_in_post":null,"other_logs":null,"out_stock_days":0,"lost_sales":0,"has_location":null,"update_date":"2026-02-06T00:02:14","atum_locations":[],"atum_stock_status":"instock","restock_status":false,"low_stock_amount":"","sales_update_date":"2026-02-06T00:02:14","calc_backorders":null,"_links":{"self":[{"href":"https:\/\/aromasentia.com\/da\/wp-json\/wp\/v2\/product\/196399","targetHints":{"allow":["GET"]}}],"collection":[{"href":"https:\/\/aromasentia.com\/da\/wp-json\/wp\/v2\/product"}],"about":[{"href":"https:\/\/aromasentia.com\/da\/wp-json\/wp\/v2\/types\/product"}],"replies":[{"embeddable":true,"href":"https:\/\/aromasentia.com\/da\/wp-json\/wp\/v2\/comments?post=196399"}],"version-history":[{"count":0,"href":"https:\/\/aromasentia.com\/da\/wp-json\/wp\/v2\/product\/196399\/revisions"}],"wp:featuredmedia":[{"embeddable":true,"href":"https:\/\/aromasentia.com\/da\/wp-json\/wp\/v2\/media\/434453"}],"wp:attachment":[{"href":"https:\/\/aromasentia.com\/da\/wp-json\/wp\/v2\/media?parent=196399"}],"wp:term":[{"taxonomy":"product_brand","embeddable":true,"href":"https:\/\/aromasentia.com\/da\/wp-json\/wp\/v2\/product_brand?post=196399"},{"taxonomy":"product_cat","embeddable":true,"href":"https:\/\/aromasentia.com\/da\/wp-json\/wp\/v2\/product_cat?post=196399"},{"taxonomy":"product_tag","embeddable":true,"href":"https:\/\/aromasentia.com\/da\/wp-json\/wp\/v2\/product_tag?post=196399"}],"curies":[{"name":"wp","href":"https:\/\/api.w.org\/{rel}","templated":true}]}}