{"id":196396,"date":"2025-03-23T11:55:38","date_gmt":"2025-03-23T11:55:38","guid":{"rendered":"https:\/\/aromasentia.com\/product\/bali-dreamcatcher-xlarge-round-cream-coffee-choc\/"},"modified":"2025-06-22T02:54:06","modified_gmt":"2025-06-22T02:54:06","slug":"bali-droemmefangere-xlarge-round-creme-coffee-choc","status":"publish","type":"product","link":"https:\/\/aromasentia.com\/da\/bali-droemmefangere-xlarge-round-creme-coffee-choc\/","title":{"rendered":"Bali Dr\u00f8mmefangere &#8211; Xlarge Round &#8211; Creme\/Coffee\/Choc"},"content":{"rendered":"<p>Invester i s\u00f8de dr\u00f8mme med denne ekstra store Bali dr\u00f8mmefanger.<\/p>\n<p>Denne h\u00e5ndlavede dr\u00f8mmefanger har en 32 cm tr\u00e6ring, der er h\u00e5ndindpakket i en fl\u00f8de-, kaffe- og chokoladefarvet ruskindssnor, efterfulgt af en 11 cm og tre 9 cm ringe, der er h\u00e6ngt p\u00e5 slidst\u00e6rke snore. Alle ringe har cremefarvede snore med sm\u00e5 tr\u00e6perler, der spiralerer ind mod midten. Nedenunder h\u00e6nger 11 s\u00e6t med 4 fjer.<\/p>\n<p>&#8211; H\u00e5ndlavet dr\u00f8mmefanger<\/p>\n<p>&#8211; \u00d8verste ring 32 cm i diameter<\/p>\n<p>&#8211; Samlet oph\u00e6ngningsl\u00e6ngde ca. 115 cm<\/p>\n<p>&#8211; Leveres med et lille kort, der forklarer dr\u00f8mmefangerens legende<\/p>\n<p>Denne dr\u00f8mmefanger er lavet med k\u00e6rlighed og velsignelser.<\/p>\n","protected":false},"excerpt":{"rendered":"<p>Invester i s\u00f8de dr\u00f8mme med denne ekstra store Bali dr\u00f8mmefanger. Denne h\u00e5ndlavede dr\u00f8mmefanger har en 32 cm tr\u00e6ring, der er h\u00e5ndindpakket i en fl\u00f8de-, kaffe- og chokoladefarvet ruskindssnor, efterfulgt af en 11 cm og tre 9 cm ringe, der er h\u00e6ngt p\u00e5 slidst\u00e6rke snore. Alle ringe har cremefarvede snore med sm\u00e5 tr\u00e6perler, der spiralerer ind [&hellip;]<\/p>\n","protected":false},"featured_media":434306,"comment_status":"closed","ping_status":"open","template":"","meta":[],"product_brand":[],"product_cat":[5591,5592,5571],"product_tag":[],"class_list":{"0":"post-196396","1":"product","2":"type-product","3":"status-publish","4":"has-post-thumbnail","6":"product_cat-hjem-og-have","7":"product_cat-macrame-og-drommefangere","8":"product_cat-vintagegaver-og-souvenirs","9":"pa_collection-bali-dream-catcher-da","10":"pa_made-in-indonesien","12":"first","13":"instock","14":"purchasable","15":"product-type-simple"},"supplier_id":null,"supplier_sku":"BDC-15","barcode":null,"atum_controlled":true,"out_stock_date":null,"out_stock_threshold":null,"inheritable":false,"inbound_stock":null,"stock_on_hold":0,"sold_today":0,"sales_last_days":0,"reserved_stock":null,"customer_returns":null,"warehouse_damage":null,"lost_in_post":null,"other_logs":null,"out_stock_days":0,"lost_sales":0,"has_location":null,"update_date":"2026-02-10T22:34:49","atum_locations":[],"atum_stock_status":"instock","restock_status":false,"low_stock_amount":"","sales_update_date":"2025-10-09T03:26:14","calc_backorders":null,"_links":{"self":[{"href":"https:\/\/aromasentia.com\/da\/wp-json\/wp\/v2\/product\/196396","targetHints":{"allow":["GET"]}}],"collection":[{"href":"https:\/\/aromasentia.com\/da\/wp-json\/wp\/v2\/product"}],"about":[{"href":"https:\/\/aromasentia.com\/da\/wp-json\/wp\/v2\/types\/product"}],"replies":[{"embeddable":true,"href":"https:\/\/aromasentia.com\/da\/wp-json\/wp\/v2\/comments?post=196396"}],"version-history":[{"count":0,"href":"https:\/\/aromasentia.com\/da\/wp-json\/wp\/v2\/product\/196396\/revisions"}],"wp:featuredmedia":[{"embeddable":true,"href":"https:\/\/aromasentia.com\/da\/wp-json\/wp\/v2\/media\/434306"}],"wp:attachment":[{"href":"https:\/\/aromasentia.com\/da\/wp-json\/wp\/v2\/media?parent=196396"}],"wp:term":[{"taxonomy":"product_brand","embeddable":true,"href":"https:\/\/aromasentia.com\/da\/wp-json\/wp\/v2\/product_brand?post=196396"},{"taxonomy":"product_cat","embeddable":true,"href":"https:\/\/aromasentia.com\/da\/wp-json\/wp\/v2\/product_cat?post=196396"},{"taxonomy":"product_tag","embeddable":true,"href":"https:\/\/aromasentia.com\/da\/wp-json\/wp\/v2\/product_tag?post=196396"}],"curies":[{"name":"wp","href":"https:\/\/api.w.org\/{rel}","templated":true}]}}