{"id":196385,"date":"2025-03-23T11:57:20","date_gmt":"2025-03-23T11:57:20","guid":{"rendered":"https:\/\/aromasentia.com\/product\/set-of-3-see-no-hear-no-speak-no-evil-brass-cats\/"},"modified":"2025-06-22T02:54:02","modified_gmt":"2025-06-22T02:54:02","slug":"saet-med-3-se-ikke-hoer-ikke-tal-ikke-ondt-messingkatte","status":"publish","type":"product","link":"https:\/\/aromasentia.com\/da\/saet-med-3-se-ikke-hoer-ikke-tal-ikke-ondt-messingkatte\/","title":{"rendered":"S\u00e6t med 3 &#8211; Se Ikke, H\u00f8r Ikke, Tal Ikke Ondt &#8211; Messingkatte"},"content":{"rendered":"<p>Bring gl\u00e6de og lykke til dine kunders hjem med disse smukke messingkatte. De er ogs\u00e5 et i\u00f8jnefaldende og eksotisk udstillingsobjekt i din butik.<\/p>\n<p>De neutrale farvetoner passer godt til enhver eksisterende boligindretning og tilf\u00f8jer ro og ro til b\u00e5de det indvendige og udvendige design. Klassisk og nem at s\u00e6lge.<\/p>\n<ul style=\"padding: 0px; color: rgb(114, 114, 114); font-family: Ubuntu, sans-serif; font-size: 16px; font-style: normal; font-variant-ligatures: normal; font-variant-caps: normal; font-weight: 400; letter-spacing: normal; orphans: 2; text-align: start; text-indent: 0px; text-transform: none; white-space: normal; widows: 2; word-spacing: 0px; -webkit-text-stroke-width: 0px; text-decoration-thickness: initial; text-decoration-style: initial; text-decoration-color: initial; background-color: rgb(255, 255, 255);\">\n<li>H\u00e5ndlavet genstand<\/li>\n<li>Materiale: Messing<\/li>\n<li>Smukt statement stykke.<\/li>\n<\/ul>\n<p>St\u00f8rrelse p\u00e5 kattene:<\/p>\n<p>Tale nej &#8211; 7,8 cm<\/p>\n<p>H\u00f8re nej &#8211; 7,5 cm<\/p>\n<p>Se nej &#8211; 7,5 cm<\/p>\n","protected":false},"excerpt":{"rendered":"<p>Bring gl\u00e6de og lykke til dine kunders hjem med disse smukke messingkatte. De er ogs\u00e5 et i\u00f8jnefaldende og eksotisk udstillingsobjekt i din butik. De neutrale farvetoner passer godt til enhver eksisterende boligindretning og tilf\u00f8jer ro og ro til b\u00e5de det indvendige og udvendige design. Klassisk og nem at s\u00e6lge. H\u00e5ndlavet genstand Materiale: Messing Smukt statement [&hellip;]<\/p>\n","protected":false},"featured_media":434619,"comment_status":"closed","ping_status":"open","template":"","meta":[],"product_brand":[],"product_cat":[5570,5571],"product_tag":[],"class_list":{"0":"post-196385","1":"product","2":"type-product","3":"status-publish","4":"has-post-thumbnail","6":"product_cat-feng-shui-og-tibetanske-kollektioner","7":"product_cat-vintagegaver-og-souvenirs","8":"pa_collection-brass-fengshui-objects-da","9":"pa_made-in-indonesien","11":"first","12":"instock","13":"purchasable","14":"product-type-simple"},"supplier_id":null,"supplier_sku":"BFF-20","barcode":null,"atum_controlled":true,"out_stock_date":null,"out_stock_threshold":null,"inheritable":false,"inbound_stock":null,"stock_on_hold":0,"sold_today":0,"sales_last_days":0,"reserved_stock":null,"customer_returns":null,"warehouse_damage":null,"lost_in_post":null,"other_logs":null,"out_stock_days":0,"lost_sales":0,"has_location":null,"update_date":"2026-01-30T01:26:19","atum_locations":[],"atum_stock_status":"instock","restock_status":false,"low_stock_amount":"","sales_update_date":"2026-01-30T01:26:19","calc_backorders":null,"_links":{"self":[{"href":"https:\/\/aromasentia.com\/da\/wp-json\/wp\/v2\/product\/196385","targetHints":{"allow":["GET"]}}],"collection":[{"href":"https:\/\/aromasentia.com\/da\/wp-json\/wp\/v2\/product"}],"about":[{"href":"https:\/\/aromasentia.com\/da\/wp-json\/wp\/v2\/types\/product"}],"replies":[{"embeddable":true,"href":"https:\/\/aromasentia.com\/da\/wp-json\/wp\/v2\/comments?post=196385"}],"version-history":[{"count":0,"href":"https:\/\/aromasentia.com\/da\/wp-json\/wp\/v2\/product\/196385\/revisions"}],"wp:featuredmedia":[{"embeddable":true,"href":"https:\/\/aromasentia.com\/da\/wp-json\/wp\/v2\/media\/434619"}],"wp:attachment":[{"href":"https:\/\/aromasentia.com\/da\/wp-json\/wp\/v2\/media?parent=196385"}],"wp:term":[{"taxonomy":"product_brand","embeddable":true,"href":"https:\/\/aromasentia.com\/da\/wp-json\/wp\/v2\/product_brand?post=196385"},{"taxonomy":"product_cat","embeddable":true,"href":"https:\/\/aromasentia.com\/da\/wp-json\/wp\/v2\/product_cat?post=196385"},{"taxonomy":"product_tag","embeddable":true,"href":"https:\/\/aromasentia.com\/da\/wp-json\/wp\/v2\/product_tag?post=196385"}],"curies":[{"name":"wp","href":"https:\/\/api.w.org\/{rel}","templated":true}]}}