{"id":196384,"date":"2025-03-23T11:57:20","date_gmt":"2025-03-23T11:57:20","guid":{"rendered":"https:\/\/aromasentia.com\/product\/set-of-3-see-no-evil-etc-monkeys\/"},"modified":"2025-06-22T02:54:01","modified_gmt":"2025-06-22T02:54:01","slug":"saet-med-3-see-no-evil-etc-aber","status":"publish","type":"product","link":"https:\/\/aromasentia.com\/da\/saet-med-3-see-no-evil-etc-aber\/","title":{"rendered":"S\u00e6t med 3 &#8211; See No Evil Etc &#8211; Aber"},"content":{"rendered":"<p>S\u00e6t med 3 &#8211; Se intet ondt osv. &#8211; Aber&nbsp;<\/p>\n<p>Bring gl\u00e6de og lykke til dit hjem\/spa eller et helligt sted med disse&nbsp;Ancient Wisdom&nbsp;smukke messing Fengshui. De skaber et i\u00f8jnefaldende og eksotisk pr\u00e6g i dit hjem.<\/p>\n<p>Disse \u00f8stligt inspirerede ornamenter skildrer den traditionelle Fengshui i et elegant design. Messing Fengshui vil helt sikkert sprede en f\u00f8lelse af fred og ro i dit hjem, og dens subtile, neutrale farvetoner vil passe godt til enhver eksisterende boligindretning og tilf\u00f8je sindsro og ro til det indvendige eller udvendige design.&nbsp;<\/p>\n<p>\u2b50 H\u00e5ndlavet genstand<\/p>\n<p>\u2b50 Materiale: Messing<\/p>\n<p>\u2b50 Smukt statement piece<\/p>\n<p>Lad os se det i \u00f8jnene? Tilf\u00f8j mig, s\u00e5 bringer jeg dig lykke.<\/p>\n","protected":false},"excerpt":{"rendered":"<p>S\u00e6t med 3 &#8211; Se intet ondt osv. &#8211; Aber&nbsp; Bring gl\u00e6de og lykke til dit hjem\/spa eller et helligt sted med disse&nbsp;Ancient Wisdom&nbsp;smukke messing Fengshui. De skaber et i\u00f8jnefaldende og eksotisk pr\u00e6g i dit hjem. Disse \u00f8stligt inspirerede ornamenter skildrer den traditionelle Fengshui i et elegant design. Messing Fengshui vil helt sikkert sprede en [&hellip;]<\/p>\n","protected":false},"featured_media":434602,"comment_status":"closed","ping_status":"open","template":"","meta":[],"product_brand":[],"product_cat":[5570,5571],"product_tag":[],"class_list":{"0":"post-196384","1":"product","2":"type-product","3":"status-publish","4":"has-post-thumbnail","6":"product_cat-feng-shui-og-tibetanske-kollektioner","7":"product_cat-vintagegaver-og-souvenirs","8":"pa_collection-brass-fengshui-objects-da","9":"pa_made-in-indonesien","11":"first","12":"instock","13":"purchasable","14":"product-type-simple"},"supplier_id":null,"supplier_sku":"BFF-12","barcode":null,"atum_controlled":true,"out_stock_date":null,"out_stock_threshold":null,"inheritable":false,"inbound_stock":null,"stock_on_hold":0,"sold_today":0,"sales_last_days":0,"reserved_stock":null,"customer_returns":null,"warehouse_damage":null,"lost_in_post":null,"other_logs":null,"out_stock_days":0,"lost_sales":0,"has_location":null,"update_date":"2026-01-30T01:26:25","atum_locations":[],"atum_stock_status":"instock","restock_status":false,"low_stock_amount":"","sales_update_date":"2026-01-30T01:26:25","calc_backorders":null,"_links":{"self":[{"href":"https:\/\/aromasentia.com\/da\/wp-json\/wp\/v2\/product\/196384","targetHints":{"allow":["GET"]}}],"collection":[{"href":"https:\/\/aromasentia.com\/da\/wp-json\/wp\/v2\/product"}],"about":[{"href":"https:\/\/aromasentia.com\/da\/wp-json\/wp\/v2\/types\/product"}],"replies":[{"embeddable":true,"href":"https:\/\/aromasentia.com\/da\/wp-json\/wp\/v2\/comments?post=196384"}],"version-history":[{"count":0,"href":"https:\/\/aromasentia.com\/da\/wp-json\/wp\/v2\/product\/196384\/revisions"}],"wp:featuredmedia":[{"embeddable":true,"href":"https:\/\/aromasentia.com\/da\/wp-json\/wp\/v2\/media\/434602"}],"wp:attachment":[{"href":"https:\/\/aromasentia.com\/da\/wp-json\/wp\/v2\/media?parent=196384"}],"wp:term":[{"taxonomy":"product_brand","embeddable":true,"href":"https:\/\/aromasentia.com\/da\/wp-json\/wp\/v2\/product_brand?post=196384"},{"taxonomy":"product_cat","embeddable":true,"href":"https:\/\/aromasentia.com\/da\/wp-json\/wp\/v2\/product_cat?post=196384"},{"taxonomy":"product_tag","embeddable":true,"href":"https:\/\/aromasentia.com\/da\/wp-json\/wp\/v2\/product_tag?post=196384"}],"curies":[{"name":"wp","href":"https:\/\/api.w.org\/{rel}","templated":true}]}}