{"id":196379,"date":"2025-03-23T11:58:30","date_gmt":"2025-03-23T11:58:30","guid":{"rendered":"https:\/\/aromasentia.com\/product\/big-goat-head-knocker\/"},"modified":"2025-06-22T02:53:59","modified_gmt":"2025-06-22T02:53:59","slug":"stor-gedehoved-knocker","status":"publish","type":"product","link":"https:\/\/aromasentia.com\/da\/stor-gedehoved-knocker\/","title":{"rendered":"Stor Gedehoved-Knocker"},"content":{"rendered":"<p>Tilf\u00f8j et strejf af rustik charme og karakter til din d\u00f8r med dette store gedehoved. Dette unikke m\u00f8bel er udformet med indviklede detaljer og vil helt sikkert g\u00f8re et mindev\u00e6rdigt f\u00f8rsteh\u00e5ndsindtryk.<\/p>\n","protected":false},"excerpt":{"rendered":"<p>Tilf\u00f8j et strejf af rustik charme og karakter til din d\u00f8r med dette store gedehoved. Dette unikke m\u00f8bel er udformet med indviklede detaljer og vil helt sikkert g\u00f8re et mindev\u00e6rdigt f\u00f8rsteh\u00e5ndsindtryk.<\/p>\n","protected":false},"featured_media":434852,"comment_status":"closed","ping_status":"open","template":"","meta":[],"product_brand":[],"product_cat":[5570,5571],"product_tag":[],"class_list":{"0":"post-196379","1":"product","2":"type-product","3":"status-publish","4":"has-post-thumbnail","6":"product_cat-feng-shui-og-tibetanske-kollektioner","7":"product_cat-vintagegaver-og-souvenirs","8":"pa_collection-brass-fengshui-objects-da","9":"pa_made-in-indonesien","11":"first","12":"instock","13":"purchasable","14":"product-type-simple"},"supplier_id":null,"supplier_sku":"BFF-29","barcode":null,"atum_controlled":true,"out_stock_date":null,"out_stock_threshold":null,"inheritable":false,"inbound_stock":null,"stock_on_hold":0,"sold_today":0,"sales_last_days":0,"reserved_stock":null,"customer_returns":null,"warehouse_damage":null,"lost_in_post":null,"other_logs":null,"out_stock_days":0,"lost_sales":0,"has_location":null,"update_date":"2026-01-30T01:25:23","atum_locations":[],"atum_stock_status":"instock","restock_status":false,"low_stock_amount":"","sales_update_date":"2026-01-30T01:25:23","calc_backorders":null,"_links":{"self":[{"href":"https:\/\/aromasentia.com\/da\/wp-json\/wp\/v2\/product\/196379","targetHints":{"allow":["GET"]}}],"collection":[{"href":"https:\/\/aromasentia.com\/da\/wp-json\/wp\/v2\/product"}],"about":[{"href":"https:\/\/aromasentia.com\/da\/wp-json\/wp\/v2\/types\/product"}],"replies":[{"embeddable":true,"href":"https:\/\/aromasentia.com\/da\/wp-json\/wp\/v2\/comments?post=196379"}],"version-history":[{"count":0,"href":"https:\/\/aromasentia.com\/da\/wp-json\/wp\/v2\/product\/196379\/revisions"}],"wp:featuredmedia":[{"embeddable":true,"href":"https:\/\/aromasentia.com\/da\/wp-json\/wp\/v2\/media\/434852"}],"wp:attachment":[{"href":"https:\/\/aromasentia.com\/da\/wp-json\/wp\/v2\/media?parent=196379"}],"wp:term":[{"taxonomy":"product_brand","embeddable":true,"href":"https:\/\/aromasentia.com\/da\/wp-json\/wp\/v2\/product_brand?post=196379"},{"taxonomy":"product_cat","embeddable":true,"href":"https:\/\/aromasentia.com\/da\/wp-json\/wp\/v2\/product_cat?post=196379"},{"taxonomy":"product_tag","embeddable":true,"href":"https:\/\/aromasentia.com\/da\/wp-json\/wp\/v2\/product_tag?post=196379"}],"curies":[{"name":"wp","href":"https:\/\/api.w.org\/{rel}","templated":true}]}}