{"id":196377,"date":"2025-03-23T11:58:30","date_gmt":"2025-03-23T11:58:30","guid":{"rendered":"https:\/\/aromasentia.com\/product\/small-elephant-candle-incense-holder\/"},"modified":"2025-06-22T02:53:59","modified_gmt":"2025-06-22T02:53:59","slug":"lille-elefantlys-roekelseholder","status":"publish","type":"product","link":"https:\/\/aromasentia.com\/da\/lille-elefantlys-roekelseholder\/","title":{"rendered":"Lille Elefantlys\/R\u00f8kelseholder"},"content":{"rendered":"<p>Giv dit rum et strejf af finurlig charme med denne lille elefantfigur, der b\u00e5de fungerer som lys- og r\u00f8gelsesholder. Dens kompakte st\u00f8rrelse og yndige design g\u00f8r den til en dejlig tilf\u00f8jelse til ethvert rum.<\/p>\n","protected":false},"excerpt":{"rendered":"<p>Giv dit rum et strejf af finurlig charme med denne lille elefantfigur, der b\u00e5de fungerer som lys- og r\u00f8gelsesholder. Dens kompakte st\u00f8rrelse og yndige design g\u00f8r den til en dejlig tilf\u00f8jelse til ethvert rum.<\/p>\n","protected":false},"featured_media":434794,"comment_status":"closed","ping_status":"open","template":"","meta":[],"product_brand":[],"product_cat":[5570,5571],"product_tag":[],"class_list":{"0":"post-196377","1":"product","2":"type-product","3":"status-publish","4":"has-post-thumbnail","6":"product_cat-feng-shui-og-tibetanske-kollektioner","7":"product_cat-vintagegaver-og-souvenirs","8":"pa_collection-brass-fengshui-objects-da","9":"pa_made-in-indonesien","11":"first","12":"instock","13":"purchasable","14":"product-type-simple"},"supplier_id":null,"supplier_sku":"BFF-32","barcode":null,"atum_controlled":true,"out_stock_date":null,"out_stock_threshold":null,"inheritable":false,"inbound_stock":null,"stock_on_hold":0,"sold_today":0,"sales_last_days":0,"reserved_stock":null,"customer_returns":null,"warehouse_damage":null,"lost_in_post":null,"other_logs":null,"out_stock_days":0,"lost_sales":0,"has_location":null,"update_date":"2026-02-02T10:24:18","atum_locations":[],"atum_stock_status":"instock","restock_status":false,"low_stock_amount":"","sales_update_date":"2026-01-20T05:14:23","calc_backorders":null,"_links":{"self":[{"href":"https:\/\/aromasentia.com\/da\/wp-json\/wp\/v2\/product\/196377","targetHints":{"allow":["GET"]}}],"collection":[{"href":"https:\/\/aromasentia.com\/da\/wp-json\/wp\/v2\/product"}],"about":[{"href":"https:\/\/aromasentia.com\/da\/wp-json\/wp\/v2\/types\/product"}],"replies":[{"embeddable":true,"href":"https:\/\/aromasentia.com\/da\/wp-json\/wp\/v2\/comments?post=196377"}],"version-history":[{"count":0,"href":"https:\/\/aromasentia.com\/da\/wp-json\/wp\/v2\/product\/196377\/revisions"}],"wp:featuredmedia":[{"embeddable":true,"href":"https:\/\/aromasentia.com\/da\/wp-json\/wp\/v2\/media\/434794"}],"wp:attachment":[{"href":"https:\/\/aromasentia.com\/da\/wp-json\/wp\/v2\/media?parent=196377"}],"wp:term":[{"taxonomy":"product_brand","embeddable":true,"href":"https:\/\/aromasentia.com\/da\/wp-json\/wp\/v2\/product_brand?post=196377"},{"taxonomy":"product_cat","embeddable":true,"href":"https:\/\/aromasentia.com\/da\/wp-json\/wp\/v2\/product_cat?post=196377"},{"taxonomy":"product_tag","embeddable":true,"href":"https:\/\/aromasentia.com\/da\/wp-json\/wp\/v2\/product_tag?post=196377"}],"curies":[{"name":"wp","href":"https:\/\/api.w.org\/{rel}","templated":true}]}}