{"id":196370,"date":"2025-03-23T11:59:32","date_gmt":"2025-03-23T11:59:32","guid":{"rendered":"https:\/\/aromasentia.com\/product\/medium-ceramic-glazed-wood-box-15x10x6cm-white\/"},"modified":"2025-06-22T02:53:54","modified_gmt":"2025-06-22T02:53:54","slug":"medium-keramisk-glaseret-traeaeske-15x10x6cm-hvid","status":"publish","type":"product","link":"https:\/\/aromasentia.com\/da\/medium-keramisk-glaseret-traeaeske-15x10x6cm-hvid\/","title":{"rendered":"Medium Keramisk Glaseret Tr\u00e6\u00e6ske &#8211; 15X10X6cm &#8211; Hvid"},"content":{"rendered":"<p><span style=\"color: rgb(75, 80, 88);\">Udforsk vores fantastiske kollektion af **Keramiske glaserede tr\u00e6kasser**, h\u00e5ndlavede i det fortryllende Nordindien, lavet af mangotr\u00e6.<\/span><\/p>\n<p><span style=\"color: rgb(75, 80, 88);\">Fordyb dine kunder i designets renhed med vores **Hvide \u00e6ske**. Den keramiske glasur fremh\u00e6ver de rene linjer og giver en tidl\u00f8s og elegant opbevaringsmulighed. <br \/><\/span><\/p>\n<p><span style=\"color: rgb(75, 80, 88);\">Du kan lokke kunder med den perfekte blanding af funktionalitet og himmelsk elegance, hvilket g\u00f8r denne \u00e6ske til en uimodst\u00e5elig tilf\u00f8jelse til enhver udstilling.<\/span><\/p>\n<p><span style=\"color: rgb(75, 80, 88);\"><strong>S\u00e6t en smart \u00e6ske i, og fyld op i dag.<\/strong><\/span><\/p>\n<p><span style=\"color: rgb(75, 80, 88);\"><strong>M\u00e5l<\/strong>: <em>15x10x6cm<\/em><\/span><\/p>\n","protected":false},"excerpt":{"rendered":"<p>Udforsk vores fantastiske kollektion af **Keramiske glaserede tr\u00e6kasser**, h\u00e5ndlavede i det fortryllende Nordindien, lavet af mangotr\u00e6. Fordyb dine kunder i designets renhed med vores **Hvide \u00e6ske**. Den keramiske glasur fremh\u00e6ver de rene linjer og giver en tidl\u00f8s og elegant opbevaringsmulighed. Du kan lokke kunder med den perfekte blanding af funktionalitet og himmelsk elegance, hvilket g\u00f8r [&hellip;]<\/p>\n","protected":false},"featured_media":435114,"comment_status":"closed","ping_status":"open","template":"","meta":{"_angie_page":false},"product_brand":[],"product_cat":[5582,5583],"product_tag":[],"class_list":{"0":"post-196370","1":"product","2":"type-product","3":"status-publish","4":"has-post-thumbnail","6":"product_cat-gaveindpakning","7":"product_cat-gaveopbevaring-og-traeaesker","8":"pa_collection-ceramic-glazed-wooden-boxes-da","9":"pa_made-in-indien","11":"first","12":"instock","13":"purchasable","14":"product-type-simple"},"supplier_id":null,"supplier_sku":"CGIBox-03","barcode":null,"atum_controlled":true,"out_stock_date":null,"out_stock_threshold":null,"inheritable":false,"inbound_stock":null,"stock_on_hold":0,"sold_today":0,"sales_last_days":0,"reserved_stock":null,"customer_returns":null,"warehouse_damage":null,"lost_in_post":null,"other_logs":null,"out_stock_days":0,"lost_sales":0,"has_location":null,"update_date":"2026-05-08T05:06:08","atum_locations":[],"atum_stock_status":"instock","restock_status":false,"low_stock_amount":"","sales_update_date":"2026-01-30T01:25:39","calc_backorders":null,"_links":{"self":[{"href":"https:\/\/aromasentia.com\/da\/wp-json\/wp\/v2\/product\/196370","targetHints":{"allow":["GET"]}}],"collection":[{"href":"https:\/\/aromasentia.com\/da\/wp-json\/wp\/v2\/product"}],"about":[{"href":"https:\/\/aromasentia.com\/da\/wp-json\/wp\/v2\/types\/product"}],"replies":[{"embeddable":true,"href":"https:\/\/aromasentia.com\/da\/wp-json\/wp\/v2\/comments?post=196370"}],"version-history":[{"count":0,"href":"https:\/\/aromasentia.com\/da\/wp-json\/wp\/v2\/product\/196370\/revisions"}],"wp:featuredmedia":[{"embeddable":true,"href":"https:\/\/aromasentia.com\/da\/wp-json\/wp\/v2\/media\/435114"}],"wp:attachment":[{"href":"https:\/\/aromasentia.com\/da\/wp-json\/wp\/v2\/media?parent=196370"}],"wp:term":[{"taxonomy":"product_brand","embeddable":true,"href":"https:\/\/aromasentia.com\/da\/wp-json\/wp\/v2\/product_brand?post=196370"},{"taxonomy":"product_cat","embeddable":true,"href":"https:\/\/aromasentia.com\/da\/wp-json\/wp\/v2\/product_cat?post=196370"},{"taxonomy":"product_tag","embeddable":true,"href":"https:\/\/aromasentia.com\/da\/wp-json\/wp\/v2\/product_tag?post=196370"}],"curies":[{"name":"wp","href":"https:\/\/api.w.org\/{rel}","templated":true}]}}