{"id":196367,"date":"2025-03-23T11:59:32","date_gmt":"2025-03-23T11:59:32","guid":{"rendered":"https:\/\/aromasentia.com\/product\/cotton-bound-notebooks-20x15cm-96-pages-pale-blue-floral\/"},"modified":"2025-06-22T02:53:53","modified_gmt":"2025-06-22T02:53:53","slug":"bomuldsindbundne-notesboeger-20x15cm-96-sider-lyseblaa-blomster","status":"publish","type":"product","link":"https:\/\/aromasentia.com\/da\/bomuldsindbundne-notesboeger-20x15cm-96-sider-lyseblaa-blomster\/","title":{"rendered":"Bomuldsindbundne Notesb\u00f8ger 20X15cm &#8211; 96 Sider &#8211; Lysebl\u00e5 Blomster"},"content":{"rendered":"<p>S\u00e6t gang i kreativiteten og en f\u00f8lelse af fred med <strong>Wholesale Pale Blue Floral Cotton Bound Notebook<\/strong>. Denne f\u00e6ngslende notesbog har et delikat blomsterdesign i beroligende bl\u00e5 nuancer, der skaber en rolig og inspirerende atmosf\u00e6re.<\/p>\n<p>Med <strong>96 sider&nbsp;<\/strong>papir af h\u00f8j kvalitet giver denne notesbog plads nok til <strong>omfattende skrivning, detaljerede tegninger<\/strong> eller <strong>fredfyldte brainstorming-sessioner<\/strong>. Uanset om det er studerende, der skriver digte, kunstnere, der laver naturstudier, eller travle fagfolk, der registrerer ideer p\u00e5 en opm\u00e6rksom m\u00e5de, er denne notesbog den perfekte platform for deres bestr\u00e6belser.<\/p>\n<p>Med m\u00e5lene <strong>20 x 15 cm<\/strong> har denne dagbog den ideelle balance mellem rummelighed og b\u00e6rbarhed. Den er stor nok til omfattende skrivning eller detaljerede illustrationer, men alligevel<strong>&nbsp;kompakt nok til nemt at kunne b\u00e6res i rygs\u00e6kke, tasker eller punge<\/strong>. Det giver brugerne mulighed for at indfange ideer og inspiration, uanset hvor de rammer.<\/p>\n<p><span style=\"color: rgb(44, 130, 201);\">Lagre op med den lysebl\u00e5, blomstrede, bomuldsindbundne notesbog i dag, og se dit salg blomstre!<\/span> <\/p>\n","protected":false},"excerpt":{"rendered":"<p>S\u00e6t gang i kreativiteten og en f\u00f8lelse af fred med Wholesale Pale Blue Floral Cotton Bound Notebook. Denne f\u00e6ngslende notesbog har et delikat blomsterdesign i beroligende bl\u00e5 nuancer, der skaber en rolig og inspirerende atmosf\u00e6re. Med 96 sider&nbsp;papir af h\u00f8j kvalitet giver denne notesbog plads nok til omfattende skrivning, detaljerede tegninger eller fredfyldte brainstorming-sessioner. Uanset [&hellip;]<\/p>\n","protected":false},"featured_media":435079,"comment_status":"closed","ping_status":"open","template":"","meta":[],"product_brand":[],"product_cat":[5576,5571],"product_tag":[],"class_list":{"0":"post-196367","1":"product","2":"type-product","3":"status-publish","4":"has-post-thumbnail","6":"product_cat-notesboger","7":"product_cat-vintagegaver-og-souvenirs","8":"pa_collection-cotton-bound-notebooks-da","9":"pa_made-in-indien","11":"first","12":"instock","13":"purchasable","14":"product-type-simple"},"supplier_id":null,"supplier_sku":"CBN-09","barcode":null,"atum_controlled":true,"out_stock_date":null,"out_stock_threshold":null,"inheritable":false,"inbound_stock":null,"stock_on_hold":0,"sold_today":0,"sales_last_days":0,"reserved_stock":null,"customer_returns":null,"warehouse_damage":null,"lost_in_post":null,"other_logs":null,"out_stock_days":0,"lost_sales":0,"has_location":null,"update_date":"2026-02-06T00:01:30","atum_locations":[],"atum_stock_status":"instock","restock_status":false,"low_stock_amount":"","sales_update_date":"2026-02-06T00:01:30","calc_backorders":null,"_links":{"self":[{"href":"https:\/\/aromasentia.com\/da\/wp-json\/wp\/v2\/product\/196367","targetHints":{"allow":["GET"]}}],"collection":[{"href":"https:\/\/aromasentia.com\/da\/wp-json\/wp\/v2\/product"}],"about":[{"href":"https:\/\/aromasentia.com\/da\/wp-json\/wp\/v2\/types\/product"}],"replies":[{"embeddable":true,"href":"https:\/\/aromasentia.com\/da\/wp-json\/wp\/v2\/comments?post=196367"}],"version-history":[{"count":0,"href":"https:\/\/aromasentia.com\/da\/wp-json\/wp\/v2\/product\/196367\/revisions"}],"wp:featuredmedia":[{"embeddable":true,"href":"https:\/\/aromasentia.com\/da\/wp-json\/wp\/v2\/media\/435079"}],"wp:attachment":[{"href":"https:\/\/aromasentia.com\/da\/wp-json\/wp\/v2\/media?parent=196367"}],"wp:term":[{"taxonomy":"product_brand","embeddable":true,"href":"https:\/\/aromasentia.com\/da\/wp-json\/wp\/v2\/product_brand?post=196367"},{"taxonomy":"product_cat","embeddable":true,"href":"https:\/\/aromasentia.com\/da\/wp-json\/wp\/v2\/product_cat?post=196367"},{"taxonomy":"product_tag","embeddable":true,"href":"https:\/\/aromasentia.com\/da\/wp-json\/wp\/v2\/product_tag?post=196367"}],"curies":[{"name":"wp","href":"https:\/\/api.w.org\/{rel}","templated":true}]}}