{"id":196365,"date":"2025-03-23T11:59:32","date_gmt":"2025-03-23T11:59:32","guid":{"rendered":"https:\/\/aromasentia.com\/product\/cotton-bound-notebooks-20x15cm-96-pages-pink-floral\/"},"modified":"2025-06-22T02:53:52","modified_gmt":"2025-06-22T02:53:52","slug":"bomuldsindbundne-notesboeger-20x15cm-96-sider-pink-floral","status":"publish","type":"product","link":"https:\/\/aromasentia.com\/da\/bomuldsindbundne-notesboeger-20x15cm-96-sider-pink-floral\/","title":{"rendered":"Bomuldsindbundne Notesb\u00f8ger 20X15cm &#8211; 96 Sider &#8211; Pink Floral"},"content":{"rendered":"<p>Fang hjerter og dyrk kreativiteten med denne dejlige kollektion af <strong>Wholesale Pink Floral Cotton Bound Notebooks<\/strong>! Hver notesbog har et unikt og i\u00f8jnefaldende blomsterdesign i en r\u00e6kke bl\u00f8de rosa nuancer, der giver et strejf af elegance og femininitet. Det bl\u00f8de omslag er fremstillet af <strong>bomuld af h\u00f8j kvalitet med en mat finish<\/strong>, hvilket giver en luksuri\u00f8s fornemmelse og subtil tekstur.<\/p>\n<p>Med <strong>96 sider<\/strong> papir af h\u00f8j kvalitet giver denne dagbog plads nok til <strong>udf\u00f8rlig skrivning, detaljerede tegninger<\/strong> eller hvad som helst, som fantasien m\u00e5tte \u00f8nske. Uanset om det er studerende, der skriver historier, kunstnere, der laver blomsterillustrationer, eller travle fagfolk, der nedf\u00e6lder noter og ideer, er denne notesbog den perfekte platform for deres arbejde.<\/p>\n<p>Med m\u00e5lene <strong>20 x 15 cm<\/strong> har denne dagbog den ideelle balance mellem rummelighed og b\u00e6rbarhed. Den er stor nok til omfattende skrivning eller detaljerede illustrationer, men samtidig kompakt nok til at kunne b\u00e6res i <strong>rygs\u00e6kke, tasker eller punge<\/strong>. Det giver brugerne mulighed for at fastholde id\u00e9er og inspiration, uanset hvor de kommer fra. &nbsp;<\/p>\n<p><strong>Perfekt gave&nbsp;<\/strong>til alle, der nyder at skrive, f\u00f8re dagbog eller udtrykke sig kreativt.<\/p>\n<p><span style=\"color: rgb(235, 107, 86);\">Lagre op med Pink Floral Cotton Bound Notebook i dag, og se dit salg blomstre!<\/span> <\/p>\n","protected":false},"excerpt":{"rendered":"<p>Fang hjerter og dyrk kreativiteten med denne dejlige kollektion af Wholesale Pink Floral Cotton Bound Notebooks! Hver notesbog har et unikt og i\u00f8jnefaldende blomsterdesign i en r\u00e6kke bl\u00f8de rosa nuancer, der giver et strejf af elegance og femininitet. Det bl\u00f8de omslag er fremstillet af bomuld af h\u00f8j kvalitet med en mat finish, hvilket giver en [&hellip;]<\/p>\n","protected":false},"featured_media":435053,"comment_status":"closed","ping_status":"open","template":"","meta":{"_angie_page":false},"product_brand":[],"product_cat":[5576,5571],"product_tag":[],"class_list":{"0":"post-196365","1":"product","2":"type-product","3":"status-publish","4":"has-post-thumbnail","6":"product_cat-notesboger","7":"product_cat-vintagegaver-og-souvenirs","8":"pa_collection-cotton-bound-notebooks-da","9":"pa_made-in-indien","11":"first","12":"instock","13":"purchasable","14":"product-type-simple"},"supplier_id":null,"supplier_sku":"CBN-07","barcode":null,"atum_controlled":true,"out_stock_date":null,"out_stock_threshold":null,"inheritable":false,"inbound_stock":null,"stock_on_hold":0,"sold_today":0,"sales_last_days":0,"reserved_stock":null,"customer_returns":null,"warehouse_damage":null,"lost_in_post":null,"other_logs":null,"out_stock_days":0,"lost_sales":0,"has_location":null,"update_date":"2026-04-27T06:56:03","atum_locations":[],"atum_stock_status":"instock","restock_status":false,"low_stock_amount":"","sales_update_date":"2026-02-06T00:01:30","calc_backorders":null,"_links":{"self":[{"href":"https:\/\/aromasentia.com\/da\/wp-json\/wp\/v2\/product\/196365","targetHints":{"allow":["GET"]}}],"collection":[{"href":"https:\/\/aromasentia.com\/da\/wp-json\/wp\/v2\/product"}],"about":[{"href":"https:\/\/aromasentia.com\/da\/wp-json\/wp\/v2\/types\/product"}],"replies":[{"embeddable":true,"href":"https:\/\/aromasentia.com\/da\/wp-json\/wp\/v2\/comments?post=196365"}],"version-history":[{"count":0,"href":"https:\/\/aromasentia.com\/da\/wp-json\/wp\/v2\/product\/196365\/revisions"}],"wp:featuredmedia":[{"embeddable":true,"href":"https:\/\/aromasentia.com\/da\/wp-json\/wp\/v2\/media\/435053"}],"wp:attachment":[{"href":"https:\/\/aromasentia.com\/da\/wp-json\/wp\/v2\/media?parent=196365"}],"wp:term":[{"taxonomy":"product_brand","embeddable":true,"href":"https:\/\/aromasentia.com\/da\/wp-json\/wp\/v2\/product_brand?post=196365"},{"taxonomy":"product_cat","embeddable":true,"href":"https:\/\/aromasentia.com\/da\/wp-json\/wp\/v2\/product_cat?post=196365"},{"taxonomy":"product_tag","embeddable":true,"href":"https:\/\/aromasentia.com\/da\/wp-json\/wp\/v2\/product_tag?post=196365"}],"curies":[{"name":"wp","href":"https:\/\/api.w.org\/{rel}","templated":true}]}}