{"id":196363,"date":"2025-03-23T11:59:32","date_gmt":"2025-03-23T11:59:32","guid":{"rendered":"https:\/\/aromasentia.com\/product\/cotton-bound-notebooks-20x15cm-96-pages-teal-elephants\/"},"modified":"2025-06-22T02:53:51","modified_gmt":"2025-06-22T02:53:51","slug":"bomuldsindbundne-notesboeger-20x15cm-96-sider-teal-elephants","status":"publish","type":"product","link":"https:\/\/aromasentia.com\/da\/bomuldsindbundne-notesboeger-20x15cm-96-sider-teal-elephants\/","title":{"rendered":"Bomuldsindbundne Notesb\u00f8ger 20X15cm &#8211; 96 Sider &#8211; Teal Elephants"},"content":{"rendered":"<p>S\u00e6t gang i fantasien og eventyrlysten med <strong>Wholesale Cotton Bound Notebook &#8211; Teal Elephants<\/strong>. Denne f\u00e6ngslende notesbog har en majest\u00e6tisk elefant p\u00e5 det bl\u00e5gr\u00f8nne omslag, som symboliserer <strong>visdom, styrke og held og lykke<\/strong> i mange kulturer.<\/p>\n<p>Med <strong>96 sider<\/strong> papir af h\u00f8j kvalitet giver denne dagbog plads nok til, at studerende kan tage omfattende noter, forfattere kan skabe historier, kunstnere kan tegne fantastiske skabninger, eller hvem som helst kan registrere sine tanker, dr\u00f8mme og eventyr.<\/p>\n<p>Med sine <strong>20 x 15 cm<\/strong> har denne dagbog den ideelle balance mellem rummelighed og b\u00e6rbarhed. Den er stor nok til omfattende skrivning eller detaljerede illustrationer, men alligevel <strong>kompakt nok til nemt at kunne b\u00e6res i rygs\u00e6kke, tasker eller punge<\/strong>. Det giver brugerne mulighed for at fastholde ideer og inspiration, uanset hvor de kommer fra.<\/p>\n<p><strong>Perfekt gave<\/strong> til alle, der nyder at skrive dagbog, brainstorme ideer eller dokumentere deres oplevelser. Det majest\u00e6tiske elefantomslag kan fungere som en daglig p\u00e5mindelse om ens egen indre styrke og kraften i at udforske.<\/p>\n<p><span style=\"color: rgb(44, 130, 201);\">Lagre op af den bomuldsindbundne notesbog med bl\u00e5gr\u00f8nne elefanter i dag, og tag p\u00e5 et salgseventyr!<\/span> <\/p>\n","protected":false},"excerpt":{"rendered":"<p>S\u00e6t gang i fantasien og eventyrlysten med Wholesale Cotton Bound Notebook &#8211; Teal Elephants. Denne f\u00e6ngslende notesbog har en majest\u00e6tisk elefant p\u00e5 det bl\u00e5gr\u00f8nne omslag, som symboliserer visdom, styrke og held og lykke i mange kulturer. Med 96 sider papir af h\u00f8j kvalitet giver denne dagbog plads nok til, at studerende kan tage omfattende noter, [&hellip;]<\/p>\n","protected":false},"featured_media":435035,"comment_status":"closed","ping_status":"open","template":"","meta":{"_angie_page":false},"product_brand":[],"product_cat":[5576,5571],"product_tag":[],"class_list":{"0":"post-196363","1":"product","2":"type-product","3":"status-publish","4":"has-post-thumbnail","6":"product_cat-notesboger","7":"product_cat-vintagegaver-og-souvenirs","8":"pa_collection-cotton-bound-notebooks-da","9":"pa_made-in-indien","11":"first","12":"instock","13":"purchasable","14":"product-type-simple"},"supplier_id":null,"supplier_sku":"CBN-05","barcode":null,"atum_controlled":true,"out_stock_date":null,"out_stock_threshold":null,"inheritable":false,"inbound_stock":null,"stock_on_hold":0,"sold_today":0,"sales_last_days":0,"reserved_stock":null,"customer_returns":null,"warehouse_damage":null,"lost_in_post":null,"other_logs":null,"out_stock_days":0,"lost_sales":0,"has_location":null,"update_date":"2026-04-27T06:56:03","atum_locations":[],"atum_stock_status":"instock","restock_status":false,"low_stock_amount":"","sales_update_date":"2026-01-30T01:25:59","calc_backorders":null,"_links":{"self":[{"href":"https:\/\/aromasentia.com\/da\/wp-json\/wp\/v2\/product\/196363","targetHints":{"allow":["GET"]}}],"collection":[{"href":"https:\/\/aromasentia.com\/da\/wp-json\/wp\/v2\/product"}],"about":[{"href":"https:\/\/aromasentia.com\/da\/wp-json\/wp\/v2\/types\/product"}],"replies":[{"embeddable":true,"href":"https:\/\/aromasentia.com\/da\/wp-json\/wp\/v2\/comments?post=196363"}],"version-history":[{"count":0,"href":"https:\/\/aromasentia.com\/da\/wp-json\/wp\/v2\/product\/196363\/revisions"}],"wp:featuredmedia":[{"embeddable":true,"href":"https:\/\/aromasentia.com\/da\/wp-json\/wp\/v2\/media\/435035"}],"wp:attachment":[{"href":"https:\/\/aromasentia.com\/da\/wp-json\/wp\/v2\/media?parent=196363"}],"wp:term":[{"taxonomy":"product_brand","embeddable":true,"href":"https:\/\/aromasentia.com\/da\/wp-json\/wp\/v2\/product_brand?post=196363"},{"taxonomy":"product_cat","embeddable":true,"href":"https:\/\/aromasentia.com\/da\/wp-json\/wp\/v2\/product_cat?post=196363"},{"taxonomy":"product_tag","embeddable":true,"href":"https:\/\/aromasentia.com\/da\/wp-json\/wp\/v2\/product_tag?post=196363"}],"curies":[{"name":"wp","href":"https:\/\/api.w.org\/{rel}","templated":true}]}}