{"id":196362,"date":"2025-03-23T11:59:32","date_gmt":"2025-03-23T11:59:32","guid":{"rendered":"https:\/\/aromasentia.com\/product\/cotton-bound-notebooks-20x15cm-96-pages-roses\/"},"modified":"2025-06-22T02:53:51","modified_gmt":"2025-06-22T02:53:51","slug":"bomuldsindbundne-notesboeger-20x15cm-96-sider-roser","status":"publish","type":"product","link":"https:\/\/aromasentia.com\/da\/bomuldsindbundne-notesboeger-20x15cm-96-sider-roser\/","title":{"rendered":"Bomuldsindbundne Notesb\u00f8ger 20X15cm &#8211; 96 Sider &#8211; Roser"},"content":{"rendered":"<p>Fang hjerter og dyrk kreativiteten med denne dejlige kollektion af <strong>Wholesale Rose Cotton Bound Notebooks<\/strong>! Hver notesbog har et smukt og unikt <strong>rosedesign<\/strong>, som giver et strejf af elegance og femininitet. Det bl\u00f8de omslag er fremstillet af <strong>bomuld af h\u00f8j kvalitet<\/strong> med en mat finish, som giver en luksuri\u00f8s fornemmelse og subtil tekstur.<\/p>\n<p>Med <strong>96 sider<\/strong> papir af h\u00f8j kvalitet giver denne dagbog plads nok til <strong>omfattende skrivning, detaljerede tegninger<\/strong> eller hvad som helst, som fantasien m\u00e5tte \u00f8nske. Uanset om det er studerende, der skriver historier, kunstnere, der laver blomsterillustrationer, eller travle fagfolk, der nedf\u00e6lder noter og ideer, er denne notesbog den perfekte platform for deres bestr\u00e6belser.<\/p>\n<p>Med sine <strong>20 x 15 cm<\/strong> har denne dagbog den ideelle balance mellem rummelighed og b\u00e6rbarhed. Den er kompakt nok til nemt at kunne b\u00e6res i <strong>rygs\u00e6kke, tasker eller punge<\/strong>. Det giver brugerne mulighed for at indfange ideer og inspiration, uanset hvor de rammer.<\/p>\n<p>Denne alsidige notesbog er en <strong>perfekt gave<\/strong> til alle, der nyder at skrive, f\u00f8re dagbog eller udtrykke sig kreativt. &nbsp;<\/p>\n<p><span style=\"color: rgb(209, 72, 65);\">Lagre op med Rose Cotton Bound Notebooks i dag, og se dit salg blomstre! &nbsp;<\/span> <\/p>\n","protected":false},"excerpt":{"rendered":"<p>Fang hjerter og dyrk kreativiteten med denne dejlige kollektion af Wholesale Rose Cotton Bound Notebooks! Hver notesbog har et smukt og unikt rosedesign, som giver et strejf af elegance og femininitet. Det bl\u00f8de omslag er fremstillet af bomuld af h\u00f8j kvalitet med en mat finish, som giver en luksuri\u00f8s fornemmelse og subtil tekstur. Med 96 [&hellip;]<\/p>\n","protected":false},"featured_media":435026,"comment_status":"closed","ping_status":"open","template":"","meta":{"_angie_page":false},"product_brand":[],"product_cat":[5576,5571],"product_tag":[],"class_list":{"0":"post-196362","1":"product","2":"type-product","3":"status-publish","4":"has-post-thumbnail","6":"product_cat-notesboger","7":"product_cat-vintagegaver-og-souvenirs","8":"pa_collection-cotton-bound-notebooks-da","9":"pa_made-in-indien","11":"first","12":"instock","13":"purchasable","14":"product-type-simple"},"supplier_id":null,"supplier_sku":"CBN-04","barcode":null,"atum_controlled":true,"out_stock_date":null,"out_stock_threshold":null,"inheritable":false,"inbound_stock":null,"stock_on_hold":0,"sold_today":0,"sales_last_days":0,"reserved_stock":null,"customer_returns":null,"warehouse_damage":null,"lost_in_post":null,"other_logs":null,"out_stock_days":0,"lost_sales":0,"has_location":null,"update_date":"2026-04-27T06:56:03","atum_locations":[],"atum_stock_status":"instock","restock_status":false,"low_stock_amount":"","sales_update_date":"2025-10-09T03:27:12","calc_backorders":null,"_links":{"self":[{"href":"https:\/\/aromasentia.com\/da\/wp-json\/wp\/v2\/product\/196362","targetHints":{"allow":["GET"]}}],"collection":[{"href":"https:\/\/aromasentia.com\/da\/wp-json\/wp\/v2\/product"}],"about":[{"href":"https:\/\/aromasentia.com\/da\/wp-json\/wp\/v2\/types\/product"}],"replies":[{"embeddable":true,"href":"https:\/\/aromasentia.com\/da\/wp-json\/wp\/v2\/comments?post=196362"}],"version-history":[{"count":0,"href":"https:\/\/aromasentia.com\/da\/wp-json\/wp\/v2\/product\/196362\/revisions"}],"wp:featuredmedia":[{"embeddable":true,"href":"https:\/\/aromasentia.com\/da\/wp-json\/wp\/v2\/media\/435026"}],"wp:attachment":[{"href":"https:\/\/aromasentia.com\/da\/wp-json\/wp\/v2\/media?parent=196362"}],"wp:term":[{"taxonomy":"product_brand","embeddable":true,"href":"https:\/\/aromasentia.com\/da\/wp-json\/wp\/v2\/product_brand?post=196362"},{"taxonomy":"product_cat","embeddable":true,"href":"https:\/\/aromasentia.com\/da\/wp-json\/wp\/v2\/product_cat?post=196362"},{"taxonomy":"product_tag","embeddable":true,"href":"https:\/\/aromasentia.com\/da\/wp-json\/wp\/v2\/product_tag?post=196362"}],"curies":[{"name":"wp","href":"https:\/\/api.w.org\/{rel}","templated":true}]}}