{"id":196361,"date":"2025-03-23T11:59:32","date_gmt":"2025-03-23T11:59:32","guid":{"rendered":"https:\/\/aromasentia.com\/product\/cotton-bound-notebooks-20x15cm-96-pages-indigo-fish\/"},"modified":"2025-06-22T02:53:51","modified_gmt":"2025-06-22T02:53:51","slug":"bomuldsindbundne-notesboeger-20x15cm-96-sider-indigo-fish","status":"publish","type":"product","link":"https:\/\/aromasentia.com\/da\/bomuldsindbundne-notesboeger-20x15cm-96-sider-indigo-fish\/","title":{"rendered":"Bomuldsindbundne Notesb\u00f8ger 20X15cm &#8211; 96 Sider &#8211; Indigo Fish"},"content":{"rendered":"<p>S\u00e6t gang i kreativiteten og fantasien hos dine kunder med <strong>Wholesale Cotton Bound Notebook &#8211; Indigo Fish<\/strong>. Denne f\u00e6ngslende notesbog har en smuk indigobl\u00e5 baggrund prydet med hvide fisk, der skaber en beroligende og inspirerende atmosf\u00e6re.<\/p>\n<p>Med <strong>96 sider&nbsp;<\/strong>papir af h\u00f8j kvalitet giver denne dagbog plads nok til <strong>omfattende skrivning, detaljerede kunstv\u00e6rker<\/strong> eller alt, hvad fantasien beg\u00e6rer. Uanset om studerende tager omfattende noter, kunstnere laver detaljerede tegninger, eller haventusiaster registrerer observationer, er Indigo Fish Cotton Bound Notebook det perfekte l\u00e6rred til deres bestr\u00e6belser.<\/p>\n<p>Journalen er fremstillet med et luksuri\u00f8st bomuldsindbundet omslag, der sikrer en <strong>bl\u00f8d og behagelig fornemmelse<\/strong>, som brugerne vil s\u00e6tte pris p\u00e5. Med m\u00e5lene <strong>20 x 15 cm<\/strong> har denne notesbog den ideelle balance mellem rummelighed og b\u00e6rbarhed. Den er kompakt nok til at kunne <strong>b\u00e6res med lethed i rygs\u00e6kke, tasker eller punge<\/strong>. Det giver brugerne mulighed for at fastholde ideer og inspiration, uanset hvor de kommer fra.&nbsp;<\/p>\n<p>Denne alsidige dagbog er en <strong>perfekt gave<\/strong> til alle, der nyder at s\u00e6tte pennen p\u00e5 papiret, uanset om det er til kreativ skrivning, brainstorming, dagbog eller blot doodling.<\/p>\n<p><span style=\"color: rgb(41, 105, 176);\">Lager op med Indigo Fish Cotton Bound Notebook i dag, og se dit salg sv\u00f8mme!<\/span> <\/p>\n","protected":false},"excerpt":{"rendered":"<p>S\u00e6t gang i kreativiteten og fantasien hos dine kunder med Wholesale Cotton Bound Notebook &#8211; Indigo Fish. Denne f\u00e6ngslende notesbog har en smuk indigobl\u00e5 baggrund prydet med hvide fisk, der skaber en beroligende og inspirerende atmosf\u00e6re. Med 96 sider&nbsp;papir af h\u00f8j kvalitet giver denne dagbog plads nok til omfattende skrivning, detaljerede kunstv\u00e6rker eller alt, hvad [&hellip;]<\/p>\n","protected":false},"featured_media":435009,"comment_status":"closed","ping_status":"open","template":"","meta":[],"product_brand":[],"product_cat":[5576,5571],"product_tag":[],"class_list":{"0":"post-196361","1":"product","2":"type-product","3":"status-publish","4":"has-post-thumbnail","6":"product_cat-notesboger","7":"product_cat-vintagegaver-og-souvenirs","8":"pa_collection-cotton-bound-notebooks-da","9":"pa_made-in-indien","11":"first","12":"instock","13":"purchasable","14":"product-type-simple"},"supplier_id":null,"supplier_sku":"CBN-03","barcode":null,"atum_controlled":true,"out_stock_date":null,"out_stock_threshold":null,"inheritable":false,"inbound_stock":null,"stock_on_hold":0,"sold_today":0,"sales_last_days":0,"reserved_stock":null,"customer_returns":null,"warehouse_damage":null,"lost_in_post":null,"other_logs":null,"out_stock_days":0,"lost_sales":0,"has_location":null,"update_date":"2026-02-02T11:18:44","atum_locations":[],"atum_stock_status":"instock","restock_status":false,"low_stock_amount":"","sales_update_date":"2025-10-09T03:27:12","calc_backorders":null,"_links":{"self":[{"href":"https:\/\/aromasentia.com\/da\/wp-json\/wp\/v2\/product\/196361","targetHints":{"allow":["GET"]}}],"collection":[{"href":"https:\/\/aromasentia.com\/da\/wp-json\/wp\/v2\/product"}],"about":[{"href":"https:\/\/aromasentia.com\/da\/wp-json\/wp\/v2\/types\/product"}],"replies":[{"embeddable":true,"href":"https:\/\/aromasentia.com\/da\/wp-json\/wp\/v2\/comments?post=196361"}],"version-history":[{"count":0,"href":"https:\/\/aromasentia.com\/da\/wp-json\/wp\/v2\/product\/196361\/revisions"}],"wp:featuredmedia":[{"embeddable":true,"href":"https:\/\/aromasentia.com\/da\/wp-json\/wp\/v2\/media\/435009"}],"wp:attachment":[{"href":"https:\/\/aromasentia.com\/da\/wp-json\/wp\/v2\/media?parent=196361"}],"wp:term":[{"taxonomy":"product_brand","embeddable":true,"href":"https:\/\/aromasentia.com\/da\/wp-json\/wp\/v2\/product_brand?post=196361"},{"taxonomy":"product_cat","embeddable":true,"href":"https:\/\/aromasentia.com\/da\/wp-json\/wp\/v2\/product_cat?post=196361"},{"taxonomy":"product_tag","embeddable":true,"href":"https:\/\/aromasentia.com\/da\/wp-json\/wp\/v2\/product_tag?post=196361"}],"curies":[{"name":"wp","href":"https:\/\/api.w.org\/{rel}","templated":true}]}}