{"id":196360,"date":"2025-03-23T12:00:07","date_gmt":"2025-03-23T12:00:07","guid":{"rendered":"https:\/\/aromasentia.com\/product\/handmade-wide-top-djembe-drum-30cm\/"},"modified":"2025-06-22T02:53:50","modified_gmt":"2025-06-22T02:53:50","slug":"haandlavet-djembetromme-med-bred-top-30-cm","status":"publish","type":"product","link":"https:\/\/aromasentia.com\/da\/haandlavet-djembetromme-med-bred-top-30-cm\/","title":{"rendered":"H\u00e5ndlavet Djembetromme med Bred Top &#8211; 30 cm"},"content":{"rendered":"<p><span style=\"color: rgb(75, 80, 88);\"><strong>Den 30 cm brede djembe-tromme med chakraharmoni: Bro mellem kultur og spiritualitet<\/strong><\/span><\/p>\n<p><span style=\"color: rgb(75, 80, 88);\">Dette f\u00e6ngslende slagt\u00f8jsinstrument forener problemfrit den pulserende arv fra vestafrikansk trommespil med den dybe symbolik i chakraer, de energiske knudepunkter, der er forbundet med forskellige facetter af spiritualitet og velv\u00e6re.<\/span><\/p>\n<p><span style=\"color: rgb(75, 80, 88);\">Chakra-designet, der pryder trommeskindet, tilf\u00f8rer en spirituelt resonant dimension til dette bem\u00e6rkelsesv\u00e6rdige instrument. Chakraer, centrale energicentre i visse spirituelle traditioner, svarer til forskellige aspekter af ens fysiske, mentale og f\u00f8lelsesm\u00e6ssige ligev\u00e6gt.<\/span><\/p>\n<p><span style=\"color: rgb(75, 80, 88);\"><strong>Djembe-tromme med bred top, udsmykket med chakra-motivet, skaber en unik fusion af vestafrikanske percussionstraditioner og chakraernes dybe symbolik.<\/strong>Den st\u00e5r som et fortryllende musikinstrument, perfekt til forestillinger og kulturelle sammenkomster. Derudover fungerer den som et symbolsk stykke, der repr\u00e6senterer den harmoniske blanding af kulturelle og spirituelle dimensioner i livet.<\/span><\/p>\n<p><span style=\"color: rgb(75, 80, 88);\"><em>Diameter: 17 cm<\/em><\/span><\/p>\n<p><em><span style=\"color: rgb(75, 80, 88);\">H\u00f8jde: 30 cm<\/span><\/em><\/p>\n","protected":false},"excerpt":{"rendered":"<p>Den 30 cm brede djembe-tromme med chakraharmoni: Bro mellem kultur og spiritualitet Dette f\u00e6ngslende slagt\u00f8jsinstrument forener problemfrit den pulserende arv fra vestafrikansk trommespil med den dybe symbolik i chakraer, de energiske knudepunkter, der er forbundet med forskellige facetter af spiritualitet og velv\u00e6re. Chakra-designet, der pryder trommeskindet, tilf\u00f8rer en spirituelt resonant dimension til dette bem\u00e6rkelsesv\u00e6rdige instrument. [&hellip;]<\/p>\n","protected":false},"featured_media":435501,"comment_status":"closed","ping_status":"open","template":"","meta":{"_angie_page":false},"product_brand":[],"product_cat":[5673,5571],"product_tag":[],"class_list":{"0":"post-196360","1":"product","2":"type-product","3":"status-publish","4":"has-post-thumbnail","6":"product_cat-musikinstrumenter","7":"product_cat-vintagegaver-og-souvenirs","8":"pa_collection-shamanic-djembe-drums-da","9":"pa_made-in-indonesien","11":"first","12":"instock","13":"purchasable","14":"product-type-simple"},"supplier_id":null,"supplier_sku":"DD-04","barcode":null,"atum_controlled":true,"out_stock_date":null,"out_stock_threshold":null,"inheritable":false,"inbound_stock":null,"stock_on_hold":0,"sold_today":0,"sales_last_days":0,"reserved_stock":null,"customer_returns":null,"warehouse_damage":null,"lost_in_post":null,"other_logs":null,"out_stock_days":34,"lost_sales":0,"has_location":null,"update_date":"2026-04-27T06:59:03","atum_locations":[],"atum_stock_status":"instock","restock_status":false,"low_stock_amount":"","sales_update_date":"2026-02-06T00:01:06","calc_backorders":null,"_links":{"self":[{"href":"https:\/\/aromasentia.com\/da\/wp-json\/wp\/v2\/product\/196360","targetHints":{"allow":["GET"]}}],"collection":[{"href":"https:\/\/aromasentia.com\/da\/wp-json\/wp\/v2\/product"}],"about":[{"href":"https:\/\/aromasentia.com\/da\/wp-json\/wp\/v2\/types\/product"}],"replies":[{"embeddable":true,"href":"https:\/\/aromasentia.com\/da\/wp-json\/wp\/v2\/comments?post=196360"}],"version-history":[{"count":0,"href":"https:\/\/aromasentia.com\/da\/wp-json\/wp\/v2\/product\/196360\/revisions"}],"wp:featuredmedia":[{"embeddable":true,"href":"https:\/\/aromasentia.com\/da\/wp-json\/wp\/v2\/media\/435501"}],"wp:attachment":[{"href":"https:\/\/aromasentia.com\/da\/wp-json\/wp\/v2\/media?parent=196360"}],"wp:term":[{"taxonomy":"product_brand","embeddable":true,"href":"https:\/\/aromasentia.com\/da\/wp-json\/wp\/v2\/product_brand?post=196360"},{"taxonomy":"product_cat","embeddable":true,"href":"https:\/\/aromasentia.com\/da\/wp-json\/wp\/v2\/product_cat?post=196360"},{"taxonomy":"product_tag","embeddable":true,"href":"https:\/\/aromasentia.com\/da\/wp-json\/wp\/v2\/product_tag?post=196360"}],"curies":[{"name":"wp","href":"https:\/\/api.w.org\/{rel}","templated":true}]}}