{"id":196358,"date":"2025-03-23T12:00:07","date_gmt":"2025-03-23T12:00:07","guid":{"rendered":"https:\/\/aromasentia.com\/product\/handmade-wide-top-djembe-drum-20cm\/"},"modified":"2025-06-22T02:53:49","modified_gmt":"2025-06-22T02:53:49","slug":"haandlavet-djembetromme-med-bred-top-20-cm","status":"publish","type":"product","link":"https:\/\/aromasentia.com\/da\/haandlavet-djembetromme-med-bred-top-20-cm\/","title":{"rendered":"H\u00e5ndlavet Djembetromme med Bred Top &#8211; 20 cm"},"content":{"rendered":"<p><span style=\"color: rgb(75, 80, 88);\"><strong>Den 20 cm brede djembe-tromme med elefantmotiv: En kulturel perle<\/strong><\/span><\/p>\n<p><span style=\"color: rgb(75, 80, 88);\">Dette bem\u00e6rkelsesv\u00e6rdige slagt\u00f8jsinstrument stammer fra hjertet af Vestafrika, is\u00e6r Mali-regionen. Djembe-trommer er kendt for deres karakteristiske b\u00e6gerform og de dybe, resonante melodier, de producerer. De har fundet en fremtr\u00e6dende plads i forskellige musikalske traditioner, is\u00e6r i Vestafrika, og deres globale popularitet forts\u00e6tter med at stige takket v\u00e6re deres alsidighed og karakteristiske tonale kvaliteter.<\/span><\/p>\n<p><span style=\"color: rgb(75, 80, 88);\"><strong>Den kunstneriske gengivelse af en elefant p\u00e5 trommens hud tilf\u00f8jer et f\u00e6ngslende visuelt element til dette unikke instrument. I mange afrikanske samfund repr\u00e6senterer elefanten kvaliteter som styrke, visdom og modstandsdygtighed og b\u00e6rer en dyb kulturel betydning.<\/span><\/p>\n<p><span style=\"color: rgb(75, 80, 88);\">Elefant Djembe Tromme med bred top er en unik og stemningsfuld tilf\u00f8jelse til enhver musikers samling. Den fungerer ogs\u00e5 som et meningsfuldt dekorativt stykke, der smukt blander kunst og tradition.<\/span><\/p>\n<p><span style=\"color: rgb(75, 80, 88);\"><em>Diameter: 12 cm<\/em><\/span><\/p>\n<p><span style=\"color: rgb(75, 80, 88);\"><em>H\u00f8jde: 20 cm<\/em><\/span><\/p>\n","protected":false},"excerpt":{"rendered":"<p>Den 20 cm brede djembe-tromme med elefantmotiv: En kulturel perle Dette bem\u00e6rkelsesv\u00e6rdige slagt\u00f8jsinstrument stammer fra hjertet af Vestafrika, is\u00e6r Mali-regionen. Djembe-trommer er kendt for deres karakteristiske b\u00e6gerform og de dybe, resonante melodier, de producerer. De har fundet en fremtr\u00e6dende plads i forskellige musikalske traditioner, is\u00e6r i Vestafrika, og deres globale popularitet forts\u00e6tter med at stige [&hellip;]<\/p>\n","protected":false},"featured_media":435451,"comment_status":"closed","ping_status":"open","template":"","meta":{"_angie_page":false},"product_brand":[],"product_cat":[5673,5571],"product_tag":[],"class_list":{"0":"post-196358","1":"product","2":"type-product","3":"status-publish","4":"has-post-thumbnail","6":"product_cat-musikinstrumenter","7":"product_cat-vintagegaver-og-souvenirs","8":"pa_collection-shamanic-djembe-drums-da","9":"pa_made-in-indonesien","11":"first","12":"instock","13":"purchasable","14":"product-type-simple"},"supplier_id":null,"supplier_sku":"DD-02","barcode":null,"atum_controlled":true,"out_stock_date":null,"out_stock_threshold":null,"inheritable":false,"inbound_stock":null,"stock_on_hold":0,"sold_today":0,"sales_last_days":0,"reserved_stock":null,"customer_returns":null,"warehouse_damage":null,"lost_in_post":null,"other_logs":null,"out_stock_days":0,"lost_sales":0,"has_location":null,"update_date":"2026-04-27T06:59:03","atum_locations":[],"atum_stock_status":"instock","restock_status":false,"low_stock_amount":"","sales_update_date":"2025-10-09T03:28:54","calc_backorders":null,"_links":{"self":[{"href":"https:\/\/aromasentia.com\/da\/wp-json\/wp\/v2\/product\/196358","targetHints":{"allow":["GET"]}}],"collection":[{"href":"https:\/\/aromasentia.com\/da\/wp-json\/wp\/v2\/product"}],"about":[{"href":"https:\/\/aromasentia.com\/da\/wp-json\/wp\/v2\/types\/product"}],"replies":[{"embeddable":true,"href":"https:\/\/aromasentia.com\/da\/wp-json\/wp\/v2\/comments?post=196358"}],"version-history":[{"count":0,"href":"https:\/\/aromasentia.com\/da\/wp-json\/wp\/v2\/product\/196358\/revisions"}],"wp:featuredmedia":[{"embeddable":true,"href":"https:\/\/aromasentia.com\/da\/wp-json\/wp\/v2\/media\/435451"}],"wp:attachment":[{"href":"https:\/\/aromasentia.com\/da\/wp-json\/wp\/v2\/media?parent=196358"}],"wp:term":[{"taxonomy":"product_brand","embeddable":true,"href":"https:\/\/aromasentia.com\/da\/wp-json\/wp\/v2\/product_brand?post=196358"},{"taxonomy":"product_cat","embeddable":true,"href":"https:\/\/aromasentia.com\/da\/wp-json\/wp\/v2\/product_cat?post=196358"},{"taxonomy":"product_tag","embeddable":true,"href":"https:\/\/aromasentia.com\/da\/wp-json\/wp\/v2\/product_tag?post=196358"}],"curies":[{"name":"wp","href":"https:\/\/api.w.org\/{rel}","templated":true}]}}