{"id":196353,"date":"2025-03-23T12:00:07","date_gmt":"2025-03-23T12:00:07","guid":{"rendered":"https:\/\/aromasentia.com\/product\/zoocen-hq-metal-pieces-set-29cm\/"},"modified":"2025-06-22T02:53:46","modified_gmt":"2025-06-22T02:53:46","slug":"zoocen-hq-saet-med-metalstykker-29-cm","status":"publish","type":"product","link":"https:\/\/aromasentia.com\/da\/zoocen-hq-saet-med-metalstykker-29-cm\/","title":{"rendered":"Zoocen Hq S\u00e6t med metalstykker &#8211; 29 cm"},"content":{"rendered":"<p>Skak er enormt popul\u00e6rt og stiger i popularitet.<\/p>\n<p>Skaks\u00e6t er fantastiske gaver til skoler og klubber.<\/p>\n<p>Her hos Ancient Wisdom er vi ivrige skakspillere! &nbsp;<\/p>\n<p>Men ikke kun for ivrige skakspillere, irriterende kloge b\u00f8rn eller spirende Kasparov, de er fantastiske til samlere eller en meningsfuld gave med vores kollektion af luksuri\u00f8se og eksotiske skaks\u00e6t.<\/p>\n<p>En fantastisk m\u00e5de at udvide sindet p\u00e5 og bringe lidt ekstra stil til et rum.<\/p>\n<p>Foldes sammen og holder alle skakbrikkerne indeni<\/p>\n<p>S\u00e6t skakmat til flere kasser &nbsp;\u265f\u265f\u265f\u265f<\/p>\n","protected":false},"excerpt":{"rendered":"<p>Skak er enormt popul\u00e6rt og stiger i popularitet. Skaks\u00e6t er fantastiske gaver til skoler og klubber. Her hos Ancient Wisdom er vi ivrige skakspillere! &nbsp; Men ikke kun for ivrige skakspillere, irriterende kloge b\u00f8rn eller spirende Kasparov, de er fantastiske til samlere eller en meningsfuld gave med vores kollektion af luksuri\u00f8se og eksotiske skaks\u00e6t. En [&hellip;]<\/p>\n","protected":false},"featured_media":435254,"comment_status":"closed","ping_status":"open","template":"","meta":[],"product_brand":[],"product_cat":[5571],"product_tag":[],"class_list":{"0":"post-196353","1":"product","2":"type-product","3":"status-publish","4":"has-post-thumbnail","6":"product_cat-vintagegaver-og-souvenirs","7":"pa_made-in-kina","9":"first","10":"instock","11":"purchasable","12":"product-type-simple"},"supplier_id":null,"supplier_sku":"Chess-34","barcode":null,"atum_controlled":true,"out_stock_date":null,"out_stock_threshold":null,"inheritable":false,"inbound_stock":null,"stock_on_hold":0,"sold_today":0,"sales_last_days":0,"reserved_stock":null,"customer_returns":null,"warehouse_damage":null,"lost_in_post":null,"other_logs":null,"out_stock_days":0,"lost_sales":0,"has_location":null,"update_date":"2026-01-30T01:25:44","atum_locations":[],"atum_stock_status":"instock","restock_status":false,"low_stock_amount":"","sales_update_date":"2026-01-30T01:25:44","calc_backorders":null,"_links":{"self":[{"href":"https:\/\/aromasentia.com\/da\/wp-json\/wp\/v2\/product\/196353","targetHints":{"allow":["GET"]}}],"collection":[{"href":"https:\/\/aromasentia.com\/da\/wp-json\/wp\/v2\/product"}],"about":[{"href":"https:\/\/aromasentia.com\/da\/wp-json\/wp\/v2\/types\/product"}],"replies":[{"embeddable":true,"href":"https:\/\/aromasentia.com\/da\/wp-json\/wp\/v2\/comments?post=196353"}],"version-history":[{"count":0,"href":"https:\/\/aromasentia.com\/da\/wp-json\/wp\/v2\/product\/196353\/revisions"}],"wp:featuredmedia":[{"embeddable":true,"href":"https:\/\/aromasentia.com\/da\/wp-json\/wp\/v2\/media\/435254"}],"wp:attachment":[{"href":"https:\/\/aromasentia.com\/da\/wp-json\/wp\/v2\/media?parent=196353"}],"wp:term":[{"taxonomy":"product_brand","embeddable":true,"href":"https:\/\/aromasentia.com\/da\/wp-json\/wp\/v2\/product_brand?post=196353"},{"taxonomy":"product_cat","embeddable":true,"href":"https:\/\/aromasentia.com\/da\/wp-json\/wp\/v2\/product_cat?post=196353"},{"taxonomy":"product_tag","embeddable":true,"href":"https:\/\/aromasentia.com\/da\/wp-json\/wp\/v2\/product_tag?post=196353"}],"curies":[{"name":"wp","href":"https:\/\/api.w.org\/{rel}","templated":true}]}}