{"id":196345,"date":"2025-03-23T12:01:10","date_gmt":"2025-03-23T12:01:10","guid":{"rendered":"https:\/\/aromasentia.com\/product\/maracas-rattle-double-twist\/"},"modified":"2025-06-22T02:53:43","modified_gmt":"2025-06-22T02:53:43","slug":"maracas-rangle-dobbelt-twist","status":"publish","type":"product","link":"https:\/\/aromasentia.com\/da\/maracas-rangle-dobbelt-twist\/","title":{"rendered":"maracas-Rangle &#8211; Dobbelt Twist"},"content":{"rendered":"<p><span style=\"color: rgb(75, 80, 88);\"><strong>Maracas-ranglen &#8211; Double Twist<\/strong>, et karakteristisk dekorativt musikinstrument, er omhyggeligt h\u00e5ndlavet p\u00e5 Bali af f\u00f8rsteklasses rattan.<\/span><\/p>\n<p><span style=\"color: rgb(75, 80, 88);\">Ud over sine musikalske evner fungerer denne maraca ogs\u00e5 som et charmerende dekorationsstykke. Dets unikke dobbelt-twist design genererer livlige, rytmiske perkussive lyde, der beriger musik, dans eller forestillinger med levende rytmer og tekstur.<\/span><\/p>\n<p><span style=\"color: rgb(75, 80, 88);\">\u25aa\ufe0f M\u00e5l: Cirka 25 cm i l\u00e6ngden<\/span><\/p>\n<p><span style=\"color: rgb(75, 80, 88);\">\u25aa\ufe0f Materiale: Rattan, h\u00e5ndlavet p\u00e5 Bali<\/span><\/p>\n<p><span style=\"color: rgb(75, 80, 88);\">\u25aa\ufe0f Producerer livlige og rytmiske perkussive lyde<\/span><\/p>\n<p><span style=\"color: rgb(75, 80, 88);\">\u25aa\ufe0f Unikt dobbelt-twist design<\/span><\/p>\n<p><span style=\"color: rgb(75, 80, 88);\">\u25aa\ufe0f Hvert stykke er unikt p\u00e5 grund af det omhyggelige h\u00e5ndv\u00e6rk proces.<\/span><\/p>\n","protected":false},"excerpt":{"rendered":"<p>Maracas-ranglen &#8211; Double Twist, et karakteristisk dekorativt musikinstrument, er omhyggeligt h\u00e5ndlavet p\u00e5 Bali af f\u00f8rsteklasses rattan. Ud over sine musikalske evner fungerer denne maraca ogs\u00e5 som et charmerende dekorationsstykke. Dets unikke dobbelt-twist design genererer livlige, rytmiske perkussive lyde, der beriger musik, dans eller forestillinger med levende rytmer og tekstur. \u25aa\ufe0f M\u00e5l: Cirka 25 cm i [&hellip;]<\/p>\n","protected":false},"featured_media":435973,"comment_status":"closed","ping_status":"open","template":"","meta":{"_angie_page":false},"product_brand":[],"product_cat":[5673,5571],"product_tag":[],"class_list":{"0":"post-196345","1":"product","2":"type-product","3":"status-publish","4":"has-post-thumbnail","6":"product_cat-musikinstrumenter","7":"product_cat-vintagegaver-og-souvenirs","8":"pa_collection-decorative-musical-instruments-da","9":"pa_made-in-indonesien","11":"first","12":"instock","13":"purchasable","14":"product-type-simple"},"supplier_id":null,"supplier_sku":"DMI-12","barcode":null,"atum_controlled":true,"out_stock_date":null,"out_stock_threshold":null,"inheritable":false,"inbound_stock":null,"stock_on_hold":0,"sold_today":0,"sales_last_days":0,"reserved_stock":null,"customer_returns":null,"warehouse_damage":null,"lost_in_post":null,"other_logs":null,"out_stock_days":0,"lost_sales":0,"has_location":null,"update_date":"2026-04-27T06:59:11","atum_locations":[],"atum_stock_status":"instock","restock_status":false,"low_stock_amount":"","sales_update_date":"2026-01-20T05:13:50","calc_backorders":null,"_links":{"self":[{"href":"https:\/\/aromasentia.com\/da\/wp-json\/wp\/v2\/product\/196345","targetHints":{"allow":["GET"]}}],"collection":[{"href":"https:\/\/aromasentia.com\/da\/wp-json\/wp\/v2\/product"}],"about":[{"href":"https:\/\/aromasentia.com\/da\/wp-json\/wp\/v2\/types\/product"}],"replies":[{"embeddable":true,"href":"https:\/\/aromasentia.com\/da\/wp-json\/wp\/v2\/comments?post=196345"}],"version-history":[{"count":0,"href":"https:\/\/aromasentia.com\/da\/wp-json\/wp\/v2\/product\/196345\/revisions"}],"wp:featuredmedia":[{"embeddable":true,"href":"https:\/\/aromasentia.com\/da\/wp-json\/wp\/v2\/media\/435973"}],"wp:attachment":[{"href":"https:\/\/aromasentia.com\/da\/wp-json\/wp\/v2\/media?parent=196345"}],"wp:term":[{"taxonomy":"product_brand","embeddable":true,"href":"https:\/\/aromasentia.com\/da\/wp-json\/wp\/v2\/product_brand?post=196345"},{"taxonomy":"product_cat","embeddable":true,"href":"https:\/\/aromasentia.com\/da\/wp-json\/wp\/v2\/product_cat?post=196345"},{"taxonomy":"product_tag","embeddable":true,"href":"https:\/\/aromasentia.com\/da\/wp-json\/wp\/v2\/product_tag?post=196345"}],"curies":[{"name":"wp","href":"https:\/\/api.w.org\/{rel}","templated":true}]}}