{"id":196344,"date":"2025-03-23T12:01:10","date_gmt":"2025-03-23T12:01:10","guid":{"rendered":"https:\/\/aromasentia.com\/product\/maracas-rattle-double-loop\/"},"modified":"2025-06-22T02:53:42","modified_gmt":"2025-06-22T02:53:42","slug":"maracas-rangle-dobbelt-loop","status":"publish","type":"product","link":"https:\/\/aromasentia.com\/da\/maracas-rangle-dobbelt-loop\/","title":{"rendered":"maracas-Rangle &#8211; Dobbelt Loop"},"content":{"rendered":"<p><span style=\"color: rgb(75, 80, 88);\">Maracas, slagt\u00f8jsinstrumenter, skaber en raslende eller rystende lyd. De best\u00e5r af parrede hule gr\u00e6skarlignende skaller eller andre materialer fyldt med perler, fr\u00f8 eller sm\u00e5 genstande, og de er forbundet med et h\u00e5ndtag. N\u00e5r de rystes, producerer indholdet den karakteristiske raslende lyd.<\/span> <\/p>\n","protected":false},"excerpt":{"rendered":"<p>Maracas, slagt\u00f8jsinstrumenter, skaber en raslende eller rystende lyd. De best\u00e5r af parrede hule gr\u00e6skarlignende skaller eller andre materialer fyldt med perler, fr\u00f8 eller sm\u00e5 genstande, og de er forbundet med et h\u00e5ndtag. N\u00e5r de rystes, producerer indholdet den karakteristiske raslende lyd.<\/p>\n","protected":false},"featured_media":435940,"comment_status":"closed","ping_status":"open","template":"","meta":{"_angie_page":false},"product_brand":[],"product_cat":[5673,5571],"product_tag":[],"class_list":{"0":"post-196344","1":"product","2":"type-product","3":"status-publish","4":"has-post-thumbnail","6":"product_cat-musikinstrumenter","7":"product_cat-vintagegaver-og-souvenirs","8":"pa_collection-decorative-musical-instruments-da","9":"pa_made-in-indonesien","11":"first","12":"instock","13":"purchasable","14":"product-type-simple"},"supplier_id":null,"supplier_sku":"DMI-11","barcode":null,"atum_controlled":true,"out_stock_date":null,"out_stock_threshold":null,"inheritable":false,"inbound_stock":null,"stock_on_hold":0,"sold_today":0,"sales_last_days":0,"reserved_stock":null,"customer_returns":null,"warehouse_damage":null,"lost_in_post":null,"other_logs":null,"out_stock_days":0,"lost_sales":0,"has_location":null,"update_date":"2026-04-27T06:59:11","atum_locations":[],"atum_stock_status":"instock","restock_status":false,"low_stock_amount":"","sales_update_date":"2025-10-09T03:28:57","calc_backorders":null,"_links":{"self":[{"href":"https:\/\/aromasentia.com\/da\/wp-json\/wp\/v2\/product\/196344","targetHints":{"allow":["GET"]}}],"collection":[{"href":"https:\/\/aromasentia.com\/da\/wp-json\/wp\/v2\/product"}],"about":[{"href":"https:\/\/aromasentia.com\/da\/wp-json\/wp\/v2\/types\/product"}],"replies":[{"embeddable":true,"href":"https:\/\/aromasentia.com\/da\/wp-json\/wp\/v2\/comments?post=196344"}],"version-history":[{"count":0,"href":"https:\/\/aromasentia.com\/da\/wp-json\/wp\/v2\/product\/196344\/revisions"}],"wp:featuredmedia":[{"embeddable":true,"href":"https:\/\/aromasentia.com\/da\/wp-json\/wp\/v2\/media\/435940"}],"wp:attachment":[{"href":"https:\/\/aromasentia.com\/da\/wp-json\/wp\/v2\/media?parent=196344"}],"wp:term":[{"taxonomy":"product_brand","embeddable":true,"href":"https:\/\/aromasentia.com\/da\/wp-json\/wp\/v2\/product_brand?post=196344"},{"taxonomy":"product_cat","embeddable":true,"href":"https:\/\/aromasentia.com\/da\/wp-json\/wp\/v2\/product_cat?post=196344"},{"taxonomy":"product_tag","embeddable":true,"href":"https:\/\/aromasentia.com\/da\/wp-json\/wp\/v2\/product_tag?post=196344"}],"curies":[{"name":"wp","href":"https:\/\/api.w.org\/{rel}","templated":true}]}}