{"id":196342,"date":"2025-03-23T12:01:10","date_gmt":"2025-03-23T12:01:10","guid":{"rendered":"https:\/\/aromasentia.com\/product\/ocarina-musical-animal-ladybird\/"},"modified":"2025-06-22T02:53:42","modified_gmt":"2025-06-22T02:53:42","slug":"ocarina-musikdyr-mariehoene","status":"publish","type":"product","link":"https:\/\/aromasentia.com\/da\/ocarina-musikdyr-mariehoene\/","title":{"rendered":"Ocarina musikdyr &#8211; marieh\u00f8ne"},"content":{"rendered":"<p>Ocarina Musical Animal &#8211; Ladybird er fremstillet med pr\u00e6cision og robusthed og tilbyder en karakteristisk musikalsk rejse med sit charmerende design.<\/p>\n<p>Denne ocarina bruger farveglasurteknologi og har en glat overflade, der sikrer en dejlig taktil oplevelse.<\/p>\n<p>Den er ubesv\u00e6ret selvl\u00e6rt og muligg\u00f8r hurtig og nem l\u00e6ring, hvilket eliminerer behovet for en l\u00e6rer. Dyk ned i musikkens verden uden besv\u00e6r.<\/p>\n","protected":false},"excerpt":{"rendered":"<p>Ocarina Musical Animal &#8211; Ladybird er fremstillet med pr\u00e6cision og robusthed og tilbyder en karakteristisk musikalsk rejse med sit charmerende design. Denne ocarina bruger farveglasurteknologi og har en glat overflade, der sikrer en dejlig taktil oplevelse. Den er ubesv\u00e6ret selvl\u00e6rt og muligg\u00f8r hurtig og nem l\u00e6ring, hvilket eliminerer behovet for en l\u00e6rer. Dyk ned i [&hellip;]<\/p>\n","protected":false},"featured_media":435874,"comment_status":"closed","ping_status":"open","template":"","meta":{"_angie_page":false},"product_brand":[],"product_cat":[5673,5571],"product_tag":[],"class_list":{"0":"post-196342","1":"product","2":"type-product","3":"status-publish","4":"has-post-thumbnail","6":"product_cat-musikinstrumenter","7":"product_cat-vintagegaver-og-souvenirs","8":"pa_collection-decorative-musical-instruments-da","9":"pa_made-in-indonesien","11":"first","12":"instock","13":"purchasable","14":"product-type-simple"},"supplier_id":null,"supplier_sku":"DMI-08","barcode":null,"atum_controlled":true,"out_stock_date":null,"out_stock_threshold":null,"inheritable":false,"inbound_stock":null,"stock_on_hold":0,"sold_today":0,"sales_last_days":0,"reserved_stock":null,"customer_returns":null,"warehouse_damage":null,"lost_in_post":null,"other_logs":null,"out_stock_days":0,"lost_sales":0,"has_location":null,"update_date":"2026-04-27T06:59:11","atum_locations":[],"atum_stock_status":"instock","restock_status":false,"low_stock_amount":"","sales_update_date":"2026-01-30T01:24:46","calc_backorders":null,"_links":{"self":[{"href":"https:\/\/aromasentia.com\/da\/wp-json\/wp\/v2\/product\/196342","targetHints":{"allow":["GET"]}}],"collection":[{"href":"https:\/\/aromasentia.com\/da\/wp-json\/wp\/v2\/product"}],"about":[{"href":"https:\/\/aromasentia.com\/da\/wp-json\/wp\/v2\/types\/product"}],"replies":[{"embeddable":true,"href":"https:\/\/aromasentia.com\/da\/wp-json\/wp\/v2\/comments?post=196342"}],"version-history":[{"count":0,"href":"https:\/\/aromasentia.com\/da\/wp-json\/wp\/v2\/product\/196342\/revisions"}],"wp:featuredmedia":[{"embeddable":true,"href":"https:\/\/aromasentia.com\/da\/wp-json\/wp\/v2\/media\/435874"}],"wp:attachment":[{"href":"https:\/\/aromasentia.com\/da\/wp-json\/wp\/v2\/media?parent=196342"}],"wp:term":[{"taxonomy":"product_brand","embeddable":true,"href":"https:\/\/aromasentia.com\/da\/wp-json\/wp\/v2\/product_brand?post=196342"},{"taxonomy":"product_cat","embeddable":true,"href":"https:\/\/aromasentia.com\/da\/wp-json\/wp\/v2\/product_cat?post=196342"},{"taxonomy":"product_tag","embeddable":true,"href":"https:\/\/aromasentia.com\/da\/wp-json\/wp\/v2\/product_tag?post=196342"}],"curies":[{"name":"wp","href":"https:\/\/api.w.org\/{rel}","templated":true}]}}