{"id":196338,"date":"2025-03-23T12:01:10","date_gmt":"2025-03-23T12:01:10","guid":{"rendered":"https:\/\/aromasentia.com\/product\/kasaka-shaker-beach\/"},"modified":"2025-06-22T02:53:40","modified_gmt":"2025-06-22T02:53:40","slug":"kasaka-shaker-strand","status":"publish","type":"product","link":"https:\/\/aromasentia.com\/da\/kasaka-shaker-strand\/","title":{"rendered":"Kasaka Shaker &#8211; Strand"},"content":{"rendered":"<p><span style=\"color: rgb(75, 80, 88);\">Opdag <strong>Kashaka Shaker &#8211; Beach<\/strong>, en harmonisk blanding af kunstnerisk udf\u00f8relse, h\u00e5ndv\u00e6rk og tropisk charme, en ideel tilf\u00f8jelse til enhver dekorativ samling.<\/span><\/p>\n<p><span style=\"color: rgb(75, 80, 88);\">Dette slagt\u00f8jsinstrument er kendt for sin unikke lyd. Hold en gr\u00e6skar i h\u00e5nden og skab rytmiske lyde ved at ryste, vride eller sl\u00e5 dem sammen. Bev\u00e6gelsen af fr\u00f8 eller perler inde i gr\u00e6skarrene producerer karakteristiske, perkussive toner.<\/span><\/p>\n<p><span style=\"color: rgb(75, 80, 88);\">\u25aa\ufe0f Dimensioner: Cirka 26 cm (10 tommer) i l\u00e6ngden<\/span><\/p>\n<p><span style=\"color: rgb(75, 80, 88);\">\u25aa\ufe0f Materiale: Suar-tr\u00e6, h\u00e5ndsk\u00e5ret p\u00e5 Bali<\/span><\/p>\n<p><span style=\"color: rgb(75, 80, 88);\">\u25aa\ufe0f Udsender en bred vifte af perkussive lyde<\/span><\/p>\n<p><span style=\"color: rgb(75, 80, 88);\">\u25aa\ufe0f Hvert stykke er unikt, et resultat af den omhyggelige h\u00e5ndv\u00e6rksproces.<\/span><\/p>\n","protected":false},"excerpt":{"rendered":"<p>Opdag Kashaka Shaker &#8211; Beach, en harmonisk blanding af kunstnerisk udf\u00f8relse, h\u00e5ndv\u00e6rk og tropisk charme, en ideel tilf\u00f8jelse til enhver dekorativ samling. Dette slagt\u00f8jsinstrument er kendt for sin unikke lyd. Hold en gr\u00e6skar i h\u00e5nden og skab rytmiske lyde ved at ryste, vride eller sl\u00e5 dem sammen. Bev\u00e6gelsen af fr\u00f8 eller perler inde i gr\u00e6skarrene [&hellip;]<\/p>\n","protected":false},"featured_media":435774,"comment_status":"closed","ping_status":"open","template":"","meta":{"_angie_page":false},"product_brand":[],"product_cat":[5673,5571],"product_tag":[],"class_list":{"0":"post-196338","1":"product","2":"type-product","3":"status-publish","4":"has-post-thumbnail","6":"product_cat-musikinstrumenter","7":"product_cat-vintagegaver-og-souvenirs","8":"pa_collection-decorative-musical-instruments-da","9":"pa_made-in-indonesien","11":"first","12":"instock","13":"purchasable","14":"product-type-simple"},"supplier_id":null,"supplier_sku":"DMI-04","barcode":null,"atum_controlled":true,"out_stock_date":null,"out_stock_threshold":null,"inheritable":false,"inbound_stock":null,"stock_on_hold":0,"sold_today":0,"sales_last_days":0,"reserved_stock":null,"customer_returns":null,"warehouse_damage":null,"lost_in_post":null,"other_logs":null,"out_stock_days":0,"lost_sales":0,"has_location":null,"update_date":"2026-04-27T06:59:03","atum_locations":[],"atum_stock_status":"instock","restock_status":false,"low_stock_amount":"","sales_update_date":"2025-10-09T03:28:53","calc_backorders":null,"_links":{"self":[{"href":"https:\/\/aromasentia.com\/da\/wp-json\/wp\/v2\/product\/196338","targetHints":{"allow":["GET"]}}],"collection":[{"href":"https:\/\/aromasentia.com\/da\/wp-json\/wp\/v2\/product"}],"about":[{"href":"https:\/\/aromasentia.com\/da\/wp-json\/wp\/v2\/types\/product"}],"replies":[{"embeddable":true,"href":"https:\/\/aromasentia.com\/da\/wp-json\/wp\/v2\/comments?post=196338"}],"version-history":[{"count":0,"href":"https:\/\/aromasentia.com\/da\/wp-json\/wp\/v2\/product\/196338\/revisions"}],"wp:featuredmedia":[{"embeddable":true,"href":"https:\/\/aromasentia.com\/da\/wp-json\/wp\/v2\/media\/435774"}],"wp:attachment":[{"href":"https:\/\/aromasentia.com\/da\/wp-json\/wp\/v2\/media?parent=196338"}],"wp:term":[{"taxonomy":"product_brand","embeddable":true,"href":"https:\/\/aromasentia.com\/da\/wp-json\/wp\/v2\/product_brand?post=196338"},{"taxonomy":"product_cat","embeddable":true,"href":"https:\/\/aromasentia.com\/da\/wp-json\/wp\/v2\/product_cat?post=196338"},{"taxonomy":"product_tag","embeddable":true,"href":"https:\/\/aromasentia.com\/da\/wp-json\/wp\/v2\/product_tag?post=196338"}],"curies":[{"name":"wp","href":"https:\/\/api.w.org\/{rel}","templated":true}]}}