{"id":196337,"date":"2025-03-23T12:01:10","date_gmt":"2025-03-23T12:01:10","guid":{"rendered":"https:\/\/aromasentia.com\/product\/churping-wooden-grasshopper\/"},"modified":"2025-06-22T02:53:40","modified_gmt":"2025-06-22T02:53:40","slug":"kvaernende-graeshoppe-af-trae","status":"publish","type":"product","link":"https:\/\/aromasentia.com\/da\/kvaernende-graeshoppe-af-trae\/","title":{"rendered":"Kv\u00e6rnende Gr\u00e6shoppe Af Tr\u00e6"},"content":{"rendered":"<p><strong>Wholesale Chirping Wooden Grasshopper<\/strong> er et dejligt og finurligt musikinstrument, der bringer naturens gl\u00e6de ind i dit musikalske repertoire. Denne charmerende gr\u00e6shoppe i tr\u00e6 er ikke bare et instrument; det er et unikt og interaktivt kunstv\u00e6rk, der indfanger essensen af udend\u00f8rslivet.<\/p>\n<p>Den kvidrende tr\u00e6gr\u00e6shoppe er fremstillet af <strong>tr\u00e6 af h\u00f8j kvalitet<\/strong> og er et fint afstemt instrument, der frembringer en levende og resonant <strong>kvidrende lyd<\/strong>, som minder om en livlig gr\u00e6shoppe p\u00e5 en sommereng. Dets enkle, men geniale design giver brugerne mulighed for at skabe rytmiske m\u00f8nstre og muntre melodier med en blid ber\u00f8ring.<\/p>\n<p>Denne tr\u00e6gr\u00e6shoppe giver en praktisk og engagerende musikalsk oplevelse. Uanset om du er p\u00e5 udkig efter en unik gave eller en karakteristisk tilf\u00f8jelse til din musiksamling, er Chirping Wooden Grasshopper et charmerende instrument, der tilf\u00f8jer et strejf af naturens serenade til din musikalske rejse.&nbsp;<\/p>\n","protected":false},"excerpt":{"rendered":"<p>Wholesale Chirping Wooden Grasshopper er et dejligt og finurligt musikinstrument, der bringer naturens gl\u00e6de ind i dit musikalske repertoire. Denne charmerende gr\u00e6shoppe i tr\u00e6 er ikke bare et instrument; det er et unikt og interaktivt kunstv\u00e6rk, der indfanger essensen af udend\u00f8rslivet. Den kvidrende tr\u00e6gr\u00e6shoppe er fremstillet af tr\u00e6 af h\u00f8j kvalitet og er et fint [&hellip;]<\/p>\n","protected":false},"featured_media":435749,"comment_status":"closed","ping_status":"open","template":"","meta":{"_angie_page":false},"product_brand":[],"product_cat":[5673,5571],"product_tag":[],"class_list":{"0":"post-196337","1":"product","2":"type-product","3":"status-publish","4":"has-post-thumbnail","6":"product_cat-musikinstrumenter","7":"product_cat-vintagegaver-og-souvenirs","8":"pa_collection-decorative-musical-instruments-da","9":"pa_made-in-indonesien","11":"first","12":"instock","13":"purchasable","14":"product-type-simple"},"supplier_id":null,"supplier_sku":"DMI-03","barcode":null,"atum_controlled":true,"out_stock_date":null,"out_stock_threshold":null,"inheritable":false,"inbound_stock":null,"stock_on_hold":0,"sold_today":0,"sales_last_days":0,"reserved_stock":null,"customer_returns":null,"warehouse_damage":null,"lost_in_post":null,"other_logs":null,"out_stock_days":0,"lost_sales":0,"has_location":null,"update_date":"2026-04-27T06:59:03","atum_locations":[],"atum_stock_status":"instock","restock_status":false,"low_stock_amount":"","sales_update_date":"2026-01-30T01:26:26","calc_backorders":null,"_links":{"self":[{"href":"https:\/\/aromasentia.com\/da\/wp-json\/wp\/v2\/product\/196337","targetHints":{"allow":["GET"]}}],"collection":[{"href":"https:\/\/aromasentia.com\/da\/wp-json\/wp\/v2\/product"}],"about":[{"href":"https:\/\/aromasentia.com\/da\/wp-json\/wp\/v2\/types\/product"}],"replies":[{"embeddable":true,"href":"https:\/\/aromasentia.com\/da\/wp-json\/wp\/v2\/comments?post=196337"}],"version-history":[{"count":0,"href":"https:\/\/aromasentia.com\/da\/wp-json\/wp\/v2\/product\/196337\/revisions"}],"wp:featuredmedia":[{"embeddable":true,"href":"https:\/\/aromasentia.com\/da\/wp-json\/wp\/v2\/media\/435749"}],"wp:attachment":[{"href":"https:\/\/aromasentia.com\/da\/wp-json\/wp\/v2\/media?parent=196337"}],"wp:term":[{"taxonomy":"product_brand","embeddable":true,"href":"https:\/\/aromasentia.com\/da\/wp-json\/wp\/v2\/product_brand?post=196337"},{"taxonomy":"product_cat","embeddable":true,"href":"https:\/\/aromasentia.com\/da\/wp-json\/wp\/v2\/product_cat?post=196337"},{"taxonomy":"product_tag","embeddable":true,"href":"https:\/\/aromasentia.com\/da\/wp-json\/wp\/v2\/product_tag?post=196337"}],"curies":[{"name":"wp","href":"https:\/\/api.w.org\/{rel}","templated":true}]}}