{"id":196336,"date":"2025-03-23T12:01:10","date_gmt":"2025-03-23T12:01:10","guid":{"rendered":"https:\/\/aromasentia.com\/product\/large-croaking-wooden-frog\/"},"modified":"2025-06-22T02:53:37","modified_gmt":"2025-06-22T02:53:37","slug":"stor-kvaekkende-traefroe","status":"publish","type":"product","link":"https:\/\/aromasentia.com\/da\/stor-kvaekkende-traefroe\/","title":{"rendered":"Stor Kv\u00e6kkende Tr\u00e6fr\u00f8"},"content":{"rendered":"<p><span style=\"color: rgb(75, 80, 88);\">Oplev den harmoniske fusion af kunst og musik med disse h\u00e5ndlavede dekorative musikinstrumenter, der afspejler Balis pulserende kunstneriske arv.<\/span><\/p>\n<p><span style=\"color: rgb(75, 80, 88);\">Disse fr\u00f8er er ikke blot udsmykninger, men mangefacetterede musikalske vidundere. Et blidt str\u00f8g med den medf\u00f8lgende tr\u00e6pind frembringer deres naturtro kv\u00e6kkende symfoni.<\/span><\/p>\n","protected":false},"excerpt":{"rendered":"<p>Oplev den harmoniske fusion af kunst og musik med disse h\u00e5ndlavede dekorative musikinstrumenter, der afspejler Balis pulserende kunstneriske arv. Disse fr\u00f8er er ikke blot udsmykninger, men mangefacetterede musikalske vidundere. Et blidt str\u00f8g med den medf\u00f8lgende tr\u00e6pind frembringer deres naturtro kv\u00e6kkende symfoni.<\/p>\n","protected":false},"featured_media":435708,"comment_status":"closed","ping_status":"open","template":"","meta":{"_angie_page":false},"product_brand":[],"product_cat":[5673,5571],"product_tag":[],"class_list":{"0":"post-196336","1":"product","2":"type-product","3":"status-publish","4":"has-post-thumbnail","6":"product_cat-musikinstrumenter","7":"product_cat-vintagegaver-og-souvenirs","8":"pa_collection-decorative-musical-instruments-da","9":"pa_made-in-indonesien","11":"first","12":"instock","13":"purchasable","14":"product-type-simple"},"supplier_id":null,"supplier_sku":"DMI-02","barcode":null,"atum_controlled":true,"out_stock_date":null,"out_stock_threshold":null,"inheritable":false,"inbound_stock":null,"stock_on_hold":0,"sold_today":0,"sales_last_days":0,"reserved_stock":null,"customer_returns":null,"warehouse_damage":null,"lost_in_post":null,"other_logs":null,"out_stock_days":0,"lost_sales":0,"has_location":null,"update_date":"2026-04-30T01:02:51","atum_locations":[],"atum_stock_status":"instock","restock_status":false,"low_stock_amount":"","sales_update_date":"2026-02-06T00:01:33","calc_backorders":null,"_links":{"self":[{"href":"https:\/\/aromasentia.com\/da\/wp-json\/wp\/v2\/product\/196336","targetHints":{"allow":["GET"]}}],"collection":[{"href":"https:\/\/aromasentia.com\/da\/wp-json\/wp\/v2\/product"}],"about":[{"href":"https:\/\/aromasentia.com\/da\/wp-json\/wp\/v2\/types\/product"}],"replies":[{"embeddable":true,"href":"https:\/\/aromasentia.com\/da\/wp-json\/wp\/v2\/comments?post=196336"}],"version-history":[{"count":0,"href":"https:\/\/aromasentia.com\/da\/wp-json\/wp\/v2\/product\/196336\/revisions"}],"wp:featuredmedia":[{"embeddable":true,"href":"https:\/\/aromasentia.com\/da\/wp-json\/wp\/v2\/media\/435708"}],"wp:attachment":[{"href":"https:\/\/aromasentia.com\/da\/wp-json\/wp\/v2\/media?parent=196336"}],"wp:term":[{"taxonomy":"product_brand","embeddable":true,"href":"https:\/\/aromasentia.com\/da\/wp-json\/wp\/v2\/product_brand?post=196336"},{"taxonomy":"product_cat","embeddable":true,"href":"https:\/\/aromasentia.com\/da\/wp-json\/wp\/v2\/product_cat?post=196336"},{"taxonomy":"product_tag","embeddable":true,"href":"https:\/\/aromasentia.com\/da\/wp-json\/wp\/v2\/product_tag?post=196336"}],"curies":[{"name":"wp","href":"https:\/\/api.w.org\/{rel}","templated":true}]}}