{"id":196331,"date":"2025-03-23T12:01:10","date_gmt":"2025-03-23T12:01:10","guid":{"rendered":"https:\/\/aromasentia.com\/product\/handmade-wide-top-djembe-drum-50cm\/"},"modified":"2025-06-22T02:53:35","modified_gmt":"2025-06-22T02:53:35","slug":"haandlavet-djembetromme-med-bred-top-50-cm","status":"publish","type":"product","link":"https:\/\/aromasentia.com\/da\/haandlavet-djembetromme-med-bred-top-50-cm\/","title":{"rendered":"H\u00e5ndlavet Djembetromme med Bred Top &#8211; 50 cm"},"content":{"rendered":"<p><span style=\"color: rgb(75, 80, 88);\"><strong>Den 50 cm brede djembe-tromme med Hamsa-m\u00f8nster: Hvor tradition m\u00f8der spiritualitet<\/strong><\/span><\/p>\n<p><span style=\"color: rgb(75, 80, 88);\">Dette unikke slagt\u00f8jsinstrument forener smukt den rige vestafrikanske trommerarv med Hamsa-symbolet, et potent symbol fyldt med kulturel og spirituel betydning.<\/span><\/p>\n<p><span style=\"color: rgb(75, 80, 88);\">St\u00f8rre djember, som denne, giver genlyd med dybe, basrige toner, hvilket skaber en fascinerende lydoplevelse.<\/span><\/p>\n<p><span style=\"color: rgb(75, 80, 88);\">Hamsaen, kendt som Fatimas H\u00e5nd eller Miriams H\u00e5nd, er en palmeformet talisman, der er kendt for at afv\u00e6rge det onde \u00f8je og sk\u00e6nke lykke. Den er universelt anerkendt i forskellige kulturer og spirituelle praksisser.<\/span><\/p>\n<p><span style=\"color: rgb(75, 80, 88);\"><strong>Djembe-tromme med bred top, prydet med Hamsa-designet, overskrider gr\u00e6nserne for blot at v\u00e6re musikinstrumenter. Den st\u00e5r som et fortryllende kunstv\u00e6rk, der tilbyder b\u00e5de visuel tiltr\u00e6kningskraft og spirituel inspiration.<\/strong> Perfekt til musikalske optr\u00e6dener, kulturelle sammenkomster eller som et dekorativt symbol, der repr\u00e6senterer beskyttelse og velsignelser.<\/span><\/p>\n<p><span style=\"color: rgb(75, 80, 88);\"><em>Diameter: 22 cm<\/em><\/span><\/p>\n<p><em><span style=\"color: rgb(75, 80, 88);\">H\u00f8jde: 50 cm<\/span><\/em><\/p>\n","protected":false},"excerpt":{"rendered":"<p>Den 50 cm brede djembe-tromme med Hamsa-m\u00f8nster: Hvor tradition m\u00f8der spiritualitet Dette unikke slagt\u00f8jsinstrument forener smukt den rige vestafrikanske trommerarv med Hamsa-symbolet, et potent symbol fyldt med kulturel og spirituel betydning. St\u00f8rre djember, som denne, giver genlyd med dybe, basrige toner, hvilket skaber en fascinerende lydoplevelse. Hamsaen, kendt som Fatimas H\u00e5nd eller Miriams H\u00e5nd, er [&hellip;]<\/p>\n","protected":false},"featured_media":435551,"comment_status":"closed","ping_status":"open","template":"","meta":{"_angie_page":false},"product_brand":[],"product_cat":[5673,5571],"product_tag":[],"class_list":{"0":"post-196331","1":"product","2":"type-product","3":"status-publish","4":"has-post-thumbnail","6":"product_cat-musikinstrumenter","7":"product_cat-vintagegaver-og-souvenirs","8":"pa_collection-shamanic-djembe-drums-da","9":"pa_made-in-indonesien","11":"first","12":"instock","13":"purchasable","14":"product-type-simple"},"supplier_id":null,"supplier_sku":"DD-06","barcode":null,"atum_controlled":true,"out_stock_date":null,"out_stock_threshold":null,"inheritable":false,"inbound_stock":null,"stock_on_hold":0,"sold_today":0,"sales_last_days":0,"reserved_stock":null,"customer_returns":null,"warehouse_damage":null,"lost_in_post":null,"other_logs":null,"out_stock_days":0,"lost_sales":0,"has_location":null,"update_date":"2026-04-27T06:59:03","atum_locations":[],"atum_stock_status":"instock","restock_status":false,"low_stock_amount":"","sales_update_date":"2025-10-09T03:28:52","calc_backorders":null,"_links":{"self":[{"href":"https:\/\/aromasentia.com\/da\/wp-json\/wp\/v2\/product\/196331","targetHints":{"allow":["GET"]}}],"collection":[{"href":"https:\/\/aromasentia.com\/da\/wp-json\/wp\/v2\/product"}],"about":[{"href":"https:\/\/aromasentia.com\/da\/wp-json\/wp\/v2\/types\/product"}],"replies":[{"embeddable":true,"href":"https:\/\/aromasentia.com\/da\/wp-json\/wp\/v2\/comments?post=196331"}],"version-history":[{"count":0,"href":"https:\/\/aromasentia.com\/da\/wp-json\/wp\/v2\/product\/196331\/revisions"}],"wp:featuredmedia":[{"embeddable":true,"href":"https:\/\/aromasentia.com\/da\/wp-json\/wp\/v2\/media\/435551"}],"wp:attachment":[{"href":"https:\/\/aromasentia.com\/da\/wp-json\/wp\/v2\/media?parent=196331"}],"wp:term":[{"taxonomy":"product_brand","embeddable":true,"href":"https:\/\/aromasentia.com\/da\/wp-json\/wp\/v2\/product_brand?post=196331"},{"taxonomy":"product_cat","embeddable":true,"href":"https:\/\/aromasentia.com\/da\/wp-json\/wp\/v2\/product_cat?post=196331"},{"taxonomy":"product_tag","embeddable":true,"href":"https:\/\/aromasentia.com\/da\/wp-json\/wp\/v2\/product_tag?post=196331"}],"curies":[{"name":"wp","href":"https:\/\/api.w.org\/{rel}","templated":true}]}}