{"id":196323,"date":"2025-03-23T12:02:39","date_gmt":"2025-03-23T12:02:39","guid":{"rendered":"https:\/\/aromasentia.com\/product\/med-square-box-13-5x13-5x6cm-mushroom-design-maroon\/"},"modified":"2025-06-22T02:53:32","modified_gmt":"2025-06-22T02:53:32","slug":"med-square-box-135x135x6cm-mushroom-design-maroon","status":"publish","type":"product","link":"https:\/\/aromasentia.com\/da\/med-square-box-135x135x6cm-mushroom-design-maroon\/","title":{"rendered":"med Square Box 13,5X13,5X6cm &#8211; mushroom Design maroon"},"content":{"rendered":"<p>Opbevar dine lidt st\u00f8rre skatte i denne mellemstore emaljerede firkantede \u00e6ske med et charmerende svampedesign i r\u00f8dbrun. Den m\u00e5ler 13,5&#215;13,5&#215;6 cm og er perfekt til smykker, souvenirs eller sm\u00e5 hobbyartikler.<\/p>\n","protected":false},"excerpt":{"rendered":"<p>Opbevar dine lidt st\u00f8rre skatte i denne mellemstore emaljerede firkantede \u00e6ske med et charmerende svampedesign i r\u00f8dbrun. Den m\u00e5ler 13,5&#215;13,5&#215;6 cm og er perfekt til smykker, souvenirs eller sm\u00e5 hobbyartikler.<\/p>\n","protected":false},"featured_media":436124,"comment_status":"closed","ping_status":"open","template":"","meta":{"_angie_page":false},"product_brand":[],"product_cat":[5582,5583],"product_tag":[],"class_list":{"0":"post-196323","1":"product","2":"type-product","3":"status-publish","4":"has-post-thumbnail","6":"product_cat-gaveindpakning","7":"product_cat-gaveopbevaring-og-traeaesker","8":"pa_collection-enamelled-trays-and-boxes-with-mushroom-design-da","9":"pa_made-in-indien","11":"first","12":"instock","13":"purchasable","14":"product-type-simple"},"supplier_id":null,"supplier_sku":"ENBT-03","barcode":null,"atum_controlled":true,"out_stock_date":null,"out_stock_threshold":null,"inheritable":false,"inbound_stock":null,"stock_on_hold":0,"sold_today":0,"sales_last_days":0,"reserved_stock":null,"customer_returns":null,"warehouse_damage":null,"lost_in_post":null,"other_logs":null,"out_stock_days":0,"lost_sales":0,"has_location":null,"update_date":"2026-05-08T05:07:21","atum_locations":[],"atum_stock_status":"instock","restock_status":false,"low_stock_amount":"","sales_update_date":"2026-01-30T01:26:05","calc_backorders":null,"_links":{"self":[{"href":"https:\/\/aromasentia.com\/da\/wp-json\/wp\/v2\/product\/196323","targetHints":{"allow":["GET"]}}],"collection":[{"href":"https:\/\/aromasentia.com\/da\/wp-json\/wp\/v2\/product"}],"about":[{"href":"https:\/\/aromasentia.com\/da\/wp-json\/wp\/v2\/types\/product"}],"replies":[{"embeddable":true,"href":"https:\/\/aromasentia.com\/da\/wp-json\/wp\/v2\/comments?post=196323"}],"version-history":[{"count":0,"href":"https:\/\/aromasentia.com\/da\/wp-json\/wp\/v2\/product\/196323\/revisions"}],"wp:featuredmedia":[{"embeddable":true,"href":"https:\/\/aromasentia.com\/da\/wp-json\/wp\/v2\/media\/436124"}],"wp:attachment":[{"href":"https:\/\/aromasentia.com\/da\/wp-json\/wp\/v2\/media?parent=196323"}],"wp:term":[{"taxonomy":"product_brand","embeddable":true,"href":"https:\/\/aromasentia.com\/da\/wp-json\/wp\/v2\/product_brand?post=196323"},{"taxonomy":"product_cat","embeddable":true,"href":"https:\/\/aromasentia.com\/da\/wp-json\/wp\/v2\/product_cat?post=196323"},{"taxonomy":"product_tag","embeddable":true,"href":"https:\/\/aromasentia.com\/da\/wp-json\/wp\/v2\/product_tag?post=196323"}],"curies":[{"name":"wp","href":"https:\/\/api.w.org\/{rel}","templated":true}]}}