{"id":196319,"date":"2025-03-23T12:02:39","date_gmt":"2025-03-23T12:02:39","guid":{"rendered":"https:\/\/aromasentia.com\/product\/kalimba-antique-turtle-coconut\/"},"modified":"2025-06-22T02:53:31","modified_gmt":"2025-06-22T02:53:31","slug":"kalimba-antik-skildpadde-kokosnoed","status":"publish","type":"product","link":"https:\/\/aromasentia.com\/da\/kalimba-antik-skildpadde-kokosnoed\/","title":{"rendered":"Kalimba Antik Skildpadde Kokosn\u00f8d"},"content":{"rendered":"<p>Kalimba Antique Turtle Coconut er et uds\u00f8gt musikinstrument og dekorativt stykke, h\u00e5ndlavet p\u00e5 Bali af en kokosn\u00f8ddeskal. Dette unikke instrument har syv st\u00e5ltangenter, der genererer en varm og resonant tone. De indviklede designs, der er udsk\u00e5ret i kokosn\u00f8ddeskallen, fremh\u00e6ver dets sk\u00f8nhed og g\u00f8r det ikke kun til et musikinstrument, men ogs\u00e5 til en charmerende dekorativ genstand.<\/p>\n<p>Kalimbaen, ofte omtalt som et tommelfingerklaver eller fingerklaver, udsender en dejlig og beroligende lyd, n\u00e5r tangenterne plukkes. Dens enkelhed g\u00f8r den tilg\u00e6ngelig og behagelig for b\u00e5de begyndere og erfarne musikere.<\/p>\n<ul>\n<li>M\u00e5l: Cirka 17 cm i diameter<\/li>\n<li>Materiale: Kokosn\u00f8ddeskalskrop med st\u00e5ltangenter<\/li>\n<li>Oprindelse: H\u00e5ndlavet p\u00e5 Bali<\/li>\n<li>Lydkvalitet: Producerer melodiske toner<\/li>\n<li>Brugervenlighed: Nem at spille p\u00e5 for alle niveauer<\/li>\n<li>Unikhed: Hvert stykke er en karakteristisk hyldest til naturen og h\u00e5ndv\u00e6rksm\u00e6ssigt h\u00e5ndv\u00e6rk<\/li>\n<\/ul>\n","protected":false},"excerpt":{"rendered":"<p>Kalimba Antique Turtle Coconut er et uds\u00f8gt musikinstrument og dekorativt stykke, h\u00e5ndlavet p\u00e5 Bali af en kokosn\u00f8ddeskal. Dette unikke instrument har syv st\u00e5ltangenter, der genererer en varm og resonant tone. De indviklede designs, der er udsk\u00e5ret i kokosn\u00f8ddeskallen, fremh\u00e6ver dets sk\u00f8nhed og g\u00f8r det ikke kun til et musikinstrument, men ogs\u00e5 til en charmerende dekorativ [&hellip;]<\/p>\n","protected":false},"featured_media":436024,"comment_status":"closed","ping_status":"open","template":"","meta":{"_angie_page":false},"product_brand":[],"product_cat":[5673,5571],"product_tag":[],"class_list":{"0":"post-196319","1":"product","2":"type-product","3":"status-publish","4":"has-post-thumbnail","6":"product_cat-musikinstrumenter","7":"product_cat-vintagegaver-og-souvenirs","8":"pa_collection-decorative-musical-instruments-da","9":"pa_made-in-indonesien","11":"first","12":"instock","13":"purchasable","14":"product-type-simple"},"supplier_id":null,"supplier_sku":"DMI-14","barcode":null,"atum_controlled":true,"out_stock_date":null,"out_stock_threshold":null,"inheritable":false,"inbound_stock":null,"stock_on_hold":0,"sold_today":0,"sales_last_days":0,"reserved_stock":null,"customer_returns":null,"warehouse_damage":null,"lost_in_post":null,"other_logs":null,"out_stock_days":0,"lost_sales":0,"has_location":null,"update_date":"2026-04-27T06:59:11","atum_locations":[],"atum_stock_status":"instock","restock_status":false,"low_stock_amount":"","sales_update_date":"2026-02-06T00:01:17","calc_backorders":null,"_links":{"self":[{"href":"https:\/\/aromasentia.com\/da\/wp-json\/wp\/v2\/product\/196319","targetHints":{"allow":["GET"]}}],"collection":[{"href":"https:\/\/aromasentia.com\/da\/wp-json\/wp\/v2\/product"}],"about":[{"href":"https:\/\/aromasentia.com\/da\/wp-json\/wp\/v2\/types\/product"}],"replies":[{"embeddable":true,"href":"https:\/\/aromasentia.com\/da\/wp-json\/wp\/v2\/comments?post=196319"}],"version-history":[{"count":0,"href":"https:\/\/aromasentia.com\/da\/wp-json\/wp\/v2\/product\/196319\/revisions"}],"wp:featuredmedia":[{"embeddable":true,"href":"https:\/\/aromasentia.com\/da\/wp-json\/wp\/v2\/media\/436024"}],"wp:attachment":[{"href":"https:\/\/aromasentia.com\/da\/wp-json\/wp\/v2\/media?parent=196319"}],"wp:term":[{"taxonomy":"product_brand","embeddable":true,"href":"https:\/\/aromasentia.com\/da\/wp-json\/wp\/v2\/product_brand?post=196319"},{"taxonomy":"product_cat","embeddable":true,"href":"https:\/\/aromasentia.com\/da\/wp-json\/wp\/v2\/product_cat?post=196319"},{"taxonomy":"product_tag","embeddable":true,"href":"https:\/\/aromasentia.com\/da\/wp-json\/wp\/v2\/product_tag?post=196319"}],"curies":[{"name":"wp","href":"https:\/\/api.w.org\/{rel}","templated":true}]}}