{"id":196318,"date":"2025-03-23T12:02:39","date_gmt":"2025-03-23T12:02:39","guid":{"rendered":"https:\/\/aromasentia.com\/product\/kalimba-antique-coconut\/"},"modified":"2025-06-22T02:53:30","modified_gmt":"2025-06-22T02:53:30","slug":"kalimba-antik-kokosnoed","status":"publish","type":"product","link":"https:\/\/aromasentia.com\/da\/kalimba-antik-kokosnoed\/","title":{"rendered":"Kalimba Antik Kokosn\u00f8d"},"content":{"rendered":"<p><span style=\"color: rgb(75, 80, 88);\">Kalimba Antique Coconut er et uds\u00f8gt musikinstrument og dekorativt stykke, h\u00e5ndlavet p\u00e5 Bali af en kokosn\u00f8ddeskal. Dette unikke instrument har syv st\u00e5ltangenter, der genererer en varm og resonant tone. De indviklede designs, der er udsk\u00e5ret i kokosn\u00f8ddeskallen, fremh\u00e6ver dets sk\u00f8nhed og g\u00f8r det ikke kun til et musikinstrument, men ogs\u00e5 til en charmerende dekorativ genstand.<\/span><\/p>\n<p><span style=\"color: rgb(75, 80, 88);\">Kalimbaen, ofte omtalt som et tommelfingerklaver eller fingerklaver, udsender en dejlig og beroligende lyd, n\u00e5r tangenterne bliver plukket. Dens enkelhed g\u00f8r den tilg\u00e6ngelig og underholdende for b\u00e5de begyndere og erfarne musikere.<\/span><\/p>\n<ul>\n<li><span style=\"color: rgb(75, 80, 88);\">M\u00e5l: Cirka 14 cm (5,5 tommer) i diameter<\/span><\/li>\n<li><span style=\"color: rgb(75, 80, 88);\">Materiale: Kokosn\u00f8ddeskal med st\u00e5ltangenter<\/span><\/li>\n<li><span style=\"color: rgb(75, 80, 88);\">Oprindelse: H\u00e5ndlavet p\u00e5 Bali<\/span><\/li>\n<li><span style=\"color: rgb(75, 80, 88);\">Lydkvalitet: Producerer melodiske toner<\/span><\/li>\n<li><span style=\"color: rgb(75, 80, 88);\">Brugervenlighed: Nem at spille p\u00e5 for alle niveauer<\/span><\/li>\n<li><span style=\"color: rgb(75, 80, 88);\">Unikhed: Hvert stykke er en karakteristisk hyldest til naturen og h\u00e5ndv\u00e6rksm\u00e6ssigt dygtigt h\u00e5ndv\u00e6rk.<\/span><\/li>\n<\/ul>\n","protected":false},"excerpt":{"rendered":"<p>Kalimba Antique Coconut er et uds\u00f8gt musikinstrument og dekorativt stykke, h\u00e5ndlavet p\u00e5 Bali af en kokosn\u00f8ddeskal. Dette unikke instrument har syv st\u00e5ltangenter, der genererer en varm og resonant tone. De indviklede designs, der er udsk\u00e5ret i kokosn\u00f8ddeskallen, fremh\u00e6ver dets sk\u00f8nhed og g\u00f8r det ikke kun til et musikinstrument, men ogs\u00e5 til en charmerende dekorativ genstand. [&hellip;]<\/p>\n","protected":false},"featured_media":436015,"comment_status":"closed","ping_status":"open","template":"","meta":{"_angie_page":false},"product_brand":[],"product_cat":[5673,5571],"product_tag":[],"class_list":{"0":"post-196318","1":"product","2":"type-product","3":"status-publish","4":"has-post-thumbnail","6":"product_cat-musikinstrumenter","7":"product_cat-vintagegaver-og-souvenirs","8":"pa_collection-decorative-musical-instruments-da","9":"pa_made-in-indonesien","11":"first","12":"instock","13":"purchasable","14":"product-type-simple"},"supplier_id":null,"supplier_sku":"DMI-13","barcode":null,"atum_controlled":true,"out_stock_date":null,"out_stock_threshold":null,"inheritable":false,"inbound_stock":null,"stock_on_hold":0,"sold_today":0,"sales_last_days":0,"reserved_stock":null,"customer_returns":null,"warehouse_damage":null,"lost_in_post":null,"other_logs":null,"out_stock_days":0,"lost_sales":0,"has_location":null,"update_date":"2026-04-27T06:59:11","atum_locations":[],"atum_stock_status":"instock","restock_status":false,"low_stock_amount":"","sales_update_date":"2025-10-09T03:28:57","calc_backorders":null,"_links":{"self":[{"href":"https:\/\/aromasentia.com\/da\/wp-json\/wp\/v2\/product\/196318","targetHints":{"allow":["GET"]}}],"collection":[{"href":"https:\/\/aromasentia.com\/da\/wp-json\/wp\/v2\/product"}],"about":[{"href":"https:\/\/aromasentia.com\/da\/wp-json\/wp\/v2\/types\/product"}],"replies":[{"embeddable":true,"href":"https:\/\/aromasentia.com\/da\/wp-json\/wp\/v2\/comments?post=196318"}],"version-history":[{"count":0,"href":"https:\/\/aromasentia.com\/da\/wp-json\/wp\/v2\/product\/196318\/revisions"}],"wp:featuredmedia":[{"embeddable":true,"href":"https:\/\/aromasentia.com\/da\/wp-json\/wp\/v2\/media\/436015"}],"wp:attachment":[{"href":"https:\/\/aromasentia.com\/da\/wp-json\/wp\/v2\/media?parent=196318"}],"wp:term":[{"taxonomy":"product_brand","embeddable":true,"href":"https:\/\/aromasentia.com\/da\/wp-json\/wp\/v2\/product_brand?post=196318"},{"taxonomy":"product_cat","embeddable":true,"href":"https:\/\/aromasentia.com\/da\/wp-json\/wp\/v2\/product_cat?post=196318"},{"taxonomy":"product_tag","embeddable":true,"href":"https:\/\/aromasentia.com\/da\/wp-json\/wp\/v2\/product_tag?post=196318"}],"curies":[{"name":"wp","href":"https:\/\/api.w.org\/{rel}","templated":true}]}}