{"id":196309,"date":"2025-03-23T12:03:54","date_gmt":"2025-03-23T12:03:54","guid":{"rendered":"https:\/\/aromasentia.com\/product\/big-rectangle-box-21-5x14x6-3cm-buddha-face-black-engraved\/"},"modified":"2025-06-22T02:53:25","modified_gmt":"2025-06-22T02:53:25","slug":"stor-rektangulaer-aeske-215x14x63cm-buddha-ansigt-sort-indgraveret","status":"publish","type":"product","link":"https:\/\/aromasentia.com\/da\/stor-rektangulaer-aeske-215x14x63cm-buddha-ansigt-sort-indgraveret\/","title":{"rendered":"Stor Rektangul\u00e6r \u00c6ske 21,5X14X6,3cm &#8211; Buddha Ansigt Sort Indgraveret"},"content":{"rendered":"<p>Organiser dine st\u00f8rre ting med et strejf af spirituel elegance i denne store rektangul\u00e6re \u00e6ske med et sort indgraveret Buddha-ansigtsdesign. Den m\u00e5ler 21,5x14x6,3 cm og er perfekt til opbevaring af fotos, dagb\u00f8ger eller andre betydningsfulde ting.<\/p>\n","protected":false},"excerpt":{"rendered":"<p>Organiser dine st\u00f8rre ting med et strejf af spirituel elegance i denne store rektangul\u00e6re \u00e6ske med et sort indgraveret Buddha-ansigtsdesign. Den m\u00e5ler 21,5x14x6,3 cm og er perfekt til opbevaring af fotos, dagb\u00f8ger eller andre betydningsfulde ting.<\/p>\n","protected":false},"featured_media":436501,"comment_status":"closed","ping_status":"open","template":"","meta":{"_angie_page":false},"product_brand":[],"product_cat":[5582,5583],"product_tag":[],"class_list":{"0":"post-196309","1":"product","2":"type-product","3":"status-publish","4":"has-post-thumbnail","6":"product_cat-gaveindpakning","7":"product_cat-gaveopbevaring-og-traeaesker","8":"pa_collection-handcrafted-wooden-boxes-trays--buddha-hamsa-collection-da","9":"pa_made-in-indien","11":"first","12":"instock","13":"purchasable","14":"product-type-simple"},"supplier_id":null,"supplier_sku":"ETBT-10","barcode":null,"atum_controlled":true,"out_stock_date":null,"out_stock_threshold":null,"inheritable":false,"inbound_stock":null,"stock_on_hold":0,"sold_today":0,"sales_last_days":0,"reserved_stock":null,"customer_returns":null,"warehouse_damage":null,"lost_in_post":null,"other_logs":null,"out_stock_days":0,"lost_sales":0,"has_location":null,"update_date":"2026-04-27T07:02:07","atum_locations":[],"atum_stock_status":"instock","restock_status":false,"low_stock_amount":"","sales_update_date":"2026-01-30T01:24:32","calc_backorders":null,"_links":{"self":[{"href":"https:\/\/aromasentia.com\/da\/wp-json\/wp\/v2\/product\/196309","targetHints":{"allow":["GET"]}}],"collection":[{"href":"https:\/\/aromasentia.com\/da\/wp-json\/wp\/v2\/product"}],"about":[{"href":"https:\/\/aromasentia.com\/da\/wp-json\/wp\/v2\/types\/product"}],"replies":[{"embeddable":true,"href":"https:\/\/aromasentia.com\/da\/wp-json\/wp\/v2\/comments?post=196309"}],"version-history":[{"count":0,"href":"https:\/\/aromasentia.com\/da\/wp-json\/wp\/v2\/product\/196309\/revisions"}],"wp:featuredmedia":[{"embeddable":true,"href":"https:\/\/aromasentia.com\/da\/wp-json\/wp\/v2\/media\/436501"}],"wp:attachment":[{"href":"https:\/\/aromasentia.com\/da\/wp-json\/wp\/v2\/media?parent=196309"}],"wp:term":[{"taxonomy":"product_brand","embeddable":true,"href":"https:\/\/aromasentia.com\/da\/wp-json\/wp\/v2\/product_brand?post=196309"},{"taxonomy":"product_cat","embeddable":true,"href":"https:\/\/aromasentia.com\/da\/wp-json\/wp\/v2\/product_cat?post=196309"},{"taxonomy":"product_tag","embeddable":true,"href":"https:\/\/aromasentia.com\/da\/wp-json\/wp\/v2\/product_tag?post=196309"}],"curies":[{"name":"wp","href":"https:\/\/api.w.org\/{rel}","templated":true}]}}