{"id":196307,"date":"2025-03-23T12:03:54","date_gmt":"2025-03-23T12:03:54","guid":{"rendered":"https:\/\/aromasentia.com\/product\/med-square-box-17x10x4-2cm-hamsa-black-engraved\/"},"modified":"2025-06-22T02:53:24","modified_gmt":"2025-06-22T02:53:24","slug":"med-square-box-17x10x4-2cm-hamsa-sort-indgraveret","status":"publish","type":"product","link":"https:\/\/aromasentia.com\/da\/med-square-box-17x10x4-2cm-hamsa-sort-indgraveret\/","title":{"rendered":"med Square Box 17X10X4.2cm &#8211; Hamsa Sort Indgraveret"},"content":{"rendered":"<p>Organiser dine mellemstore genstande med et strejf af beskyttende kunstf\u00e6rdighed i denne mellemstore firkantede \u00e6ske med et sort indgraveret Hamsa-h\u00e5nddesign. Den m\u00e5ler 17x10x4,2 cm og er perfekt til smykker, sm\u00e5 spirituelle genstande eller v\u00e6rdifulde minder.<\/p>\n","protected":false},"excerpt":{"rendered":"<p>Organiser dine mellemstore genstande med et strejf af beskyttende kunstf\u00e6rdighed i denne mellemstore firkantede \u00e6ske med et sort indgraveret Hamsa-h\u00e5nddesign. Den m\u00e5ler 17x10x4,2 cm og er perfekt til smykker, sm\u00e5 spirituelle genstande eller v\u00e6rdifulde minder.<\/p>\n","protected":false},"featured_media":436467,"comment_status":"closed","ping_status":"open","template":"","meta":{"_angie_page":false},"product_brand":[],"product_cat":[5582,5583],"product_tag":[],"class_list":{"0":"post-196307","1":"product","2":"type-product","3":"status-publish","4":"has-post-thumbnail","6":"product_cat-gaveindpakning","7":"product_cat-gaveopbevaring-og-traeaesker","8":"pa_collection-handcrafted-wooden-boxes-trays--buddha-hamsa-collection-da","9":"pa_made-in-indien","11":"first","12":"instock","13":"purchasable","14":"product-type-simple"},"supplier_id":null,"supplier_sku":"ETBT-08","barcode":null,"atum_controlled":true,"out_stock_date":null,"out_stock_threshold":null,"inheritable":false,"inbound_stock":null,"stock_on_hold":0,"sold_today":0,"sales_last_days":0,"reserved_stock":null,"customer_returns":null,"warehouse_damage":null,"lost_in_post":null,"other_logs":null,"out_stock_days":0,"lost_sales":0,"has_location":null,"update_date":"2026-05-08T05:08:29","atum_locations":[],"atum_stock_status":"instock","restock_status":false,"low_stock_amount":"","sales_update_date":"2026-02-06T00:01:34","calc_backorders":null,"_links":{"self":[{"href":"https:\/\/aromasentia.com\/da\/wp-json\/wp\/v2\/product\/196307","targetHints":{"allow":["GET"]}}],"collection":[{"href":"https:\/\/aromasentia.com\/da\/wp-json\/wp\/v2\/product"}],"about":[{"href":"https:\/\/aromasentia.com\/da\/wp-json\/wp\/v2\/types\/product"}],"replies":[{"embeddable":true,"href":"https:\/\/aromasentia.com\/da\/wp-json\/wp\/v2\/comments?post=196307"}],"version-history":[{"count":0,"href":"https:\/\/aromasentia.com\/da\/wp-json\/wp\/v2\/product\/196307\/revisions"}],"wp:featuredmedia":[{"embeddable":true,"href":"https:\/\/aromasentia.com\/da\/wp-json\/wp\/v2\/media\/436467"}],"wp:attachment":[{"href":"https:\/\/aromasentia.com\/da\/wp-json\/wp\/v2\/media?parent=196307"}],"wp:term":[{"taxonomy":"product_brand","embeddable":true,"href":"https:\/\/aromasentia.com\/da\/wp-json\/wp\/v2\/product_brand?post=196307"},{"taxonomy":"product_cat","embeddable":true,"href":"https:\/\/aromasentia.com\/da\/wp-json\/wp\/v2\/product_cat?post=196307"},{"taxonomy":"product_tag","embeddable":true,"href":"https:\/\/aromasentia.com\/da\/wp-json\/wp\/v2\/product_tag?post=196307"}],"curies":[{"name":"wp","href":"https:\/\/api.w.org\/{rel}","templated":true}]}}