{"id":196301,"date":"2025-03-23T12:03:54","date_gmt":"2025-03-23T12:03:54","guid":{"rendered":"https:\/\/aromasentia.com\/product\/small-square-box-10x10x4-2cm-buddha-face-black-engraved\/"},"modified":"2025-06-22T02:53:22","modified_gmt":"2025-06-22T02:53:22","slug":"lille-firkantet-aeske-10x10x42cm-buddha-ansigt-sort-indgraveret","status":"publish","type":"product","link":"https:\/\/aromasentia.com\/da\/lille-firkantet-aeske-10x10x42cm-buddha-ansigt-sort-indgraveret\/","title":{"rendered":"Lille Firkantet \u00c6ske 10X10X4,2cm &#8211; Buddha Ansigt Sort Indgraveret"},"content":{"rendered":"<p>Organiser dine sm\u00e5ting med et strejf af spirituel elegance i denne lille firkantede \u00e6ske med et sort indgraveret Buddha-ansigtsdesign. Den m\u00e5ler 10x10x4,2 cm og er perfekt til opbevaring af smykker, nipsgenstande eller sm\u00e5 meditationsredskaber.<\/p>\n","protected":false},"excerpt":{"rendered":"<p>Organiser dine sm\u00e5ting med et strejf af spirituel elegance i denne lille firkantede \u00e6ske med et sort indgraveret Buddha-ansigtsdesign. Den m\u00e5ler 10x10x4,2 cm og er perfekt til opbevaring af smykker, nipsgenstande eller sm\u00e5 meditationsredskaber.<\/p>\n","protected":false},"featured_media":436365,"comment_status":"closed","ping_status":"open","template":"","meta":{"_angie_page":false},"product_brand":[],"product_cat":[5582,5583],"product_tag":[],"class_list":{"0":"post-196301","1":"product","2":"type-product","3":"status-publish","4":"has-post-thumbnail","6":"product_cat-gaveindpakning","7":"product_cat-gaveopbevaring-og-traeaesker","8":"pa_collection-handcrafted-wooden-boxes-trays--buddha-hamsa-collection-da","9":"pa_made-in-indien","11":"first","12":"instock","13":"purchasable","14":"product-type-simple"},"supplier_id":null,"supplier_sku":"ETBT-02","barcode":null,"atum_controlled":true,"out_stock_date":null,"out_stock_threshold":null,"inheritable":false,"inbound_stock":null,"stock_on_hold":0,"sold_today":0,"sales_last_days":0,"reserved_stock":null,"customer_returns":null,"warehouse_damage":null,"lost_in_post":null,"other_logs":null,"out_stock_days":0,"lost_sales":0,"has_location":null,"update_date":"2026-04-27T07:02:07","atum_locations":[],"atum_stock_status":"instock","restock_status":false,"low_stock_amount":"","sales_update_date":"2026-01-30T01:24:36","calc_backorders":null,"_links":{"self":[{"href":"https:\/\/aromasentia.com\/da\/wp-json\/wp\/v2\/product\/196301","targetHints":{"allow":["GET"]}}],"collection":[{"href":"https:\/\/aromasentia.com\/da\/wp-json\/wp\/v2\/product"}],"about":[{"href":"https:\/\/aromasentia.com\/da\/wp-json\/wp\/v2\/types\/product"}],"replies":[{"embeddable":true,"href":"https:\/\/aromasentia.com\/da\/wp-json\/wp\/v2\/comments?post=196301"}],"version-history":[{"count":0,"href":"https:\/\/aromasentia.com\/da\/wp-json\/wp\/v2\/product\/196301\/revisions"}],"wp:featuredmedia":[{"embeddable":true,"href":"https:\/\/aromasentia.com\/da\/wp-json\/wp\/v2\/media\/436365"}],"wp:attachment":[{"href":"https:\/\/aromasentia.com\/da\/wp-json\/wp\/v2\/media?parent=196301"}],"wp:term":[{"taxonomy":"product_brand","embeddable":true,"href":"https:\/\/aromasentia.com\/da\/wp-json\/wp\/v2\/product_brand?post=196301"},{"taxonomy":"product_cat","embeddable":true,"href":"https:\/\/aromasentia.com\/da\/wp-json\/wp\/v2\/product_cat?post=196301"},{"taxonomy":"product_tag","embeddable":true,"href":"https:\/\/aromasentia.com\/da\/wp-json\/wp\/v2\/product_tag?post=196301"}],"curies":[{"name":"wp","href":"https:\/\/api.w.org\/{rel}","templated":true}]}}