{"id":196292,"date":"2025-03-23T12:04:43","date_gmt":"2025-03-23T12:04:43","guid":{"rendered":"https:\/\/aromasentia.com\/product\/long-tray-30x15x2-5cm-hamsa-design-whitewash\/"},"modified":"2025-06-22T02:53:16","modified_gmt":"2025-06-22T02:53:16","slug":"lang-bakke-30x15x25cm-hamsa-design-whitewash","status":"publish","type":"product","link":"https:\/\/aromasentia.com\/da\/lang-bakke-30x15x25cm-hamsa-design-whitewash\/","title":{"rendered":"Lang Bakke 30X15X2,5cm &#8211; Hamsa Design Whitewash"},"content":{"rendered":"<p>Udstil dine ting med et strejf af \u00e5ndelig beskyttelse p\u00e5 denne lange bakke med et hvidkalket Hamsa-h\u00e5nddesign. Den m\u00e5ler 30x15x2,5 cm og er perfekt til servering, organisering eller som symbolsk dekoration.<\/p>\n","protected":false},"excerpt":{"rendered":"<p>Udstil dine ting med et strejf af \u00e5ndelig beskyttelse p\u00e5 denne lange bakke med et hvidkalket Hamsa-h\u00e5nddesign. Den m\u00e5ler 30x15x2,5 cm og er perfekt til servering, organisering eller som symbolsk dekoration.<\/p>\n","protected":false},"featured_media":436658,"comment_status":"closed","ping_status":"open","template":"","meta":[],"product_brand":[],"product_cat":[5582,5583],"product_tag":[],"class_list":{"0":"post-196292","1":"product","2":"type-product","3":"status-publish","4":"has-post-thumbnail","6":"product_cat-gaveindpakning","7":"product_cat-gaveopbevaring-og-traeaesker","8":"pa_collection-handcrafted-wooden-boxes-trays--buddha-hamsa-collection-da","9":"pa_made-in-indien","11":"first","12":"instock","13":"purchasable","14":"product-type-simple"},"supplier_id":null,"supplier_sku":"ETBT-23","barcode":null,"atum_controlled":true,"out_stock_date":null,"out_stock_threshold":null,"inheritable":false,"inbound_stock":null,"stock_on_hold":0,"sold_today":0,"sales_last_days":0,"reserved_stock":null,"customer_returns":null,"warehouse_damage":null,"lost_in_post":null,"other_logs":null,"out_stock_days":0,"lost_sales":0,"has_location":null,"update_date":"2026-01-30T01:24:41","atum_locations":[],"atum_stock_status":"instock","restock_status":false,"low_stock_amount":"","sales_update_date":"2026-01-30T01:24:41","calc_backorders":null,"_links":{"self":[{"href":"https:\/\/aromasentia.com\/da\/wp-json\/wp\/v2\/product\/196292","targetHints":{"allow":["GET"]}}],"collection":[{"href":"https:\/\/aromasentia.com\/da\/wp-json\/wp\/v2\/product"}],"about":[{"href":"https:\/\/aromasentia.com\/da\/wp-json\/wp\/v2\/types\/product"}],"replies":[{"embeddable":true,"href":"https:\/\/aromasentia.com\/da\/wp-json\/wp\/v2\/comments?post=196292"}],"version-history":[{"count":0,"href":"https:\/\/aromasentia.com\/da\/wp-json\/wp\/v2\/product\/196292\/revisions"}],"wp:featuredmedia":[{"embeddable":true,"href":"https:\/\/aromasentia.com\/da\/wp-json\/wp\/v2\/media\/436658"}],"wp:attachment":[{"href":"https:\/\/aromasentia.com\/da\/wp-json\/wp\/v2\/media?parent=196292"}],"wp:term":[{"taxonomy":"product_brand","embeddable":true,"href":"https:\/\/aromasentia.com\/da\/wp-json\/wp\/v2\/product_brand?post=196292"},{"taxonomy":"product_cat","embeddable":true,"href":"https:\/\/aromasentia.com\/da\/wp-json\/wp\/v2\/product_cat?post=196292"},{"taxonomy":"product_tag","embeddable":true,"href":"https:\/\/aromasentia.com\/da\/wp-json\/wp\/v2\/product_tag?post=196292"}],"curies":[{"name":"wp","href":"https:\/\/api.w.org\/{rel}","templated":true}]}}