{"id":196289,"date":"2025-03-23T12:04:43","date_gmt":"2025-03-23T12:04:43","guid":{"rendered":"https:\/\/aromasentia.com\/product\/long-tray-30x20-5x2-5cm-hamsa-shape-with-buddha-black-engraved\/"},"modified":"2025-06-22T02:53:15","modified_gmt":"2025-06-22T02:53:15","slug":"lang-bakke-30x205x25cm-hamsa-form-med-buddha-sort-indgraveret","status":"publish","type":"product","link":"https:\/\/aromasentia.com\/da\/lang-bakke-30x205x25cm-hamsa-form-med-buddha-sort-indgraveret\/","title":{"rendered":"Lang Bakke 30X20,5X2,5cm &#8211; Hamsa-Form Med Buddha Sort Indgraveret"},"content":{"rendered":"<p>Fremvis dine ting med en blanding af beskyttende kunst og \u00e5ndelig ro p\u00e5 denne lange bakke med en sort indgraveret Hamsa-h\u00e5ndform med et Buddha-design. Den m\u00e5ler 30&#215;20,5&#215;2,5 cm og er perfekt til servering, organisering eller som et meningsfuldt dekorativt element.<\/p>\n","protected":false},"excerpt":{"rendered":"<p>Fremvis dine ting med en blanding af beskyttende kunst og \u00e5ndelig ro p\u00e5 denne lange bakke med en sort indgraveret Hamsa-h\u00e5ndform med et Buddha-design. Den m\u00e5ler 30&#215;20,5&#215;2,5 cm og er perfekt til servering, organisering eller som et meningsfuldt dekorativt element.<\/p>\n","protected":false},"featured_media":436631,"comment_status":"closed","ping_status":"open","template":"","meta":[],"product_brand":[],"product_cat":[5582,5583],"product_tag":[],"class_list":{"0":"post-196289","1":"product","2":"type-product","3":"status-publish","4":"has-post-thumbnail","6":"product_cat-gaveindpakning","7":"product_cat-gaveopbevaring-og-traeaesker","8":"pa_collection-handcrafted-wooden-boxes-trays--buddha-hamsa-collection-da","9":"pa_made-in-indien","11":"first","12":"instock","13":"purchasable","14":"product-type-simple"},"supplier_id":null,"supplier_sku":"ETBT-20","barcode":null,"atum_controlled":true,"out_stock_date":null,"out_stock_threshold":null,"inheritable":false,"inbound_stock":null,"stock_on_hold":0,"sold_today":0,"sales_last_days":0,"reserved_stock":null,"customer_returns":null,"warehouse_damage":null,"lost_in_post":null,"other_logs":null,"out_stock_days":0,"lost_sales":0,"has_location":null,"update_date":"2026-02-10T08:32:14","atum_locations":[],"atum_stock_status":"instock","restock_status":false,"low_stock_amount":"","sales_update_date":"2026-02-06T00:01:34","calc_backorders":null,"_links":{"self":[{"href":"https:\/\/aromasentia.com\/da\/wp-json\/wp\/v2\/product\/196289","targetHints":{"allow":["GET"]}}],"collection":[{"href":"https:\/\/aromasentia.com\/da\/wp-json\/wp\/v2\/product"}],"about":[{"href":"https:\/\/aromasentia.com\/da\/wp-json\/wp\/v2\/types\/product"}],"replies":[{"embeddable":true,"href":"https:\/\/aromasentia.com\/da\/wp-json\/wp\/v2\/comments?post=196289"}],"version-history":[{"count":0,"href":"https:\/\/aromasentia.com\/da\/wp-json\/wp\/v2\/product\/196289\/revisions"}],"wp:featuredmedia":[{"embeddable":true,"href":"https:\/\/aromasentia.com\/da\/wp-json\/wp\/v2\/media\/436631"}],"wp:attachment":[{"href":"https:\/\/aromasentia.com\/da\/wp-json\/wp\/v2\/media?parent=196289"}],"wp:term":[{"taxonomy":"product_brand","embeddable":true,"href":"https:\/\/aromasentia.com\/da\/wp-json\/wp\/v2\/product_brand?post=196289"},{"taxonomy":"product_cat","embeddable":true,"href":"https:\/\/aromasentia.com\/da\/wp-json\/wp\/v2\/product_cat?post=196289"},{"taxonomy":"product_tag","embeddable":true,"href":"https:\/\/aromasentia.com\/da\/wp-json\/wp\/v2\/product_tag?post=196289"}],"curies":[{"name":"wp","href":"https:\/\/api.w.org\/{rel}","templated":true}]}}