{"id":196280,"date":"2025-03-23T12:05:40","date_gmt":"2025-03-23T12:05:40","guid":{"rendered":"https:\/\/aromasentia.com\/product\/med-steel-tongue-happy-drums-om-mandala-engraved-22x15cm\/"},"modified":"2025-06-22T02:53:12","modified_gmt":"2025-06-22T02:53:12","slug":"med-steel-tongue-happy-drums-om-mandala-indgraveret-22x15cm","status":"publish","type":"product","link":"https:\/\/aromasentia.com\/da\/med-steel-tongue-happy-drums-om-mandala-indgraveret-22x15cm\/","title":{"rendered":"Med Steel Tongue Happy Drums Om Mandala Indgraveret &#8211; 22X15cm"},"content":{"rendered":"<p><span style=\"color: rgb(75, 80, 88);\">Introducer dine kunder til den beroligende og kreative verden af <strong>Steel Tongue Happy Drums i Om Mandala Engraved Design<\/strong>, en alsidig 8-tonet st\u00e5ltungetromme, der er perfekt til lydterapi, meditation og healingpraksis. Dette unikke instrument er ogs\u00e5 utrolig nemt at l\u00e6re og sjovt at spille p\u00e5 &#8211; ingen musikalsk baggrund er n\u00f8dvendig! Du skal blot begynde at jamme og udforske intuitive rytmer og rytmer, som alle kan nyde.<\/span><\/p>\n<p><span style=\"color: rgb(75, 80, 88);\">Hver tromme m\u00e5ler<strong>22 x 15 cm<\/strong> og leveres med et<strong>par tr\u00e6pinde<\/strong> og en robust b\u00e6retaske<\/strong>, hvilket g\u00f8r den <strong>b\u00e6rbar og ideel til b\u00e5de hjemmebrug og p\u00e5 farten.<\/strong><\/span><\/p>\n<p><span style=\"color: rgb(75, 80, 88);\">Steel Tongue Happy Drums er mere end blot et dekorativt stykke \u2013 det er et funktionelt v\u00e6rkt\u00f8j til afslapning, mindfulness og kreativ udfoldelse.<\/span><\/p>\n<p><span style=\"color: rgb(75, 80, 88);\">Tilbyd dine kunder et produkt af h\u00f8j kvalitet, der fremmer fred, kreativitet og velv\u00e6re, med Steel Tongue Happy Drums.<\/span><\/p>\n","protected":false},"excerpt":{"rendered":"<p>Introducer dine kunder til den beroligende og kreative verden af Steel Tongue Happy Drums i Om Mandala Engraved Design, en alsidig 8-tonet st\u00e5ltungetromme, der er perfekt til lydterapi, meditation og healingpraksis. Dette unikke instrument er ogs\u00e5 utrolig nemt at l\u00e6re og sjovt at spille p\u00e5 &#8211; ingen musikalsk baggrund er n\u00f8dvendig! Du skal blot begynde [&hellip;]<\/p>\n","protected":false},"featured_media":437008,"comment_status":"closed","ping_status":"open","template":"","meta":{"_angie_page":false},"product_brand":[],"product_cat":[5673,5571],"product_tag":[],"class_list":{"0":"post-196280","1":"product","2":"type-product","3":"status-publish","4":"has-post-thumbnail","6":"product_cat-musikinstrumenter","7":"product_cat-vintagegaver-og-souvenirs","8":"pa_collection-steel-tongue-happy-drums-da","9":"pa_made-in-indien","11":"first","12":"outofstock","13":"purchasable","14":"product-type-simple"},"supplier_id":null,"supplier_sku":"Hapi-13","barcode":null,"atum_controlled":true,"out_stock_date":"2025-09-04 23:52:32","out_stock_threshold":null,"inheritable":false,"inbound_stock":null,"stock_on_hold":0,"sold_today":0,"sales_last_days":0,"reserved_stock":null,"customer_returns":null,"warehouse_damage":null,"lost_in_post":null,"other_logs":null,"out_stock_days":0,"lost_sales":0,"has_location":null,"update_date":"2026-04-27T07:06:38","atum_locations":[],"atum_stock_status":"outofstock","restock_status":false,"low_stock_amount":"","sales_update_date":"2025-09-03T00:15:21","calc_backorders":null,"_links":{"self":[{"href":"https:\/\/aromasentia.com\/da\/wp-json\/wp\/v2\/product\/196280","targetHints":{"allow":["GET"]}}],"collection":[{"href":"https:\/\/aromasentia.com\/da\/wp-json\/wp\/v2\/product"}],"about":[{"href":"https:\/\/aromasentia.com\/da\/wp-json\/wp\/v2\/types\/product"}],"replies":[{"embeddable":true,"href":"https:\/\/aromasentia.com\/da\/wp-json\/wp\/v2\/comments?post=196280"}],"version-history":[{"count":0,"href":"https:\/\/aromasentia.com\/da\/wp-json\/wp\/v2\/product\/196280\/revisions"}],"wp:featuredmedia":[{"embeddable":true,"href":"https:\/\/aromasentia.com\/da\/wp-json\/wp\/v2\/media\/437008"}],"wp:attachment":[{"href":"https:\/\/aromasentia.com\/da\/wp-json\/wp\/v2\/media?parent=196280"}],"wp:term":[{"taxonomy":"product_brand","embeddable":true,"href":"https:\/\/aromasentia.com\/da\/wp-json\/wp\/v2\/product_brand?post=196280"},{"taxonomy":"product_cat","embeddable":true,"href":"https:\/\/aromasentia.com\/da\/wp-json\/wp\/v2\/product_cat?post=196280"},{"taxonomy":"product_tag","embeddable":true,"href":"https:\/\/aromasentia.com\/da\/wp-json\/wp\/v2\/product_tag?post=196280"}],"curies":[{"name":"wp","href":"https:\/\/api.w.org\/{rel}","templated":true}]}}