{"id":196262,"date":"2025-03-23T12:06:49","date_gmt":"2025-03-23T12:06:49","guid":{"rendered":"https:\/\/aromasentia.com\/product\/hati-hati-angel-magic-box-peace\/"},"modified":"2025-06-22T02:53:03","modified_gmt":"2025-06-22T02:53:03","slug":"hati-hati-engel-hemmelig-trae-kasse-fred","status":"publish","type":"product","link":"https:\/\/aromasentia.com\/da\/hati-hati-engel-hemmelig-trae-kasse-fred\/","title":{"rendered":"Hati-Hati Engel Hemmelig Tr\u00e6 Kasse &#8211; Fred"},"content":{"rendered":"<p><span style=\"color: rgb(75, 80, 88);\"><strong>Hati-Hati Englemagi\u00e6ske &#8211; Gl\u00e6de &#8211; 14 cm er h\u00e5ndsk\u00e5ret af b\u00e6redygtigt Suar-tr\u00e6 i indonesiske bjerglandsbyer.<\/strong>Dette h\u00e5rdttr\u00e6 har en rig tradition for at fremstille smukke og hellige genstande.<\/span><\/p>\n<p><span style=\"color: rgb(75, 80, 88);\">Disse engle g\u00e5r ud over indretning og formidler et dybt budskab. &#8220;Hati Hati&#8221;, indonesisk for &#8220;forsigtighed&#8221;, symboliserer livets fine balance. Hver engel holder et lille hjerte, en p\u00e5mindelse om at beskytte b\u00e5de vores hjerter og vores k\u00e6res hjerter.<\/span><\/p>\n<p><span style=\"color: rgb(75, 80, 88);\"><strong>Disse englefigurer kan prale af et skjult rum i deres hule kroppe,<\/strong> hvilket tilf\u00f8jer funktionalitet. Kunder kan trygt opbevare deres v\u00e6rdsatte souvenirs, smykker eller sm\u00e5 skatte.<\/span><\/p>\n<p><span style=\"color: rgb(75, 80, 88);\"><strong>Hati Hati Fredsenglen omfavner sindsro og ro og repr\u00e6senterer den ro og balance, vi alle s\u00f8ger i vores liv.<\/strong> Med et hjerte, der vugges blidt, legemligg\u00f8r denne engel vigtigheden af at finde indre fred og fremme harmoni i vores omgivelser. Dens beroligende farver og indviklede m\u00f8nstre skaber en aura af ro, hvilket g\u00f8r den til en bet\u00e6nksom gave til meditationsrum, wellnesscentre eller som en gestus af tr\u00f8st i udfordrende tider.<\/span><\/p>\n<p><span style=\"color: rgb(75, 80, 88);\"><strong>Placer den i dit hjem for at skabe en atmosf\u00e6re af sindsro og inspirere til \u00f8jeblikke med refleksion og indre fred.<\/strong><\/span><\/p>\n","protected":false},"excerpt":{"rendered":"<p>Hati-Hati Englemagi\u00e6ske &#8211; Gl\u00e6de &#8211; 14 cm er h\u00e5ndsk\u00e5ret af b\u00e6redygtigt Suar-tr\u00e6 i indonesiske bjerglandsbyer.Dette h\u00e5rdttr\u00e6 har en rig tradition for at fremstille smukke og hellige genstande. Disse engle g\u00e5r ud over indretning og formidler et dybt budskab. &#8220;Hati Hati&#8221;, indonesisk for &#8220;forsigtighed&#8221;, symboliserer livets fine balance. Hver engel holder et lille hjerte, en p\u00e5mindelse [&hellip;]<\/p>\n","protected":false},"featured_media":437448,"comment_status":"closed","ping_status":"open","template":"","meta":[],"product_brand":[],"product_cat":[5663,5571],"product_tag":[],"class_list":{"0":"post-196262","1":"product","2":"type-product","3":"status-publish","4":"has-post-thumbnail","6":"product_cat-samlefigurer","7":"product_cat-vintagegaver-og-souvenirs","8":"pa_collection-hati-hati-angels-da","9":"pa_made-in-indonesien","11":"first","12":"instock","13":"purchasable","14":"product-type-simple"},"supplier_id":null,"supplier_sku":"HatiA-22","barcode":null,"atum_controlled":true,"out_stock_date":null,"out_stock_threshold":null,"inheritable":false,"inbound_stock":null,"stock_on_hold":0,"sold_today":0,"sales_last_days":0,"reserved_stock":null,"customer_returns":null,"warehouse_damage":null,"lost_in_post":null,"other_logs":null,"out_stock_days":0,"lost_sales":0,"has_location":null,"update_date":"2026-01-30T01:26:35","atum_locations":[],"atum_stock_status":"instock","restock_status":false,"low_stock_amount":"","sales_update_date":"2026-01-30T01:26:35","calc_backorders":null,"_links":{"self":[{"href":"https:\/\/aromasentia.com\/da\/wp-json\/wp\/v2\/product\/196262","targetHints":{"allow":["GET"]}}],"collection":[{"href":"https:\/\/aromasentia.com\/da\/wp-json\/wp\/v2\/product"}],"about":[{"href":"https:\/\/aromasentia.com\/da\/wp-json\/wp\/v2\/types\/product"}],"replies":[{"embeddable":true,"href":"https:\/\/aromasentia.com\/da\/wp-json\/wp\/v2\/comments?post=196262"}],"version-history":[{"count":0,"href":"https:\/\/aromasentia.com\/da\/wp-json\/wp\/v2\/product\/196262\/revisions"}],"wp:featuredmedia":[{"embeddable":true,"href":"https:\/\/aromasentia.com\/da\/wp-json\/wp\/v2\/media\/437448"}],"wp:attachment":[{"href":"https:\/\/aromasentia.com\/da\/wp-json\/wp\/v2\/media?parent=196262"}],"wp:term":[{"taxonomy":"product_brand","embeddable":true,"href":"https:\/\/aromasentia.com\/da\/wp-json\/wp\/v2\/product_brand?post=196262"},{"taxonomy":"product_cat","embeddable":true,"href":"https:\/\/aromasentia.com\/da\/wp-json\/wp\/v2\/product_cat?post=196262"},{"taxonomy":"product_tag","embeddable":true,"href":"https:\/\/aromasentia.com\/da\/wp-json\/wp\/v2\/product_tag?post=196262"}],"curies":[{"name":"wp","href":"https:\/\/api.w.org\/{rel}","templated":true}]}}