{"id":196256,"date":"2025-03-23T12:06:49","date_gmt":"2025-03-23T12:06:49","guid":{"rendered":"https:\/\/aromasentia.com\/product\/new-hati-hati-angel-peace-20cm\/"},"modified":"2025-06-22T02:52:58","modified_gmt":"2025-06-22T02:52:58","slug":"ny-hati-hati-engel-fred-20-cm","status":"publish","type":"product","link":"https:\/\/aromasentia.com\/da\/ny-hati-hati-engel-fred-20-cm\/","title":{"rendered":"Ny Hati-Hati Engel &#8211; Fred &#8211; 20 cm"},"content":{"rendered":"<p><strong>Hati-Hati Engel &#8211; Fred &#8211; 20 cm<\/strong> er h\u00e5ndsk\u00e5ret i bjerglandsbyer af Suar-tr\u00e6, et b\u00e6redygtigt h\u00e5rdttr\u00e6. Dette tr\u00e6 bruges til at skabe smukke og ofte hellige billeder. Hati-Hati engle er smukke, kulturelle og omsorgsfulde gaver.<\/p>\n<p>Hver engel er omhyggeligt udsk\u00e5ret i h\u00e5nden, solt\u00f8rret, f\u00e6rdiggjort, poleret og malet af h\u00e5ndv\u00e6rkere i landdistrikter. Hat-hati er et almindeligt indonesisk ord, der betyder &#8220;pas p\u00e5 dig&#8221;. S\u00e5 disse engle er designet til at bringe k\u00e6rlighed og omsorg til alle, der holder dem. Hver engel leveres med et smukt informationskort.<\/p>\n","protected":false},"excerpt":{"rendered":"<p>Hati-Hati Engel &#8211; Fred &#8211; 20 cm er h\u00e5ndsk\u00e5ret i bjerglandsbyer af Suar-tr\u00e6, et b\u00e6redygtigt h\u00e5rdttr\u00e6. Dette tr\u00e6 bruges til at skabe smukke og ofte hellige billeder. Hati-Hati engle er smukke, kulturelle og omsorgsfulde gaver. Hver engel er omhyggeligt udsk\u00e5ret i h\u00e5nden, solt\u00f8rret, f\u00e6rdiggjort, poleret og malet af h\u00e5ndv\u00e6rkere i landdistrikter. Hat-hati er et almindeligt [&hellip;]<\/p>\n","protected":false},"featured_media":437290,"comment_status":"closed","ping_status":"open","template":"","meta":[],"product_brand":[],"product_cat":[5663,5571],"product_tag":[],"class_list":{"0":"post-196256","1":"product","2":"type-product","3":"status-publish","4":"has-post-thumbnail","6":"product_cat-samlefigurer","7":"product_cat-vintagegaver-og-souvenirs","8":"pa_collection-hati-hati-angels-da","9":"pa_made-in-indonesien","11":"first","12":"outofstock","13":"purchasable","14":"product-type-simple"},"supplier_id":null,"supplier_sku":"HatiA-16","barcode":null,"atum_controlled":true,"out_stock_date":"2025-12-17 11:26:14","out_stock_threshold":null,"inheritable":false,"inbound_stock":null,"stock_on_hold":0,"sold_today":0,"sales_last_days":0,"reserved_stock":null,"customer_returns":null,"warehouse_damage":null,"lost_in_post":null,"other_logs":null,"out_stock_days":50,"lost_sales":0,"has_location":null,"update_date":"2026-02-06T00:00:52","atum_locations":[],"atum_stock_status":"outofstock","restock_status":false,"low_stock_amount":"","sales_update_date":"2026-02-06T00:00:52","calc_backorders":null,"_links":{"self":[{"href":"https:\/\/aromasentia.com\/da\/wp-json\/wp\/v2\/product\/196256","targetHints":{"allow":["GET"]}}],"collection":[{"href":"https:\/\/aromasentia.com\/da\/wp-json\/wp\/v2\/product"}],"about":[{"href":"https:\/\/aromasentia.com\/da\/wp-json\/wp\/v2\/types\/product"}],"replies":[{"embeddable":true,"href":"https:\/\/aromasentia.com\/da\/wp-json\/wp\/v2\/comments?post=196256"}],"version-history":[{"count":0,"href":"https:\/\/aromasentia.com\/da\/wp-json\/wp\/v2\/product\/196256\/revisions"}],"wp:featuredmedia":[{"embeddable":true,"href":"https:\/\/aromasentia.com\/da\/wp-json\/wp\/v2\/media\/437290"}],"wp:attachment":[{"href":"https:\/\/aromasentia.com\/da\/wp-json\/wp\/v2\/media?parent=196256"}],"wp:term":[{"taxonomy":"product_brand","embeddable":true,"href":"https:\/\/aromasentia.com\/da\/wp-json\/wp\/v2\/product_brand?post=196256"},{"taxonomy":"product_cat","embeddable":true,"href":"https:\/\/aromasentia.com\/da\/wp-json\/wp\/v2\/product_cat?post=196256"},{"taxonomy":"product_tag","embeddable":true,"href":"https:\/\/aromasentia.com\/da\/wp-json\/wp\/v2\/product_tag?post=196256"}],"curies":[{"name":"wp","href":"https:\/\/api.w.org\/{rel}","templated":true}]}}