{"id":196254,"date":"2025-03-23T12:07:48","date_gmt":"2025-03-23T12:07:48","guid":{"rendered":"https:\/\/aromasentia.com\/product\/wooden-pill-box-9x5x4cm-carved-designs\/"},"modified":"2025-06-22T02:52:57","modified_gmt":"2025-06-22T02:52:57","slug":"pilleaeske-i-trae-9x5x4cm-udskaarne-motiver","status":"publish","type":"product","link":"https:\/\/aromasentia.com\/da\/pilleaeske-i-trae-9x5x4cm-udskaarne-motiver\/","title":{"rendered":"Pille\u00e6ske I Tr\u00e6 9X5X4cm &#8211; Udsk\u00e5rne motiver"},"content":{"rendered":"<p><span style=\"color: rgb(75, 80, 88);\">Hvert design er et miniature-kunstv\u00e6rk, der tilf\u00f8jer et personligt pr\u00e6g til de daglige rutiner. Disse \u00e6sker er praktiske og \u00e6stetiske, hvilket g\u00f8r dem til en profitabel og charmerende tilf\u00f8jelse til dit lager.<\/span><\/p>\n<p><span style=\"color: rgb(75, 80, 88);\">Disse alsidige \u00e6sker blander problemfrit funktionalitet med elegance og fungerer som perfekte opbevaringsl\u00f8sninger, uds\u00f8gte gaver eller i\u00f8jnefaldende tilf\u00f8jelser til detailudstillinger. Skr\u00e6ddersyet til at im\u00f8dekomme en r\u00e6kke forskellige behov,<\/span><\/p>\n<p><span style=\"color: rgb(75, 80, 88);\">Berig dine kunders oplevelser ved at inkorporere disse smukt udformede tr\u00e6kasser i dit inventar.<\/span><\/p>\n<p><span style=\"color: rgb(75, 80, 88);\"><strong>S\u00e6tdesign<\/strong> &#8211; Buddha, Blomst, Ohm, Hamsa, Vinranke<\/span><\/p>\n<p><span style=\"color: rgb(75, 80, 88);\"><strong>BEM\u00c6RK VENLIGST: Hvis du ikke v\u00e6lger et design, v\u00e6lger vi et til dig blandt de tilg\u00e6ngelige muligheder.<\/strong> <br \/><\/span><\/p>\n<p><span style=\"color: rgb(75, 80, 88);\">M\u00e5l: 9x5x4cm<\/span><\/p>\n","protected":false},"excerpt":{"rendered":"<p>Hvert design er et miniature-kunstv\u00e6rk, der tilf\u00f8jer et personligt pr\u00e6g til de daglige rutiner. Disse \u00e6sker er praktiske og \u00e6stetiske, hvilket g\u00f8r dem til en profitabel og charmerende tilf\u00f8jelse til dit lager. Disse alsidige \u00e6sker blander problemfrit funktionalitet med elegance og fungerer som perfekte opbevaringsl\u00f8sninger, uds\u00f8gte gaver eller i\u00f8jnefaldende tilf\u00f8jelser til detailudstillinger. Skr\u00e6ddersyet til at [&hellip;]<\/p>\n","protected":false},"featured_media":437790,"comment_status":"closed","ping_status":"open","template":"","meta":{"_angie_page":false},"product_brand":[],"product_cat":[5582,5583],"product_tag":[],"class_list":{"0":"post-196254","1":"product","2":"type-product","3":"status-publish","4":"has-post-thumbnail","6":"product_cat-gaveindpakning","7":"product_cat-gaveopbevaring-og-traeaesker","8":"pa_collection-hand-carved-wooden-boxes-da","9":"pa_made-in-indien","11":"first","12":"instock","13":"purchasable","14":"product-type-simple"},"supplier_id":null,"supplier_sku":"IMBox-01b","barcode":null,"atum_controlled":true,"out_stock_date":null,"out_stock_threshold":null,"inheritable":false,"inbound_stock":null,"stock_on_hold":0,"sold_today":0,"sales_last_days":0,"reserved_stock":null,"customer_returns":null,"warehouse_damage":null,"lost_in_post":null,"other_logs":null,"out_stock_days":0,"lost_sales":0,"has_location":null,"update_date":"2026-04-27T07:08:45","atum_locations":[],"atum_stock_status":"instock","restock_status":false,"low_stock_amount":"","sales_update_date":"2026-01-30T01:25:29","calc_backorders":null,"_links":{"self":[{"href":"https:\/\/aromasentia.com\/da\/wp-json\/wp\/v2\/product\/196254","targetHints":{"allow":["GET"]}}],"collection":[{"href":"https:\/\/aromasentia.com\/da\/wp-json\/wp\/v2\/product"}],"about":[{"href":"https:\/\/aromasentia.com\/da\/wp-json\/wp\/v2\/types\/product"}],"replies":[{"embeddable":true,"href":"https:\/\/aromasentia.com\/da\/wp-json\/wp\/v2\/comments?post=196254"}],"version-history":[{"count":0,"href":"https:\/\/aromasentia.com\/da\/wp-json\/wp\/v2\/product\/196254\/revisions"}],"wp:featuredmedia":[{"embeddable":true,"href":"https:\/\/aromasentia.com\/da\/wp-json\/wp\/v2\/media\/437790"}],"wp:attachment":[{"href":"https:\/\/aromasentia.com\/da\/wp-json\/wp\/v2\/media?parent=196254"}],"wp:term":[{"taxonomy":"product_brand","embeddable":true,"href":"https:\/\/aromasentia.com\/da\/wp-json\/wp\/v2\/product_brand?post=196254"},{"taxonomy":"product_cat","embeddable":true,"href":"https:\/\/aromasentia.com\/da\/wp-json\/wp\/v2\/product_cat?post=196254"},{"taxonomy":"product_tag","embeddable":true,"href":"https:\/\/aromasentia.com\/da\/wp-json\/wp\/v2\/product_tag?post=196254"}],"curies":[{"name":"wp","href":"https:\/\/api.w.org\/{rel}","templated":true}]}}