{"id":196248,"date":"2025-03-23T12:07:48","date_gmt":"2025-03-23T12:07:48","guid":{"rendered":"https:\/\/aromasentia.com\/product\/medium-wooden-keepsake-box-15x10x6cm-om\/"},"modified":"2025-06-22T02:52:55","modified_gmt":"2025-06-22T02:52:55","slug":"mellemstor-mindeaeske-i-trae-15x10x6cm-om","status":"publish","type":"product","link":"https:\/\/aromasentia.com\/da\/mellemstor-mindeaeske-i-trae-15x10x6cm-om\/","title":{"rendered":"Mellemstor minde\u00e6ske I Tr\u00e6 15X10X6cm &#8211; Om"},"content":{"rendered":"<p><span style=\"color: rgb(75, 80, 88);\"><strong>Forbedr dine gaver med det fredfyldte Om-symbol p\u00e5 denne mellemstore souvenir\u00e6ske i tr\u00e6.<\/strong><\/span><\/p>\n<p><span style=\"color: rgb(75, 80, 88);\">Alsidig og stilfuld repr\u00e6senterer den den kosmiske lyd, der forbinder al eksistens, hvilket g\u00f8r den til et ideelt valg for kunder, der s\u00f8ger spirituelle og elegante opbevaringsl\u00f8sninger.<\/span><\/p>\n<p><span style=\"color: rgb(75, 80, 88);\">Disse alsidige \u00e6sker blander problemfrit funktionalitet med elegance og fungerer som perfekte opbevaringsl\u00f8sninger, uds\u00f8gte gaver eller i\u00f8jnefaldende tilf\u00f8jelser til detailudstillinger. Skr\u00e6ddersyet til at im\u00f8dekomme en r\u00e6kke forskellige behov,<\/span><\/p>\n<p><span style=\"color: rgb(75, 80, 88);\">Berig dine kunders oplevelser ved at integrere disse smukt fremstillede tr\u00e6kasser i dit lager.<\/span><\/p>\n<p><span style=\"color: rgb(141, 186, 216);\"><strong>Bestil i dag for at tilf\u00f8je et strejf af raffinement til dit produktsortiment.<\/strong><\/span><\/p>\n<p><span style=\"color: rgb(75, 80, 88);\"><strong>M\u00e5l:<\/strong> 15x10x6cm<\/span><\/p>\n","protected":false},"excerpt":{"rendered":"<p>Forbedr dine gaver med det fredfyldte Om-symbol p\u00e5 denne mellemstore souvenir\u00e6ske i tr\u00e6. Alsidig og stilfuld repr\u00e6senterer den den kosmiske lyd, der forbinder al eksistens, hvilket g\u00f8r den til et ideelt valg for kunder, der s\u00f8ger spirituelle og elegante opbevaringsl\u00f8sninger. Disse alsidige \u00e6sker blander problemfrit funktionalitet med elegance og fungerer som perfekte opbevaringsl\u00f8sninger, uds\u00f8gte gaver [&hellip;]<\/p>\n","protected":false},"featured_media":437736,"comment_status":"closed","ping_status":"open","template":"","meta":{"_angie_page":false},"product_brand":[],"product_cat":[5582,5583],"product_tag":[],"class_list":{"0":"post-196248","1":"product","2":"type-product","3":"status-publish","4":"has-post-thumbnail","6":"product_cat-gaveindpakning","7":"product_cat-gaveopbevaring-og-traeaesker","8":"pa_collection-hand-carved-wooden-boxes-da","9":"pa_made-in-indien","11":"first","12":"instock","13":"purchasable","14":"product-type-simple"},"supplier_id":null,"supplier_sku":"IMBox-08","barcode":null,"atum_controlled":true,"out_stock_date":null,"out_stock_threshold":null,"inheritable":false,"inbound_stock":null,"stock_on_hold":0,"sold_today":0,"sales_last_days":0,"reserved_stock":null,"customer_returns":null,"warehouse_damage":null,"lost_in_post":null,"other_logs":null,"out_stock_days":0,"lost_sales":0,"has_location":null,"update_date":"2026-04-30T13:09:04","atum_locations":[],"atum_stock_status":"instock","restock_status":false,"low_stock_amount":"","sales_update_date":"2026-02-06T00:01:35","calc_backorders":null,"_links":{"self":[{"href":"https:\/\/aromasentia.com\/da\/wp-json\/wp\/v2\/product\/196248","targetHints":{"allow":["GET"]}}],"collection":[{"href":"https:\/\/aromasentia.com\/da\/wp-json\/wp\/v2\/product"}],"about":[{"href":"https:\/\/aromasentia.com\/da\/wp-json\/wp\/v2\/types\/product"}],"replies":[{"embeddable":true,"href":"https:\/\/aromasentia.com\/da\/wp-json\/wp\/v2\/comments?post=196248"}],"version-history":[{"count":0,"href":"https:\/\/aromasentia.com\/da\/wp-json\/wp\/v2\/product\/196248\/revisions"}],"wp:featuredmedia":[{"embeddable":true,"href":"https:\/\/aromasentia.com\/da\/wp-json\/wp\/v2\/media\/437736"}],"wp:attachment":[{"href":"https:\/\/aromasentia.com\/da\/wp-json\/wp\/v2\/media?parent=196248"}],"wp:term":[{"taxonomy":"product_brand","embeddable":true,"href":"https:\/\/aromasentia.com\/da\/wp-json\/wp\/v2\/product_brand?post=196248"},{"taxonomy":"product_cat","embeddable":true,"href":"https:\/\/aromasentia.com\/da\/wp-json\/wp\/v2\/product_cat?post=196248"},{"taxonomy":"product_tag","embeddable":true,"href":"https:\/\/aromasentia.com\/da\/wp-json\/wp\/v2\/product_tag?post=196248"}],"curies":[{"name":"wp","href":"https:\/\/api.w.org\/{rel}","templated":true}]}}