{"id":196247,"date":"2025-03-23T12:07:48","date_gmt":"2025-03-23T12:07:48","guid":{"rendered":"https:\/\/aromasentia.com\/product\/medium-wooden-keepsake-box-15x10x6cm-tree-of-life\/"},"modified":"2025-06-22T02:52:54","modified_gmt":"2025-06-22T02:52:54","slug":"mellemstor-opbevaringsboks-i-trae-15x10x6cm-livets-trae","status":"publish","type":"product","link":"https:\/\/aromasentia.com\/da\/mellemstor-opbevaringsboks-i-trae-15x10x6cm-livets-trae\/","title":{"rendered":"Mellemstor Opbevaringsboks I Tr\u00e6 15X10X6cm &#8211; Livets Tr\u00e6"},"content":{"rendered":"<p><strong>Forbedr dine opbevaringsl\u00f8sninger med denne mellemstore souvenir\u00e6ske i tr\u00e6 med Livets Tr\u00e6.<\/strong><\/p>\n<p>Denne \u00e6ske symboliserer v\u00e6kst og harmoni og er en unik blanding af funktionalitet og meningsfuldt design, perfekt til at forbedre dit produktsortiment.<\/p>\n<p><span style=\"color: rgb(75, 80, 88);\">Disse alsidige \u00e6sker blander problemfrit funktionalitet med elegance og fungerer som perfekte opbevaringsl\u00f8sninger, uds\u00f8gte gaver eller i\u00f8jnefaldende tilf\u00f8jelser til detailhandelens displays. Skr\u00e6ddersyet til at im\u00f8dekomme en r\u00e6kke forskellige behov,<\/span><\/p>\n<p><span style=\"color: rgb(75, 80, 88);\">Berig dine kunders oplevelser ved at integrere disse smukt fremstillede tr\u00e6kasser i dit lager.<\/span><\/p>\n<p><span style=\"color: rgb(141, 186, 216);\"><strong>Bestil i dag for at tilf\u00f8je et strejf af raffinement til dit produktsortiment.<\/strong><\/span><\/p>\n<p><span style=\"color: rgb(75, 80, 88);\"><strong>M\u00e5l:<\/strong>15x10x6cm<\/span><\/p>\n","protected":false},"excerpt":{"rendered":"<p>Forbedr dine opbevaringsl\u00f8sninger med denne mellemstore souvenir\u00e6ske i tr\u00e6 med Livets Tr\u00e6. Denne \u00e6ske symboliserer v\u00e6kst og harmoni og er en unik blanding af funktionalitet og meningsfuldt design, perfekt til at forbedre dit produktsortiment. Disse alsidige \u00e6sker blander problemfrit funktionalitet med elegance og fungerer som perfekte opbevaringsl\u00f8sninger, uds\u00f8gte gaver eller i\u00f8jnefaldende tilf\u00f8jelser til detailhandelens displays. [&hellip;]<\/p>\n","protected":false},"featured_media":437727,"comment_status":"closed","ping_status":"open","template":"","meta":[],"product_brand":[],"product_cat":[5582,5583],"product_tag":[],"class_list":{"0":"post-196247","1":"product","2":"type-product","3":"status-publish","4":"has-post-thumbnail","6":"product_cat-gaveindpakning","7":"product_cat-gaveopbevaring-og-traeaesker","8":"pa_collection-hand-carved-wooden-boxes-da","9":"pa_made-in-indien","11":"first","12":"instock","13":"purchasable","14":"product-type-simple"},"supplier_id":null,"supplier_sku":"IMBox-07","barcode":null,"atum_controlled":true,"out_stock_date":null,"out_stock_threshold":null,"inheritable":false,"inbound_stock":null,"stock_on_hold":0,"sold_today":0,"sales_last_days":0,"reserved_stock":null,"customer_returns":null,"warehouse_damage":null,"lost_in_post":null,"other_logs":null,"out_stock_days":0,"lost_sales":0,"has_location":null,"update_date":"2026-02-10T16:29:57","atum_locations":[],"atum_stock_status":"instock","restock_status":false,"low_stock_amount":"","sales_update_date":"2025-09-03T00:15:15","calc_backorders":null,"_links":{"self":[{"href":"https:\/\/aromasentia.com\/da\/wp-json\/wp\/v2\/product\/196247","targetHints":{"allow":["GET"]}}],"collection":[{"href":"https:\/\/aromasentia.com\/da\/wp-json\/wp\/v2\/product"}],"about":[{"href":"https:\/\/aromasentia.com\/da\/wp-json\/wp\/v2\/types\/product"}],"replies":[{"embeddable":true,"href":"https:\/\/aromasentia.com\/da\/wp-json\/wp\/v2\/comments?post=196247"}],"version-history":[{"count":0,"href":"https:\/\/aromasentia.com\/da\/wp-json\/wp\/v2\/product\/196247\/revisions"}],"wp:featuredmedia":[{"embeddable":true,"href":"https:\/\/aromasentia.com\/da\/wp-json\/wp\/v2\/media\/437727"}],"wp:attachment":[{"href":"https:\/\/aromasentia.com\/da\/wp-json\/wp\/v2\/media?parent=196247"}],"wp:term":[{"taxonomy":"product_brand","embeddable":true,"href":"https:\/\/aromasentia.com\/da\/wp-json\/wp\/v2\/product_brand?post=196247"},{"taxonomy":"product_cat","embeddable":true,"href":"https:\/\/aromasentia.com\/da\/wp-json\/wp\/v2\/product_cat?post=196247"},{"taxonomy":"product_tag","embeddable":true,"href":"https:\/\/aromasentia.com\/da\/wp-json\/wp\/v2\/product_tag?post=196247"}],"curies":[{"name":"wp","href":"https:\/\/api.w.org\/{rel}","templated":true}]}}