{"id":196241,"date":"2025-03-23T12:07:48","date_gmt":"2025-03-23T12:07:48","guid":{"rendered":"https:\/\/aromasentia.com\/product\/big-square-trinket-tray-15x15x2-5cm-hop-hare-2\/"},"modified":"2025-06-22T02:52:52","modified_gmt":"2025-06-22T02:52:52","slug":"stor-firkantet-pyntebakke-15x15x25cm-hop-hare","status":"publish","type":"product","link":"https:\/\/aromasentia.com\/da\/stor-firkantet-pyntebakke-15x15x25cm-hop-hare\/","title":{"rendered":"Stor Firkantet Pyntebakke 15X15X2,5cm &#8211; Hop Hare"},"content":{"rendered":"<p>Fremvis dine sm\u00e5 skatte med et strejf af naturinspireret stil p\u00e5 denne store firkantede emaljerede bakke med et charmerende Hop Hare-design. Den m\u00e5ler 15x15x2,5 cm og er perfekt til din kommode eller dit sofabord.<\/p>\n","protected":false},"excerpt":{"rendered":"<p>Fremvis dine sm\u00e5 skatte med et strejf af naturinspireret stil p\u00e5 denne store firkantede emaljerede bakke med et charmerende Hop Hare-design. Den m\u00e5ler 15x15x2,5 cm og er perfekt til din kommode eller dit sofabord.<\/p>\n","protected":false},"featured_media":643560,"comment_status":"closed","ping_status":"open","template":"","meta":{"_angie_page":false},"product_brand":[27111],"product_cat":[5582,5583],"product_tag":[],"class_list":{"0":"post-196241","1":"product","2":"type-product","3":"status-publish","4":"has-post-thumbnail","6":"product_brand-hop-hare","7":"product_cat-gaveindpakning","8":"product_cat-gaveopbevaring-og-traeaesker","9":"pa_collection-enamelled-wooden-trays-and-boxes-da","10":"pa_made-in-indien","12":"first","13":"instock","14":"purchasable","15":"product-type-simple"},"supplier_id":null,"supplier_sku":"HHENBT-08","barcode":null,"atum_controlled":true,"out_stock_date":null,"out_stock_threshold":null,"inheritable":false,"inbound_stock":null,"stock_on_hold":0,"sold_today":0,"sales_last_days":0,"reserved_stock":null,"customer_returns":null,"warehouse_damage":null,"lost_in_post":null,"other_logs":null,"out_stock_days":0,"lost_sales":0,"has_location":null,"update_date":"2026-04-27T07:07:19","atum_locations":[],"atum_stock_status":"instock","restock_status":false,"low_stock_amount":"","sales_update_date":"2026-01-20T05:13:56","calc_backorders":null,"_links":{"self":[{"href":"https:\/\/aromasentia.com\/da\/wp-json\/wp\/v2\/product\/196241","targetHints":{"allow":["GET"]}}],"collection":[{"href":"https:\/\/aromasentia.com\/da\/wp-json\/wp\/v2\/product"}],"about":[{"href":"https:\/\/aromasentia.com\/da\/wp-json\/wp\/v2\/types\/product"}],"replies":[{"embeddable":true,"href":"https:\/\/aromasentia.com\/da\/wp-json\/wp\/v2\/comments?post=196241"}],"version-history":[{"count":0,"href":"https:\/\/aromasentia.com\/da\/wp-json\/wp\/v2\/product\/196241\/revisions"}],"wp:featuredmedia":[{"embeddable":true,"href":"https:\/\/aromasentia.com\/da\/wp-json\/wp\/v2\/media\/643560"}],"wp:attachment":[{"href":"https:\/\/aromasentia.com\/da\/wp-json\/wp\/v2\/media?parent=196241"}],"wp:term":[{"taxonomy":"product_brand","embeddable":true,"href":"https:\/\/aromasentia.com\/da\/wp-json\/wp\/v2\/product_brand?post=196241"},{"taxonomy":"product_cat","embeddable":true,"href":"https:\/\/aromasentia.com\/da\/wp-json\/wp\/v2\/product_cat?post=196241"},{"taxonomy":"product_tag","embeddable":true,"href":"https:\/\/aromasentia.com\/da\/wp-json\/wp\/v2\/product_tag?post=196241"}],"curies":[{"name":"wp","href":"https:\/\/api.w.org\/{rel}","templated":true}]}}