{"id":196235,"date":"2025-03-23T12:08:32","date_gmt":"2025-03-23T12:08:32","guid":{"rendered":"https:\/\/aromasentia.com\/product\/leather-lapis-notebook-17x12-cm\/"},"modified":"2025-06-22T02:52:47","modified_gmt":"2025-06-22T02:52:47","slug":"lapis-notesbog-i-laeder-17x12-cm","status":"publish","type":"product","link":"https:\/\/aromasentia.com\/da\/lapis-notesbog-i-laeder-17x12-cm\/","title":{"rendered":"Lapis Notesbog I L\u00e6der 17X12 cm"},"content":{"rendered":"<p><span style=\"color: rgb(75, 80, 88);\"><strong>Leather Lapis notesbog 17&#215;12 cm <\/strong>er notesb\u00f8ger med l\u00e6deromslag. Den perfekte gave til mange lejligheder. Bring lidt &#8220;Game of Thrones&#8221;-magi ind i din butik. Detaljer inkluderer sp\u00e6nder, metall\u00e5se, omsluttende remme og br\u00e6ndte kanter (se nr. 06). Hver notesbog har sin egen unikke stil og form\u00e5l. F.eks. verdenskortdesignet til en rejsedagbog. B\u00f8gerne kan bruges som notesb\u00f8ger, dagb\u00f8ger eller skitseb\u00f8ger.<\/span><\/p>\n<p><span style=\"color: rgb(75, 80, 88);\"><em>\u2714 Popul\u00e6r gave til at blive voksen<\/em><\/span><\/p>\n<p><em><span style=\"color: rgb(75, 80, 88);\">\u2714 Flot udstilling i butikken &#8211; hurtigt salg<\/span><\/em><\/p>\n<p><span style=\"color: rgb(75, 80, 88);\"><em>\u2714 Store b\u00f8ger p\u00e5 200 sider &#8211; lavet med milj\u00f8venligt papir<\/em><\/span><\/p>\n","protected":false},"excerpt":{"rendered":"<p>Leather Lapis notesbog 17&#215;12 cm er notesb\u00f8ger med l\u00e6deromslag. Den perfekte gave til mange lejligheder. Bring lidt &#8220;Game of Thrones&#8221;-magi ind i din butik. Detaljer inkluderer sp\u00e6nder, metall\u00e5se, omsluttende remme og br\u00e6ndte kanter (se nr. 06). Hver notesbog har sin egen unikke stil og form\u00e5l. F.eks. verdenskortdesignet til en rejsedagbog. B\u00f8gerne kan bruges som notesb\u00f8ger, [&hellip;]<\/p>\n","protected":false},"featured_media":438589,"comment_status":"closed","ping_status":"open","template":"","meta":[],"product_brand":[],"product_cat":[25222,25656,5576,5571],"product_tag":[],"class_list":{"0":"post-196235","1":"product","2":"type-product","3":"status-publish","4":"has-post-thumbnail","6":"product_cat-krystaller-og-sten","7":"product_cat-lapis-lazuli","8":"product_cat-notesboger","9":"product_cat-vintagegaver-og-souvenirs","10":"pa_collection-leather-notebooks-diaries-da","11":"pa_made-in-indien","13":"first","14":"instock","15":"purchasable","16":"product-type-simple"},"supplier_id":null,"supplier_sku":"LBN-15","barcode":null,"atum_controlled":true,"out_stock_date":null,"out_stock_threshold":null,"inheritable":false,"inbound_stock":null,"stock_on_hold":0,"sold_today":0,"sales_last_days":0,"reserved_stock":null,"customer_returns":null,"warehouse_damage":null,"lost_in_post":null,"other_logs":null,"out_stock_days":0,"lost_sales":0,"has_location":null,"update_date":"2026-02-10T10:27:24","atum_locations":[],"atum_stock_status":"instock","restock_status":false,"low_stock_amount":"","sales_update_date":"2025-09-03T00:15:12","calc_backorders":null,"_links":{"self":[{"href":"https:\/\/aromasentia.com\/da\/wp-json\/wp\/v2\/product\/196235","targetHints":{"allow":["GET"]}}],"collection":[{"href":"https:\/\/aromasentia.com\/da\/wp-json\/wp\/v2\/product"}],"about":[{"href":"https:\/\/aromasentia.com\/da\/wp-json\/wp\/v2\/types\/product"}],"replies":[{"embeddable":true,"href":"https:\/\/aromasentia.com\/da\/wp-json\/wp\/v2\/comments?post=196235"}],"version-history":[{"count":0,"href":"https:\/\/aromasentia.com\/da\/wp-json\/wp\/v2\/product\/196235\/revisions"}],"wp:featuredmedia":[{"embeddable":true,"href":"https:\/\/aromasentia.com\/da\/wp-json\/wp\/v2\/media\/438589"}],"wp:attachment":[{"href":"https:\/\/aromasentia.com\/da\/wp-json\/wp\/v2\/media?parent=196235"}],"wp:term":[{"taxonomy":"product_brand","embeddable":true,"href":"https:\/\/aromasentia.com\/da\/wp-json\/wp\/v2\/product_brand?post=196235"},{"taxonomy":"product_cat","embeddable":true,"href":"https:\/\/aromasentia.com\/da\/wp-json\/wp\/v2\/product_cat?post=196235"},{"taxonomy":"product_tag","embeddable":true,"href":"https:\/\/aromasentia.com\/da\/wp-json\/wp\/v2\/product_tag?post=196235"}],"curies":[{"name":"wp","href":"https:\/\/api.w.org\/{rel}","templated":true}]}}