{"id":196231,"date":"2025-03-23T12:08:32","date_gmt":"2025-03-23T12:08:32","guid":{"rendered":"https:\/\/aromasentia.com\/product\/leather-chakra-stone-notebook-22-5x15cm\/"},"modified":"2025-06-22T02:52:46","modified_gmt":"2025-06-22T02:52:46","slug":"chakra-stone-notebook-i-laeder-225x15-cm","status":"publish","type":"product","link":"https:\/\/aromasentia.com\/da\/chakra-stone-notebook-i-laeder-225x15-cm\/","title":{"rendered":"Chakra Stone Notebook I L\u00e6der (22,5X15 cm)"},"content":{"rendered":"<p><span style=\"color: rgb(75, 80, 88);\">L\u00e6der Chakra Stone Notesbog (22,5x15cm)<\/strong>. Den perfekte gave til mange lejligheder. Bring lidt &#8220;Game of Thrones&#8221;-magi ind i din butik. Detaljer inkluderer sp\u00e6nder, metalsp\u00e6nder, wrap-a-round remme, br\u00e6ndte kanter (se nr. 06). Hver notesbog har sin egen unikke stil og form\u00e5l. F.eks. verdenskortdesign til en rejsedagbog. B\u00f8gerne kan bruges som notesb\u00f8ger, dagb\u00f8ger eller skitseb\u00f8ger.<\/span><\/p>\n<p><span style=\"color: rgb(75, 80, 88);\"><em>\u2714 Popul\u00e6r gave til at blive voksen<\/em><\/span><\/p>\n<p><em><span style=\"color: rgb(75, 80, 88);\">\u2714 Flot udstilling i butikken &#8211; hurtigt salg<\/span><\/em><\/p>\n<p><span style=\"color: rgb(75, 80, 88);\"><em>\u2714 Store b\u00f8ger p\u00e5 200 sider &#8211; lavet med milj\u00f8venligt papir<\/em><\/span><\/p>\n","protected":false},"excerpt":{"rendered":"<p>L\u00e6der Chakra Stone Notesbog (22,5x15cm). Den perfekte gave til mange lejligheder. Bring lidt &#8220;Game of Thrones&#8221;-magi ind i din butik. Detaljer inkluderer sp\u00e6nder, metalsp\u00e6nder, wrap-a-round remme, br\u00e6ndte kanter (se nr. 06). Hver notesbog har sin egen unikke stil og form\u00e5l. F.eks. verdenskortdesign til en rejsedagbog. B\u00f8gerne kan bruges som notesb\u00f8ger, dagb\u00f8ger eller skitseb\u00f8ger. \u2714 Popul\u00e6r [&hellip;]<\/p>\n","protected":false},"featured_media":438489,"comment_status":"closed","ping_status":"open","template":"","meta":[],"product_brand":[],"product_cat":[5576,5571],"product_tag":[],"class_list":{"0":"post-196231","1":"product","2":"type-product","3":"status-publish","4":"has-post-thumbnail","6":"product_cat-notesboger","7":"product_cat-vintagegaver-og-souvenirs","8":"pa_collection-leather-notebooks-diaries-da","9":"pa_made-in-indien","11":"first","12":"instock","13":"purchasable","14":"product-type-simple"},"supplier_id":null,"supplier_sku":"LBN-11","barcode":null,"atum_controlled":true,"out_stock_date":null,"out_stock_threshold":null,"inheritable":false,"inbound_stock":null,"stock_on_hold":0,"sold_today":0,"sales_last_days":0,"reserved_stock":null,"customer_returns":null,"warehouse_damage":null,"lost_in_post":null,"other_logs":null,"out_stock_days":0,"lost_sales":0,"has_location":null,"update_date":"2026-02-10T03:21:26","atum_locations":[],"atum_stock_status":"instock","restock_status":false,"low_stock_amount":"","sales_update_date":"2026-01-30T01:24:36","calc_backorders":null,"_links":{"self":[{"href":"https:\/\/aromasentia.com\/da\/wp-json\/wp\/v2\/product\/196231","targetHints":{"allow":["GET"]}}],"collection":[{"href":"https:\/\/aromasentia.com\/da\/wp-json\/wp\/v2\/product"}],"about":[{"href":"https:\/\/aromasentia.com\/da\/wp-json\/wp\/v2\/types\/product"}],"replies":[{"embeddable":true,"href":"https:\/\/aromasentia.com\/da\/wp-json\/wp\/v2\/comments?post=196231"}],"version-history":[{"count":0,"href":"https:\/\/aromasentia.com\/da\/wp-json\/wp\/v2\/product\/196231\/revisions"}],"wp:featuredmedia":[{"embeddable":true,"href":"https:\/\/aromasentia.com\/da\/wp-json\/wp\/v2\/media\/438489"}],"wp:attachment":[{"href":"https:\/\/aromasentia.com\/da\/wp-json\/wp\/v2\/media?parent=196231"}],"wp:term":[{"taxonomy":"product_brand","embeddable":true,"href":"https:\/\/aromasentia.com\/da\/wp-json\/wp\/v2\/product_brand?post=196231"},{"taxonomy":"product_cat","embeddable":true,"href":"https:\/\/aromasentia.com\/da\/wp-json\/wp\/v2\/product_cat?post=196231"},{"taxonomy":"product_tag","embeddable":true,"href":"https:\/\/aromasentia.com\/da\/wp-json\/wp\/v2\/product_tag?post=196231"}],"curies":[{"name":"wp","href":"https:\/\/api.w.org\/{rel}","templated":true}]}}