{"id":196230,"date":"2025-03-23T12:08:32","date_gmt":"2025-03-23T12:08:32","guid":{"rendered":"https:\/\/aromasentia.com\/product\/mini-assorted-leather-notebook-10x7-5-cm-1-piece\/"},"modified":"2025-06-22T02:52:45","modified_gmt":"2025-06-22T02:52:45","slug":"mini-assorted-leather-notebook-10x75-cm-1-stk","status":"publish","type":"product","link":"https:\/\/aromasentia.com\/da\/mini-assorted-leather-notebook-10x75-cm-1-stk\/","title":{"rendered":"Mini Assorted Leather Notebook (10X7,5 cm) &#8211; 1 Stk."},"content":{"rendered":"<p><span style=\"color: rgb(75, 80, 88);\"><strong>H\u00e5ndlavet &nbsp;Mini assorteret l\u00e6dernotesbog&nbsp;<\/strong><\/span><strong><span style=\"color: rgb(75, 80, 88);\">(10&#215;7,5 cm)<\/span>&nbsp;<\/strong><span style=\"color: rgb(75, 80, 88);\">. Smukke dekorationer p\u00e5 omslaget tilf\u00f8jer charme og giver hver notesbog sin egen unikke stil.&nbsp;<\/span><\/p>\n<p><span style=\"color: rgb(75, 80, 88);\">Produktet kan bruges som notesbog, dagbog eller skitseblok. Den er nem at b\u00e6re, og du kan tage den med i din taske, n\u00e5r du rejser eller er p\u00e5 forretningsrejse. Den kan bruges som dagbog og til at nedskrive dine id\u00e9er n\u00e5r som helst.<\/span><\/p>\n<p><span style=\"color: rgb(75, 80, 88);\">Perfekt gave til enhver lejlighed, den vil gl\u00e6de alle, der kan lide at rejse, skrive eller tegne.<\/span><\/p>\n<p><span style=\"color: rgb(75, 80, 88);\"><strong>St\u00f8rrelse p\u00e5 notesbogen:<\/strong><\/span><\/p>\n<p>Bredde 7,5 cm, H\u00f8jde 10 cm<\/p>\n<p>Notesbog med 100 sider<\/p>\n","protected":false},"excerpt":{"rendered":"<p>H\u00e5ndlavet &nbsp;Mini assorteret l\u00e6dernotesbog&nbsp;(10&#215;7,5 cm)&nbsp;. Smukke dekorationer p\u00e5 omslaget tilf\u00f8jer charme og giver hver notesbog sin egen unikke stil.&nbsp; Produktet kan bruges som notesbog, dagbog eller skitseblok. Den er nem at b\u00e6re, og du kan tage den med i din taske, n\u00e5r du rejser eller er p\u00e5 forretningsrejse. Den kan bruges som dagbog og til [&hellip;]<\/p>\n","protected":false},"featured_media":438432,"comment_status":"closed","ping_status":"open","template":"","meta":[],"product_brand":[],"product_cat":[5576,5571],"product_tag":[],"class_list":{"0":"post-196230","1":"product","2":"type-product","3":"status-publish","4":"has-post-thumbnail","6":"product_cat-notesboger","7":"product_cat-vintagegaver-og-souvenirs","8":"pa_collection-leather-notebooks-diaries-da","9":"pa_made-in-indien","11":"first","12":"instock","13":"purchasable","14":"product-type-simple"},"supplier_id":null,"supplier_sku":"LBN-10","barcode":null,"atum_controlled":true,"out_stock_date":null,"out_stock_threshold":null,"inheritable":false,"inbound_stock":null,"stock_on_hold":0,"sold_today":0,"sales_last_days":0,"reserved_stock":null,"customer_returns":null,"warehouse_damage":null,"lost_in_post":null,"other_logs":null,"out_stock_days":0,"lost_sales":0,"has_location":null,"update_date":"2026-02-11T03:24:46","atum_locations":[],"atum_stock_status":"instock","restock_status":false,"low_stock_amount":"","sales_update_date":"2026-02-06T00:02:27","calc_backorders":null,"_links":{"self":[{"href":"https:\/\/aromasentia.com\/da\/wp-json\/wp\/v2\/product\/196230","targetHints":{"allow":["GET"]}}],"collection":[{"href":"https:\/\/aromasentia.com\/da\/wp-json\/wp\/v2\/product"}],"about":[{"href":"https:\/\/aromasentia.com\/da\/wp-json\/wp\/v2\/types\/product"}],"replies":[{"embeddable":true,"href":"https:\/\/aromasentia.com\/da\/wp-json\/wp\/v2\/comments?post=196230"}],"version-history":[{"count":0,"href":"https:\/\/aromasentia.com\/da\/wp-json\/wp\/v2\/product\/196230\/revisions"}],"wp:featuredmedia":[{"embeddable":true,"href":"https:\/\/aromasentia.com\/da\/wp-json\/wp\/v2\/media\/438432"}],"wp:attachment":[{"href":"https:\/\/aromasentia.com\/da\/wp-json\/wp\/v2\/media?parent=196230"}],"wp:term":[{"taxonomy":"product_brand","embeddable":true,"href":"https:\/\/aromasentia.com\/da\/wp-json\/wp\/v2\/product_brand?post=196230"},{"taxonomy":"product_cat","embeddable":true,"href":"https:\/\/aromasentia.com\/da\/wp-json\/wp\/v2\/product_cat?post=196230"},{"taxonomy":"product_tag","embeddable":true,"href":"https:\/\/aromasentia.com\/da\/wp-json\/wp\/v2\/product_tag?post=196230"}],"curies":[{"name":"wp","href":"https:\/\/api.w.org\/{rel}","templated":true}]}}